{"id":12932,"date":"2025-06-22T04:43:40","date_gmt":"2025-06-22T04:43:40","guid":{"rendered":"https:\/\/www.cfaebooks.com\/?post_type=product&#038;p=12932"},"modified":"2026-04-03T08:04:58","modified_gmt":"2026-04-03T08:04:58","slug":"banco-de-preguntas-caia-2025-uppermark-nivel-2","status":"publish","type":"product","link":"https:\/\/www.cfaebooks.com\/es\/products\/banco-de-preguntas-caia-2025-uppermark-nivel-2\/","title":{"rendered":"CAIA 2025 UpperMark Banco de preguntas Nivel 1"},"content":{"rendered":"<p>Para la venta es un e-Libro 2025 CAIA UpperMark Banco de Preguntas Nivel 1.<\/p>\n\n\n\n<p><strong>El banco de pruebas incluye m\u00e1s de 2.000 preguntas con respuestas detalladas.<\/strong><\/p>\n\n\n\n<p><strong>Tema tratado:<\/strong><\/p>\n\n\n\n<ul class=\"wp-block-list\">\n<li>Tema 1 Normas profesionales y \u00e9tica<\/li>\n\n\n\n<li>Tema 2 Introducci\u00f3n a las inversiones alternativas<\/li>\n\n\n\n<li>Tema 3 Bienes inmuebles<\/li>\n\n\n\n<li>Tema 4 Capital riesgo<\/li>\n\n\n\n<li>Tema 5 Deuda privada<\/li>\n\n\n\n<li>Tema 6 Fondos de alto riesgo<\/li>\n\n\n\n<li>Tema 7 Activos digitales<\/li>\n\n\n\n<li>Tema 8 Estrategias adicionales<\/li>\n<\/ul>\n\n\n\n<p>Este no es un libro f\u00edsico, es una copia digital en PDF. Por favor, no lo compre si desea una copia f\u00edsica. Despu\u00e9s de la compra se puede descargar el libro electr\u00f3nico al instante.<\/p>","protected":false},"excerpt":{"rendered":"<p>For sale is an e-Book 2025 CAIA UpperMark Question Bank Level 1. The test bank includes over 2,000 questions with detailed answers. Topic covered: This is not a physical book it is a&nbsp;PDF&nbsp;digital copy. Please do not purchase if you want a physical hard copy. After checkout you can download the e-Book instantly.<\/p>","protected":false},"featured_media":12933,"comment_status":"closed","ping_status":"closed","template":"","meta":[],"product_brand":[],"product_cat":[317],"product_tag":[247,319,251,250,248,246,252,330,331,249],"class_list":{"0":"post-12932","1":"product","2":"type-product","3":"status-publish","4":"has-post-thumbnail","6":"product_cat-caia-level-1","7":"product_tag-caia","8":"product_tag-caia-2025","9":"product_tag-caia-books","10":"product_tag-caia-ebooks","11":"product_tag-caia-exam","12":"product_tag-caia-level-i","13":"product_tag-caia-prep","14":"product_tag-caia-qbank","15":"product_tag-caia-question-bank","16":"product_tag-caia-test","18":"first","19":"instock","20":"downloadable","21":"virtual","22":"sold-individually","23":"purchasable","24":"product-type-simple"},"_links":{"self":[{"href":"https:\/\/www.cfaebooks.com\/es\/wp-json\/wp\/v2\/product\/12932","targetHints":{"allow":["GET"]}}],"collection":[{"href":"https:\/\/www.cfaebooks.com\/es\/wp-json\/wp\/v2\/product"}],"about":[{"href":"https:\/\/www.cfaebooks.com\/es\/wp-json\/wp\/v2\/types\/product"}],"replies":[{"embeddable":true,"href":"https:\/\/www.cfaebooks.com\/es\/wp-json\/wp\/v2\/comments?post=12932"}],"wp:featuredmedia":[{"embeddable":true,"href":"https:\/\/www.cfaebooks.com\/es\/wp-json\/wp\/v2\/media\/12933"}],"wp:attachment":[{"href":"https:\/\/www.cfaebooks.com\/es\/wp-json\/wp\/v2\/media?parent=12932"}],"wp:term":[{"taxonomy":"product_brand","embeddable":true,"href":"https:\/\/www.cfaebooks.com\/es\/wp-json\/wp\/v2\/product_brand?post=12932"},{"taxonomy":"product_cat","embeddable":true,"href":"https:\/\/www.cfaebooks.com\/es\/wp-json\/wp\/v2\/product_cat?post=12932"},{"taxonomy":"product_tag","embeddable":true,"href":"https:\/\/www.cfaebooks.com\/es\/wp-json\/wp\/v2\/product_tag?post=12932"}],"curies":[{"name":"wp","href":"https:\/\/api.w.org\/{rel}","templated":true}]}}