{"id":12776,"date":"2025-06-06T05:01:04","date_gmt":"2025-06-06T05:01:04","guid":{"rendered":"https:\/\/www.cfaebooks.com\/?post_type=product&#038;p=12776"},"modified":"2026-04-03T08:04:22","modified_gmt":"2026-04-03T08:04:22","slug":"cfa-2026-nivel-3-analystprep-videos-3-rutas","status":"publish","type":"product","link":"https:\/\/www.cfaebooks.com\/es\/products\/cfa-2026-nivel-3-analystprep-videos-3-rutas\/","title":{"rendered":"V\u00eddeos de preparaci\u00f3n para el examen CFA 2026 de Nivel 3: 3 itinerarios"},"content":{"rendered":"<p>Se vende el <strong>V\u00eddeos de preparaci\u00f3n para el examen CFA 2026 de Nivel 3: 3 itinerarios<\/strong><\/p>\n\n\n\n<p>Incluye los siguientes temas:&nbsp;<\/p>\n\n\n\n<ul class=\"wp-block-list\">\n<li>Asignaci\u00f3n de activos<\/li>\n\n\n\n<li>Construcci\u00f3n de carteras<\/li>\n\n\n\n<li>Gesti\u00f3n del rendimiento<\/li>\n\n\n\n<li>Derivados y gesti\u00f3n de riesgos<\/li>\n\n\n\n<li>Normas \u00e9ticas<\/li>\n\n\n\n<li><strong>Gesti\u00f3n de carteras<\/strong><\/li>\n\n\n\n<li><strong>V\u00eda de los mercados privados<\/strong><\/li>\n\n\n\n<li><strong>Camino hacia la riqueza privada<\/strong><\/li>\n<\/ul>\n\n\n\n<p>Despu\u00e9s de pagar podr\u00e1 descargar el v\u00eddeo inmediatamente.<\/p>","protected":false},"excerpt":{"rendered":"<p>For sale is the CFA 2026 Level 3 AnalystPrep Videos &#8211; 3 Pathways Includes the following topics:&nbsp; After checkout you can download the video immediately.<\/p>","protected":false},"featured_media":17242,"comment_status":"closed","ping_status":"closed","template":"","meta":[],"product_brand":[],"product_cat":[265,269],"product_tag":[369,93,88,364,90,180,371,91,92,175,271],"class_list":{"0":"post-12776","1":"product","2":"type-product","3":"status-publish","4":"has-post-thumbnail","6":"product_cat-cfa-level-3","7":"product_cat-cfa-video-lectures","8":"product_tag-cfa-2026","9":"product_tag-cfa-books","10":"product_tag-cfa-ebooks","11":"product_tag-cfa-essays","12":"product_tag-cfa-exam","13":"product_tag-cfa-level-3","14":"product_tag-cfa-level-3-2026","15":"product_tag-cfa-prep","16":"product_tag-cfa-test","17":"product_tag-video","18":"product_tag-video-lectures","20":"first","21":"instock","22":"downloadable","23":"virtual","24":"sold-individually","25":"purchasable","26":"product-type-simple"},"_links":{"self":[{"href":"https:\/\/www.cfaebooks.com\/es\/wp-json\/wp\/v2\/product\/12776","targetHints":{"allow":["GET"]}}],"collection":[{"href":"https:\/\/www.cfaebooks.com\/es\/wp-json\/wp\/v2\/product"}],"about":[{"href":"https:\/\/www.cfaebooks.com\/es\/wp-json\/wp\/v2\/types\/product"}],"replies":[{"embeddable":true,"href":"https:\/\/www.cfaebooks.com\/es\/wp-json\/wp\/v2\/comments?post=12776"}],"wp:featuredmedia":[{"embeddable":true,"href":"https:\/\/www.cfaebooks.com\/es\/wp-json\/wp\/v2\/media\/17242"}],"wp:attachment":[{"href":"https:\/\/www.cfaebooks.com\/es\/wp-json\/wp\/v2\/media?parent=12776"}],"wp:term":[{"taxonomy":"product_brand","embeddable":true,"href":"https:\/\/www.cfaebooks.com\/es\/wp-json\/wp\/v2\/product_brand?post=12776"},{"taxonomy":"product_cat","embeddable":true,"href":"https:\/\/www.cfaebooks.com\/es\/wp-json\/wp\/v2\/product_cat?post=12776"},{"taxonomy":"product_tag","embeddable":true,"href":"https:\/\/www.cfaebooks.com\/es\/wp-json\/wp\/v2\/product_tag?post=12776"}],"curies":[{"name":"wp","href":"https:\/\/api.w.org\/{rel}","templated":true}]}}