{"id":12756,"date":"2025-06-06T04:09:23","date_gmt":"2025-06-06T04:09:23","guid":{"rendered":"https:\/\/www.cfaebooks.com\/?post_type=product&#038;p=12756"},"modified":"2026-04-03T08:04:14","modified_gmt":"2026-04-03T08:04:14","slug":"cfa-2025-analystprep-apuntes-de-estudio-con-hoja-de-formulas-nivel-3-todos-los-itinerarios-2","status":"publish","type":"product","link":"https:\/\/www.cfaebooks.com\/es\/products\/cfa-2025-analystprep-apuntes-de-estudio-con-hoja-de-formulas-nivel-3-todos-los-itinerarios-2\/","title":{"rendered":"CFA 2025 AnalystPrep Notas de estudio con hoja de f\u00f3rmulas Nivel 3 Todos los itinerarios"},"content":{"rendered":"<p>Se vende un libro electr\u00f3nico <strong>2025 CFA AnalystPrep Apuntes de estudio Nivel 3 con hoja de f\u00f3rmulas Todos los itinerarios<\/strong> PDF.<\/p>\n\n\n\n<p>Incluye los siguientes temas:&nbsp;<\/p>\n\n\n\n<ul class=\"wp-block-list\">\n<li><strong>Cap\u00edtulo 1:<\/strong> Asignaci\u00f3n de activos<\/li>\n\n\n\n<li><strong>Cap\u00edtulo 2:<\/strong> Construcci\u00f3n de carteras<\/li>\n\n\n\n<li><strong>Cap\u00edtulo 3:<\/strong> Gesti\u00f3n del rendimiento<\/li>\n\n\n\n<li><strong>Cap\u00edtulo 4:<\/strong> Derivados y gesti\u00f3n de riesgos<\/li>\n\n\n\n<li><strong>Cap\u00edtulo 5:<\/strong> Normas \u00e9ticas<\/li>\n\n\n\n<li><strong>Gesti\u00f3n de carteras<\/strong><\/li>\n\n\n\n<li><strong>V\u00eda de los mercados privados<\/strong><\/li>\n\n\n\n<li><strong>Camino hacia la riqueza privada<\/strong><\/li>\n\n\n\n<li><strong>Hoja de f\u00f3rmulas<\/strong><\/li>\n<\/ul>\n\n\n\n<p>Este no es un libro f\u00edsico, es una copia digital en PDF. Por favor, no lo compre si desea una copia f\u00edsica. Despu\u00e9s de la compra puede descargar el libro electr\u00f3nico inmediatamente.<\/p>","protected":false},"excerpt":{"rendered":"<p>For sale is an e-Book 2025 CFA AnalystPrep Study notes Level 3 with Formula sheet All pathways PDF. Includes the following topics:&nbsp; This is not a physical book it is a&nbsp;PDF&nbsp;digital copy. Please do not purchase if you want a physical hard copy. After checkout you can download the e-Book immediately.<\/p>","protected":false},"featured_media":12600,"comment_status":"closed","ping_status":"closed","template":"","meta":[],"product_brand":[],"product_cat":[265],"product_tag":[261,93,88,90,180,91,363,92,164,176,168],"class_list":{"0":"post-12756","1":"product","2":"type-product","3":"status-publish","4":"has-post-thumbnail","6":"product_cat-cfa-level-3","7":"product_tag-cfa-2025","8":"product_tag-cfa-books","9":"product_tag-cfa-ebooks","10":"product_tag-cfa-exam","11":"product_tag-cfa-level-3","12":"product_tag-cfa-prep","13":"product_tag-cfa-study-notes","14":"product_tag-cfa-test","15":"product_tag-formula-sheet","16":"product_tag-mock-exam","17":"product_tag-study-notes","19":"first","20":"instock","21":"downloadable","22":"virtual","23":"sold-individually","24":"purchasable","25":"product-type-simple"},"_links":{"self":[{"href":"https:\/\/www.cfaebooks.com\/es\/wp-json\/wp\/v2\/product\/12756","targetHints":{"allow":["GET"]}}],"collection":[{"href":"https:\/\/www.cfaebooks.com\/es\/wp-json\/wp\/v2\/product"}],"about":[{"href":"https:\/\/www.cfaebooks.com\/es\/wp-json\/wp\/v2\/types\/product"}],"replies":[{"embeddable":true,"href":"https:\/\/www.cfaebooks.com\/es\/wp-json\/wp\/v2\/comments?post=12756"}],"wp:featuredmedia":[{"embeddable":true,"href":"https:\/\/www.cfaebooks.com\/es\/wp-json\/wp\/v2\/media\/12600"}],"wp:attachment":[{"href":"https:\/\/www.cfaebooks.com\/es\/wp-json\/wp\/v2\/media?parent=12756"}],"wp:term":[{"taxonomy":"product_brand","embeddable":true,"href":"https:\/\/www.cfaebooks.com\/es\/wp-json\/wp\/v2\/product_brand?post=12756"},{"taxonomy":"product_cat","embeddable":true,"href":"https:\/\/www.cfaebooks.com\/es\/wp-json\/wp\/v2\/product_cat?post=12756"},{"taxonomy":"product_tag","embeddable":true,"href":"https:\/\/www.cfaebooks.com\/es\/wp-json\/wp\/v2\/product_tag?post=12756"}],"curies":[{"name":"wp","href":"https:\/\/api.w.org\/{rel}","templated":true}]}}