{"id":12493,"date":"2025-05-02T01:44:35","date_gmt":"2025-05-02T01:44:35","guid":{"rendered":"https:\/\/www.cfaebooks.com\/?post_type=product&#038;p=12493"},"modified":"2026-04-03T08:03:42","modified_gmt":"2026-04-03T08:03:42","slug":"cfa-2025-ift-high-yield-notas-de-estudio-nivel-3","status":"publish","type":"product","link":"https:\/\/www.cfaebooks.com\/es\/products\/cfa-2025-ift-high-yield-notas-de-estudio-nivel-3\/","title":{"rendered":"CFA 2025 IFT Notas de estudio de alto rendimiento Nivel 2"},"content":{"rendered":"<p>Para la venta es un el\u00a0<strong>2025 CFA Nivel 2 IFT Notas de alto rendimiento <\/strong> PDF.<\/p>\n\n\n\n<p><strong>Tema incluido:<\/strong><\/p>\n\n\n\n<ul class=\"wp-block-list\">\n<li><strong><em>M\u00e9todos cuantitativos<\/em><\/strong><\/li>\n\n\n\n<li><strong><em>Econom\u00eda<\/em><\/strong><\/li>\n\n\n\n<li><strong><em>An\u00e1lisis de estados financieros<\/em><\/strong><\/li>\n\n\n\n<li><strong><em>Empresas emisoras<\/em><\/strong><\/li>\n\n\n\n<li><strong><em>Equidad<\/em><\/strong><\/li>\n\n\n\n<li><strong><em>Renta fija<\/em><\/strong><\/li>\n\n\n\n<li><strong><em>Derivados<\/em><\/strong><\/li>\n\n\n\n<li><strong><em>Inversiones alternativas<\/em><\/strong><\/li>\n\n\n\n<li><strong><em>Gesti\u00f3n de carteras<\/em><\/strong><\/li>\n\n\n\n<li><strong><em>\u00c9tica<\/em>s<\/strong><\/li>\n<\/ul>\n\n\n\n<p>El texto se puede buscar mediante la funci\u00f3n de b\u00fasqueda del teclado del ordenador (ctrl+f) y a trav\u00e9s de la b\u00fasqueda de su smartphone o tableta. No se trata de libros f\u00edsicos, sino de copias digitales en PDF. Por favor, no los compre si desea una copia f\u00edsica, ya que puede descargarlos inmediatamente.<\/p>","protected":false},"excerpt":{"rendered":"<p>For sale is an the\u00a02025 CFA Level 2 IFT High Yield Notes PDF. Topic Included: The text is searchable using the find feature on your computer keyboard \u2018ctrl+f\u2019 and through search on your smartphone\/tablet. These are not physical books they are PDF digital copies. Please do not purchase if you want a physical hard copy.After [&hellip;]<\/p>\n","protected":false},"featured_media":12494,"comment_status":"closed","ping_status":"closed","template":"","meta":[],"product_brand":[],"product_cat":[266],"product_tag":[261,93,88,90,293,92,335,167,332],"class_list":{"0":"post-12493","1":"product","2":"type-product","3":"status-publish","4":"has-post-thumbnail","6":"product_cat-cfa-level-2","7":"product_tag-cfa-2025","8":"product_tag-cfa-books","9":"product_tag-cfa-ebooks","10":"product_tag-cfa-exam","11":"product_tag-cfa-level-2-2025","12":"product_tag-cfa-test","13":"product_tag-high-yield-notes","14":"product_tag-ift","15":"product_tag-ift-2025","17":"first","18":"instock","19":"downloadable","20":"virtual","21":"sold-individually","22":"purchasable","23":"product-type-simple"},"_links":{"self":[{"href":"https:\/\/www.cfaebooks.com\/es\/wp-json\/wp\/v2\/product\/12493","targetHints":{"allow":["GET"]}}],"collection":[{"href":"https:\/\/www.cfaebooks.com\/es\/wp-json\/wp\/v2\/product"}],"about":[{"href":"https:\/\/www.cfaebooks.com\/es\/wp-json\/wp\/v2\/types\/product"}],"replies":[{"embeddable":true,"href":"https:\/\/www.cfaebooks.com\/es\/wp-json\/wp\/v2\/comments?post=12493"}],"wp:featuredmedia":[{"embeddable":true,"href":"https:\/\/www.cfaebooks.com\/es\/wp-json\/wp\/v2\/media\/12494"}],"wp:attachment":[{"href":"https:\/\/www.cfaebooks.com\/es\/wp-json\/wp\/v2\/media?parent=12493"}],"wp:term":[{"taxonomy":"product_brand","embeddable":true,"href":"https:\/\/www.cfaebooks.com\/es\/wp-json\/wp\/v2\/product_brand?post=12493"},{"taxonomy":"product_cat","embeddable":true,"href":"https:\/\/www.cfaebooks.com\/es\/wp-json\/wp\/v2\/product_cat?post=12493"},{"taxonomy":"product_tag","embeddable":true,"href":"https:\/\/www.cfaebooks.com\/es\/wp-json\/wp\/v2\/product_tag?post=12493"}],"curies":[{"name":"wp","href":"https:\/\/api.w.org\/{rel}","templated":true}]}}