{"id":12340,"date":"2025-04-09T08:09:56","date_gmt":"2025-04-09T08:09:56","guid":{"rendered":"https:\/\/www.cfaebooks.com\/?post_type=product&#038;p=12340"},"modified":"2026-04-03T08:03:34","modified_gmt":"2026-04-03T08:03:34","slug":"cfa-2025-nivel-3-schweser-mock-exams-private-wealth-pathway-2","status":"publish","type":"product","link":"https:\/\/www.cfaebooks.com\/es\/products\/cfa-2025-nivel-3-schweser-mock-exams-private-wealth-pathway-2\/","title":{"rendered":"CFA 2025 Nivel 3 Schweser Ex\u00e1menes Simulados Private Wealth Pathway"},"content":{"rendered":"<p>Se vende un libro electr\u00f3nico\u00a0<strong>2025 CFA Nivel 3 Schweser Ex\u00e1menes Simulados Private Wealth Pathway<\/strong>\u00a0PDF<\/p>\n\n\n\n<ul class=\"wp-block-list\">\n<li>Incluye 6 simulacros de examen<\/li>\n\n\n\n<li>M\u00e1s de 500 preguntas y respuestas<\/li>\n\n\n\n<li>Incluye preguntas y respuestas para cada pregunta<\/li>\n<\/ul>\n\n\n\n<p>El texto se puede buscar utilizando la funci\u00f3n de b\u00fasqueda del teclado del ordenador (ctrl+f) y a trav\u00e9s de la b\u00fasqueda de su smartphone\/tableta.<\/p>\n\n\n\n<p>Despu\u00e9s de pagar puede descargar el libro electr\u00f3nico inmediatamente. No se trata de un libro f\u00edsico, sino de una copia digital en PDF. Por favor, no lo compre si desea una copia f\u00edsica.<\/p>\n\n\n\n<p><\/p>","protected":false},"excerpt":{"rendered":"<p>For sale is an e-Book\u00a02025 CFA Level 3 Schweser\u00a0Mock Exams Private Wealth Pathway\u00a0PDF The text is searchable using the find feature on your computer keyboard \u2018ctrl+f\u2019 and through search on your smartphone\/tablet After checkout you can download the e-Book immediately. This is not a physical book it is a&nbsp;PDF&nbsp;digital copy. Please do not purchase if [&hellip;]<\/p>\n","protected":false},"featured_media":12341,"comment_status":"closed","ping_status":"closed","template":"","meta":[],"product_brand":[],"product_cat":[265],"product_tag":[261,93,88,90,180,267,311,91,92],"class_list":{"0":"post-12340","1":"product","2":"type-product","3":"status-publish","4":"has-post-thumbnail","6":"product_cat-cfa-level-3","7":"product_tag-cfa-2025","8":"product_tag-cfa-books","9":"product_tag-cfa-ebooks","10":"product_tag-cfa-exam","11":"product_tag-cfa-level-3","12":"product_tag-cfa-level-3-2025","13":"product_tag-cfa-mocks","14":"product_tag-cfa-prep","15":"product_tag-cfa-test","17":"first","18":"instock","19":"downloadable","20":"virtual","21":"sold-individually","22":"purchasable","23":"product-type-simple"},"_links":{"self":[{"href":"https:\/\/www.cfaebooks.com\/es\/wp-json\/wp\/v2\/product\/12340","targetHints":{"allow":["GET"]}}],"collection":[{"href":"https:\/\/www.cfaebooks.com\/es\/wp-json\/wp\/v2\/product"}],"about":[{"href":"https:\/\/www.cfaebooks.com\/es\/wp-json\/wp\/v2\/types\/product"}],"replies":[{"embeddable":true,"href":"https:\/\/www.cfaebooks.com\/es\/wp-json\/wp\/v2\/comments?post=12340"}],"wp:featuredmedia":[{"embeddable":true,"href":"https:\/\/www.cfaebooks.com\/es\/wp-json\/wp\/v2\/media\/12341"}],"wp:attachment":[{"href":"https:\/\/www.cfaebooks.com\/es\/wp-json\/wp\/v2\/media?parent=12340"}],"wp:term":[{"taxonomy":"product_brand","embeddable":true,"href":"https:\/\/www.cfaebooks.com\/es\/wp-json\/wp\/v2\/product_brand?post=12340"},{"taxonomy":"product_cat","embeddable":true,"href":"https:\/\/www.cfaebooks.com\/es\/wp-json\/wp\/v2\/product_cat?post=12340"},{"taxonomy":"product_tag","embeddable":true,"href":"https:\/\/www.cfaebooks.com\/es\/wp-json\/wp\/v2\/product_tag?post=12340"}],"curies":[{"name":"wp","href":"https:\/\/api.w.org\/{rel}","templated":true}]}}