{"id":12293,"date":"2025-04-07T08:25:26","date_gmt":"2025-04-07T08:25:26","guid":{"rendered":"https:\/\/www.cfaebooks.com\/?post_type=product&#038;p=12293"},"modified":"2026-04-03T08:03:13","modified_gmt":"2026-04-03T08:03:13","slug":"frm-2025-question-bank-part-2","status":"publish","type":"product","link":"https:\/\/www.cfaebooks.com\/es\/products\/frm-2025-question-bank-part-2\/","title":{"rendered":"FRM 2025 Banco de preguntas Parte 2"},"content":{"rendered":"<p>Para la venta es un e-libro 2025 FRM Schweser Banco de Preguntas Parte 2 PDF.<\/p>\n\n\n\n<p>Incluye los siguientes temas:<\/p>\n\n\n\n<ol class=\"wp-block-list\">\n<li><strong>Medici\u00f3n y gesti\u00f3n del riesgo de mercado<\/strong><\/li>\n\n\n\n<li><strong>Medici\u00f3n y gesti\u00f3n del riesgo de cr\u00e9dito<\/strong><\/li>\n\n\n\n<li><strong>Riesgo operativo y resistencia<\/strong><\/li>\n\n\n\n<li><strong>Medici\u00f3n y gesti\u00f3n del riesgo de liquidez y de tesorer\u00eda<\/strong><\/li>\n\n\n\n<li><strong>Gesti\u00f3n de riesgos y gesti\u00f3n de inversiones<\/strong><\/li>\n\n\n\n<li><strong>Cuestiones actuales de los mercados financieros<\/strong><\/li>\n<\/ol>\n\n\n\n<p>Despu\u00e9s de pagar puede descargar el libro electr\u00f3nico al instante. No se trata de un libro f\u00edsico, sino de una copia digital en PDF. Por favor, no lo compre si desea una copia f\u00edsica.<\/p>","protected":false},"excerpt":{"rendered":"<p>For sale is an e-Book 2025 FRM Schweser Question Bank Part 2 PDF. Include following topics: After checkout you can download the e-Book instantly. This is not a physical book it is a\u00a0PDF\u00a0digital copy. Please do not purchase if you want a physical hard copy.<\/p>","protected":false},"featured_media":12294,"comment_status":"closed","ping_status":"closed","template":"","meta":[],"product_brand":[],"product_cat":[325],"product_tag":[184,326,185,186,181,188,329,182,204,183],"class_list":{"0":"post-12293","1":"product","2":"type-product","3":"status-publish","4":"has-post-thumbnail","6":"product_cat-frm-part-2","7":"product_tag-frm","8":"product_tag-frm-2025","9":"product_tag-frm-books","10":"product_tag-frm-ebooks","11":"product_tag-frm-exam","12":"product_tag-frm-part-2","13":"product_tag-frm-part-2-2025","14":"product_tag-frm-prep","15":"product_tag-frm-question-bank","16":"product_tag-frm-test","18":"first","19":"instock","20":"downloadable","21":"virtual","22":"sold-individually","23":"purchasable","24":"product-type-simple"},"_links":{"self":[{"href":"https:\/\/www.cfaebooks.com\/es\/wp-json\/wp\/v2\/product\/12293","targetHints":{"allow":["GET"]}}],"collection":[{"href":"https:\/\/www.cfaebooks.com\/es\/wp-json\/wp\/v2\/product"}],"about":[{"href":"https:\/\/www.cfaebooks.com\/es\/wp-json\/wp\/v2\/types\/product"}],"replies":[{"embeddable":true,"href":"https:\/\/www.cfaebooks.com\/es\/wp-json\/wp\/v2\/comments?post=12293"}],"wp:featuredmedia":[{"embeddable":true,"href":"https:\/\/www.cfaebooks.com\/es\/wp-json\/wp\/v2\/media\/12294"}],"wp:attachment":[{"href":"https:\/\/www.cfaebooks.com\/es\/wp-json\/wp\/v2\/media?parent=12293"}],"wp:term":[{"taxonomy":"product_brand","embeddable":true,"href":"https:\/\/www.cfaebooks.com\/es\/wp-json\/wp\/v2\/product_brand?post=12293"},{"taxonomy":"product_cat","embeddable":true,"href":"https:\/\/www.cfaebooks.com\/es\/wp-json\/wp\/v2\/product_cat?post=12293"},{"taxonomy":"product_tag","embeddable":true,"href":"https:\/\/www.cfaebooks.com\/es\/wp-json\/wp\/v2\/product_tag?post=12293"}],"curies":[{"name":"wp","href":"https:\/\/api.w.org\/{rel}","templated":true}]}}