{"id":12284,"date":"2025-04-07T07:51:06","date_gmt":"2025-04-07T07:51:06","guid":{"rendered":"https:\/\/www.cfaebooks.com\/?post_type=product&#038;p=12284"},"modified":"2026-04-03T08:03:08","modified_gmt":"2026-04-03T08:03:08","slug":"frm-2026-schweser-videos-parte-2-con-cuaderno-de-trabajo","status":"publish","type":"product","link":"https:\/\/www.cfaebooks.com\/es\/products\/frm-2026-schweser-videos-parte-2-con-cuaderno-de-trabajo\/","title":{"rendered":"FRM 2026 Schweser Videos Parte 2 con Workbook"},"content":{"rendered":"<p>Se vende el curso en v\u00eddeo \u00abFRM Schweser 2026\u00bb, parte 2, con libro de ejercicios.<\/p>\n\n\n\n<p><strong>Temas tratados:<\/strong><\/p>\n\n\n\n<ul class=\"wp-block-list\">\n<li>Medici\u00f3n y gesti\u00f3n del riesgo de mercado<\/li>\n\n\n\n<li>Medici\u00f3n y gesti\u00f3n del riesgo de cr\u00e9dito<\/li>\n\n\n\n<li>Riesgo operativo y resistencia<\/li>\n\n\n\n<li>Medici\u00f3n y gesti\u00f3n del riesgo de liquidez y de tesorer\u00eda<\/li>\n\n\n\n<li>Gesti\u00f3n de riesgos, gesti\u00f3n de inversiones y temas de actualidad en los mercados financieros<\/li>\n<\/ul>\n\n\n\n<p><strong>Qu\u00e9 incluye:<\/strong><\/p>\n\n\n\n<ul class=\"wp-block-list\">\n<li><strong>Videoconferencias<\/strong>: Presentaciones en profundidad a cargo de instructores experimentados, que abarcan todos los temas esenciales de la Parte 2.<\/li>\n\n\n\n<li><strong>Cuaderno de trabajo<\/strong>: Diapositivas bien estructuradas que resumen los puntos clave, perfectas para un repaso r\u00e1pido y eficaz.<\/li>\n<\/ul>\n\n\n\n<p>Despu\u00e9s de pagar, puede descargar al instante.<\/p>","protected":false},"excerpt":{"rendered":"<p>For sale is the 2026 FRM Schweser Video Lectures Part 2 with Workbook. Topics Covered: What\u2019s Included: After checkout you can download instantly.<\/p>","protected":false},"featured_media":17229,"comment_status":"closed","ping_status":"closed","template":"","meta":[],"product_brand":[],"product_cat":[325],"product_tag":[184,409,181,411,182,183,175,271],"class_list":{"0":"post-12284","1":"product","2":"type-product","3":"status-publish","4":"has-post-thumbnail","6":"product_cat-frm-part-2","7":"product_tag-frm","8":"product_tag-frm-2026","9":"product_tag-frm-exam","10":"product_tag-frm-part-2-2026","11":"product_tag-frm-prep","12":"product_tag-frm-test","13":"product_tag-video","14":"product_tag-video-lectures","16":"first","17":"instock","18":"downloadable","19":"virtual","20":"sold-individually","21":"purchasable","22":"product-type-simple"},"_links":{"self":[{"href":"https:\/\/www.cfaebooks.com\/es\/wp-json\/wp\/v2\/product\/12284","targetHints":{"allow":["GET"]}}],"collection":[{"href":"https:\/\/www.cfaebooks.com\/es\/wp-json\/wp\/v2\/product"}],"about":[{"href":"https:\/\/www.cfaebooks.com\/es\/wp-json\/wp\/v2\/types\/product"}],"replies":[{"embeddable":true,"href":"https:\/\/www.cfaebooks.com\/es\/wp-json\/wp\/v2\/comments?post=12284"}],"wp:featuredmedia":[{"embeddable":true,"href":"https:\/\/www.cfaebooks.com\/es\/wp-json\/wp\/v2\/media\/17229"}],"wp:attachment":[{"href":"https:\/\/www.cfaebooks.com\/es\/wp-json\/wp\/v2\/media?parent=12284"}],"wp:term":[{"taxonomy":"product_brand","embeddable":true,"href":"https:\/\/www.cfaebooks.com\/es\/wp-json\/wp\/v2\/product_brand?post=12284"},{"taxonomy":"product_cat","embeddable":true,"href":"https:\/\/www.cfaebooks.com\/es\/wp-json\/wp\/v2\/product_cat?post=12284"},{"taxonomy":"product_tag","embeddable":true,"href":"https:\/\/www.cfaebooks.com\/es\/wp-json\/wp\/v2\/product_tag?post=12284"}],"curies":[{"name":"wp","href":"https:\/\/api.w.org\/{rel}","templated":true}]}}