{"id":12072,"date":"2025-03-12T03:02:39","date_gmt":"2025-03-12T03:02:39","guid":{"rendered":"https:\/\/www.cfaebooks.com\/?post_type=product&#038;p=12072"},"modified":"2026-04-03T08:02:18","modified_gmt":"2026-04-03T08:02:18","slug":"cfa-2025-notas-de-estudio-del-ift-de-nivel-3-los-3-itinerarios-2","status":"publish","type":"product","link":"https:\/\/www.cfaebooks.com\/es\/products\/cfa-2025-notas-de-estudio-del-ift-de-nivel-3-los-3-itinerarios-2\/","title":{"rendered":"CFA 2025 Nivel 3 IFT Notas de estudio Los 3 itinerarios"},"content":{"rendered":"<p>Se vende el libro electr\u00f3nico 2025 CFA Level 3 IFT Study Notes All Pathways.<\/p>\n\n\n\n<p><strong>Incluye las 3 v\u00edas:<\/strong><\/p>\n\n\n\n<ul class=\"wp-block-list\">\n<li>Temas esenciales (5 vol\u00famenes)<\/li>\n\n\n\n<li>V\u00eda del mercado privado<\/li>\n\n\n\n<li>Gesti\u00f3n de carteras<\/li>\n\n\n\n<li>Camino hacia la riqueza privada<\/li>\n<\/ul>\n\n\n\n<p>Este no es un libro f\u00edsico, es una copia digital en PDF. Por favor, no lo compre si desea una copia f\u00edsica. Despu\u00e9s de la compra puede descargar los libros electr\u00f3nicos al instante.<\/p>","protected":false},"excerpt":{"rendered":"<p>For sale is an e-Book 2025 CFA Level 3 IFT Study Notes All Pathways. Includes all 3 pathways: This is not a physical book it is a PDF digital copy. Please do not purchase if you want a physical hard copy. After checkout you can download the e-Books instantly.<\/p>","protected":false},"featured_media":12081,"comment_status":"closed","ping_status":"closed","template":"","meta":[],"product_brand":[],"product_cat":[265],"product_tag":[261,93,88,90,267,91,92],"class_list":{"0":"post-12072","1":"product","2":"type-product","3":"status-publish","4":"has-post-thumbnail","6":"product_cat-cfa-level-3","7":"product_tag-cfa-2025","8":"product_tag-cfa-books","9":"product_tag-cfa-ebooks","10":"product_tag-cfa-exam","11":"product_tag-cfa-level-3-2025","12":"product_tag-cfa-prep","13":"product_tag-cfa-test","15":"first","16":"instock","17":"downloadable","18":"virtual","19":"sold-individually","20":"purchasable","21":"product-type-simple"},"_links":{"self":[{"href":"https:\/\/www.cfaebooks.com\/es\/wp-json\/wp\/v2\/product\/12072","targetHints":{"allow":["GET"]}}],"collection":[{"href":"https:\/\/www.cfaebooks.com\/es\/wp-json\/wp\/v2\/product"}],"about":[{"href":"https:\/\/www.cfaebooks.com\/es\/wp-json\/wp\/v2\/types\/product"}],"replies":[{"embeddable":true,"href":"https:\/\/www.cfaebooks.com\/es\/wp-json\/wp\/v2\/comments?post=12072"}],"wp:featuredmedia":[{"embeddable":true,"href":"https:\/\/www.cfaebooks.com\/es\/wp-json\/wp\/v2\/media\/12081"}],"wp:attachment":[{"href":"https:\/\/www.cfaebooks.com\/es\/wp-json\/wp\/v2\/media?parent=12072"}],"wp:term":[{"taxonomy":"product_brand","embeddable":true,"href":"https:\/\/www.cfaebooks.com\/es\/wp-json\/wp\/v2\/product_brand?post=12072"},{"taxonomy":"product_cat","embeddable":true,"href":"https:\/\/www.cfaebooks.com\/es\/wp-json\/wp\/v2\/product_cat?post=12072"},{"taxonomy":"product_tag","embeddable":true,"href":"https:\/\/www.cfaebooks.com\/es\/wp-json\/wp\/v2\/product_tag?post=12072"}],"curies":[{"name":"wp","href":"https:\/\/api.w.org\/{rel}","templated":true}]}}