{"id":12051,"date":"2025-03-12T01:23:00","date_gmt":"2025-03-12T01:23:00","guid":{"rendered":"https:\/\/www.cfaebooks.com\/?post_type=product&#038;p=12051"},"modified":"2026-04-03T08:02:13","modified_gmt":"2026-04-03T08:02:13","slug":"cfa-2025-schweser-notas-nivel-3-juego-completo-las-3-vias","status":"publish","type":"product","link":"https:\/\/www.cfaebooks.com\/es\/products\/cfa-2025-schweser-notas-nivel-3-juego-completo-las-3-vias\/","title":{"rendered":"CFA 2025 Apuntes Schweser Nivel 3 Juego Completo Los 3 Caminos"},"content":{"rendered":"<p>Se vende el libro electr\u00f3nico 2025 CFA Schweser Notes Level 3 Full Set All Pathways PDF.<\/p>\n\n\n\n<p><strong>Qu\u00e9 incluye:<\/strong><\/p>\n\n\n\n<ul class=\"wp-block-list\">\n<li><strong>Plan de estudios b\u00e1sico:<\/strong>\n<ul class=\"wp-block-list\">\n<li>Libro 1: Asignaci\u00f3n de activos<\/li>\n\n\n\n<li>Libro 2: Construcci\u00f3n de carteras y gesti\u00f3n de resultados<\/li>\n\n\n\n<li>Libro 3: Derivados, gesti\u00f3n de riesgos y normas \u00e9ticas y profesionales<\/li>\n<\/ul>\n<\/li>\n\n\n\n<li><strong>3 Libros de ruta:<\/strong>\n<ul class=\"wp-block-list\">\n<li>Gesti\u00f3n de carteras<\/li>\n\n\n\n<li>V\u00eda de los mercados privados<\/li>\n\n\n\n<li>Camino hacia la riqueza privada<\/li>\n<\/ul>\n<\/li>\n\n\n\n<li><strong>Hojas r\u00e1pidas:<\/strong>\n<ul class=\"wp-block-list\">\n<li>Tres hojas r\u00e1pidas de 6 p\u00e1ginas (una para cada v\u00eda) para repasar y consultar r\u00e1pidamente.<\/li>\n<\/ul>\n<\/li>\n<\/ul>\n\n\n\n<p>Este no es un libro f\u00edsico, es una copia digital en PDF. Por favor, no lo compre si desea una copia f\u00edsica. Despu\u00e9s de la compra puede descargar los libros electr\u00f3nicos al instante.<\/p>","protected":false},"excerpt":{"rendered":"<p>For sale is an e-book 2025 CFA Schweser Notes Level 3 Full Set All Pathways PDF. What\u2019s Included: This is not a physical book it is a PDF digital copy. Please do not purchase if you want a physical hard copy. After checkout you can download the e-Books instantly.<\/p>","protected":false},"featured_media":12056,"comment_status":"closed","ping_status":"closed","template":"","meta":[],"product_brand":[],"product_cat":[265],"product_tag":[261,93,88,90,267,91,92],"class_list":{"0":"post-12051","1":"product","2":"type-product","3":"status-publish","4":"has-post-thumbnail","6":"product_cat-cfa-level-3","7":"product_tag-cfa-2025","8":"product_tag-cfa-books","9":"product_tag-cfa-ebooks","10":"product_tag-cfa-exam","11":"product_tag-cfa-level-3-2025","12":"product_tag-cfa-prep","13":"product_tag-cfa-test","15":"first","16":"instock","17":"downloadable","18":"virtual","19":"sold-individually","20":"purchasable","21":"product-type-simple"},"_links":{"self":[{"href":"https:\/\/www.cfaebooks.com\/es\/wp-json\/wp\/v2\/product\/12051","targetHints":{"allow":["GET"]}}],"collection":[{"href":"https:\/\/www.cfaebooks.com\/es\/wp-json\/wp\/v2\/product"}],"about":[{"href":"https:\/\/www.cfaebooks.com\/es\/wp-json\/wp\/v2\/types\/product"}],"replies":[{"embeddable":true,"href":"https:\/\/www.cfaebooks.com\/es\/wp-json\/wp\/v2\/comments?post=12051"}],"wp:featuredmedia":[{"embeddable":true,"href":"https:\/\/www.cfaebooks.com\/es\/wp-json\/wp\/v2\/media\/12056"}],"wp:attachment":[{"href":"https:\/\/www.cfaebooks.com\/es\/wp-json\/wp\/v2\/media?parent=12051"}],"wp:term":[{"taxonomy":"product_brand","embeddable":true,"href":"https:\/\/www.cfaebooks.com\/es\/wp-json\/wp\/v2\/product_brand?post=12051"},{"taxonomy":"product_cat","embeddable":true,"href":"https:\/\/www.cfaebooks.com\/es\/wp-json\/wp\/v2\/product_cat?post=12051"},{"taxonomy":"product_tag","embeddable":true,"href":"https:\/\/www.cfaebooks.com\/es\/wp-json\/wp\/v2\/product_tag?post=12051"}],"curies":[{"name":"wp","href":"https:\/\/api.w.org\/{rel}","templated":true}]}}