{"id":12048,"date":"2025-03-12T01:09:58","date_gmt":"2025-03-12T01:09:58","guid":{"rendered":"https:\/\/www.cfaebooks.com\/?post_type=product&#038;p=12048"},"modified":"2026-04-03T08:02:10","modified_gmt":"2026-04-03T08:02:10","slug":"cfa-2025-program-curriculum-level-iii-full-set-all-3-pathways","status":"publish","type":"product","link":"https:\/\/www.cfaebooks.com\/es\/products\/cfa-2025-program-curriculum-level-iii-full-set-all-3-pathways\/","title":{"rendered":"Plan de estudios del programa CFA 2025 Nivel III Conjunto completo Los 3 itinerarios"},"content":{"rendered":"<p>Se vende el libro electr\u00f3nico 2025 CFA Program Curriculum Level III Full Set All Pathways PDF.<\/p>\n\n\n\n<p>Los vol\u00famenes incluyen:<\/p>\n\n\n\n<ul class=\"wp-block-list\">\n<li>Plan de estudios b\u00e1sico\n<ul class=\"wp-block-list\">\n<li>Volumen 1: Asignaci\u00f3n de activos<\/li>\n\n\n\n<li>Volumen 2: Construcci\u00f3n de carteras<\/li>\n\n\n\n<li>Volumen 3: Medici\u00f3n del rendimiento<\/li>\n\n\n\n<li>Volumen 4: Derivados y gesti\u00f3n de riesgos<\/li>\n\n\n\n<li>Volumen 5: Normas \u00e9ticas y profesionales<\/li>\n<\/ul>\n<\/li>\n\n\n\n<li>Gesti\u00f3n de carteras\n<ul class=\"wp-block-list\">\n<li>Volumen 1: Itinerario de gesti\u00f3n de carteras<\/li>\n\n\n\n<li>Volumen 2: Itinerario de gesti\u00f3n de carteras<\/li>\n<\/ul>\n<\/li>\n\n\n\n<li>V\u00eda de los mercados privados\n<ul class=\"wp-block-list\">\n<li>Volumen 1: Senda de los mercados privados<\/li>\n\n\n\n<li>Volumen 2 V\u00eda de los mercados privados<\/li>\n<\/ul>\n<\/li>\n\n\n\n<li>Camino hacia la riqueza privada\n<ul class=\"wp-block-list\">\n<li>Volumen 1: Camino hacia la riqueza privada<\/li>\n\n\n\n<li>Volumen 2 Private Wealth Pathway<\/li>\n<\/ul>\n<\/li>\n<\/ul>\n\n\n\n<p>El texto se puede buscar mediante la funci\u00f3n de b\u00fasqueda del teclado del ordenador (ctrl+f) y a trav\u00e9s de la b\u00fasqueda de su smartphone o tableta. No se trata de un libro f\u00edsico, sino de una copia digital en PDF. No lo compre si desea una copia f\u00edsica. <\/p>\n\n\n\n<p>Despu\u00e9s de pagar, podr\u00e1 descargar el libro electr\u00f3nico inmediatamente.<\/p>","protected":false},"excerpt":{"rendered":"<p>For sale is an e-book 2025 CFA Program Curriculum Level III Full Set All Pathways PDF. Volumes include: The text is searchable using the find feature on your computer keyboard &#8216;ctrl+f&#8217; and through search on your smartphone\/tablet. This is not a physical book it is a\u00a0PDF\u00a0digital copy. Please do not purchase if you want a [&hellip;]<\/p>\n","protected":false},"featured_media":12049,"comment_status":"closed","ping_status":"closed","template":"","meta":[],"product_brand":[],"product_cat":[265],"product_tag":[261,93,88,90,267,91,92,167],"class_list":{"0":"post-12048","1":"product","2":"type-product","3":"status-publish","4":"has-post-thumbnail","6":"product_cat-cfa-level-3","7":"product_tag-cfa-2025","8":"product_tag-cfa-books","9":"product_tag-cfa-ebooks","10":"product_tag-cfa-exam","11":"product_tag-cfa-level-3-2025","12":"product_tag-cfa-prep","13":"product_tag-cfa-test","14":"product_tag-ift","16":"first","17":"instock","18":"downloadable","19":"virtual","20":"sold-individually","21":"purchasable","22":"product-type-simple"},"_links":{"self":[{"href":"https:\/\/www.cfaebooks.com\/es\/wp-json\/wp\/v2\/product\/12048","targetHints":{"allow":["GET"]}}],"collection":[{"href":"https:\/\/www.cfaebooks.com\/es\/wp-json\/wp\/v2\/product"}],"about":[{"href":"https:\/\/www.cfaebooks.com\/es\/wp-json\/wp\/v2\/types\/product"}],"replies":[{"embeddable":true,"href":"https:\/\/www.cfaebooks.com\/es\/wp-json\/wp\/v2\/comments?post=12048"}],"wp:featuredmedia":[{"embeddable":true,"href":"https:\/\/www.cfaebooks.com\/es\/wp-json\/wp\/v2\/media\/12049"}],"wp:attachment":[{"href":"https:\/\/www.cfaebooks.com\/es\/wp-json\/wp\/v2\/media?parent=12048"}],"wp:term":[{"taxonomy":"product_brand","embeddable":true,"href":"https:\/\/www.cfaebooks.com\/es\/wp-json\/wp\/v2\/product_brand?post=12048"},{"taxonomy":"product_cat","embeddable":true,"href":"https:\/\/www.cfaebooks.com\/es\/wp-json\/wp\/v2\/product_cat?post=12048"},{"taxonomy":"product_tag","embeddable":true,"href":"https:\/\/www.cfaebooks.com\/es\/wp-json\/wp\/v2\/product_tag?post=12048"}],"curies":[{"name":"wp","href":"https:\/\/api.w.org\/{rel}","templated":true}]}}