{"id":11866,"date":"2025-05-03T02:54:41","date_gmt":"2025-05-03T02:54:41","guid":{"rendered":"https:\/\/www.cfaebooks.com\/?post_type=product&#038;p=11866"},"modified":"2026-04-03T08:02:02","modified_gmt":"2026-04-03T08:02:02","slug":"cfa-2025-nivel-3-ift-high-yield-notes-las-3-vias-2","status":"publish","type":"product","link":"https:\/\/www.cfaebooks.com\/es\/products\/cfa-2025-nivel-3-ift-high-yield-notes-las-3-vias-2\/","title":{"rendered":"CFA 2025 Nivel 3 IFT High Yield Notes Los 3 itinerarios"},"content":{"rendered":"<p>Para la venta es un e-Libro 2025 CFA Nivel 3 IFT Notas de Alto Rendimiento Todas las V\u00edas PDF.<\/p>\n\n\n\n<p><strong>Tema incluido:<\/strong><\/p>\n\n\n\n<ul class=\"wp-block-list\">\n<li>Volumen 1 - Asignaci\u00f3n de activos<\/li>\n\n\n\n<li>Volumen 2 - Construcci\u00f3n de carteras<\/li>\n\n\n\n<li>Volumen 3 - Medici\u00f3n del rendimiento<\/li>\n\n\n\n<li>Volumen 4 - Derivados y gesti\u00f3n de riesgos<\/li>\n\n\n\n<li>Volumen 5 - Normas \u00e9ticas y profesionales<\/li>\n\n\n\n<li>Gesti\u00f3n de carteras<\/li>\n\n\n\n<li>V\u00eda de los mercados privados<\/li>\n\n\n\n<li>Camino hacia la riqueza privada<\/li>\n<\/ul>\n\n\n\n<p>Despu\u00e9s de pagar puede descargar el libro electr\u00f3nico inmediatamente. No se trata de un libro f\u00edsico, sino de una copia digital en PDF. Por favor, no lo compre si desea una copia f\u00edsica.<\/p>","protected":false},"excerpt":{"rendered":"<p>For sale is an e-Book 2025 CFA Level 3 IFT High Yield Notes All Pathways PDF. Topic Included: After checkout you can download the e-Book immediately. This is not a physical book it is a&nbsp;PDF&nbsp;digital copy. Please do not purchase if you want a physical hard copy.<\/p>","protected":false},"featured_media":12518,"comment_status":"closed","ping_status":"closed","template":"","meta":[],"product_brand":[],"product_cat":[265],"product_tag":[261,93,88,90,180,267,91,92,335,167,332],"class_list":{"0":"post-11866","1":"product","2":"type-product","3":"status-publish","4":"has-post-thumbnail","6":"product_cat-cfa-level-3","7":"product_tag-cfa-2025","8":"product_tag-cfa-books","9":"product_tag-cfa-ebooks","10":"product_tag-cfa-exam","11":"product_tag-cfa-level-3","12":"product_tag-cfa-level-3-2025","13":"product_tag-cfa-prep","14":"product_tag-cfa-test","15":"product_tag-high-yield-notes","16":"product_tag-ift","17":"product_tag-ift-2025","19":"first","20":"instock","21":"downloadable","22":"virtual","23":"sold-individually","24":"purchasable","25":"product-type-simple"},"_links":{"self":[{"href":"https:\/\/www.cfaebooks.com\/es\/wp-json\/wp\/v2\/product\/11866","targetHints":{"allow":["GET"]}}],"collection":[{"href":"https:\/\/www.cfaebooks.com\/es\/wp-json\/wp\/v2\/product"}],"about":[{"href":"https:\/\/www.cfaebooks.com\/es\/wp-json\/wp\/v2\/types\/product"}],"replies":[{"embeddable":true,"href":"https:\/\/www.cfaebooks.com\/es\/wp-json\/wp\/v2\/comments?post=11866"}],"wp:featuredmedia":[{"embeddable":true,"href":"https:\/\/www.cfaebooks.com\/es\/wp-json\/wp\/v2\/media\/12518"}],"wp:attachment":[{"href":"https:\/\/www.cfaebooks.com\/es\/wp-json\/wp\/v2\/media?parent=11866"}],"wp:term":[{"taxonomy":"product_brand","embeddable":true,"href":"https:\/\/www.cfaebooks.com\/es\/wp-json\/wp\/v2\/product_brand?post=11866"},{"taxonomy":"product_cat","embeddable":true,"href":"https:\/\/www.cfaebooks.com\/es\/wp-json\/wp\/v2\/product_cat?post=11866"},{"taxonomy":"product_tag","embeddable":true,"href":"https:\/\/www.cfaebooks.com\/es\/wp-json\/wp\/v2\/product_tag?post=11866"}],"curies":[{"name":"wp","href":"https:\/\/api.w.org\/{rel}","templated":true}]}}