{"id":11686,"date":"2025-10-09T17:20:07","date_gmt":"2025-10-09T17:20:07","guid":{"rendered":"https:\/\/www.cfaebooks.com\/?post_type=product&#038;p=11686"},"modified":"2026-04-03T08:01:48","modified_gmt":"2026-04-03T08:01:48","slug":"paquete-cfa-nivel-3","status":"publish","type":"product","link":"https:\/\/www.cfaebooks.com\/es\/products\/paquete-cfa-nivel-3\/","title":{"rendered":"2026 CFA Level 2 Bundle"},"content":{"rendered":"<p><strong>2026 CFA Level 2 Bundle<\/strong> le permite <strong>elija 4 materiales de estudio CFA cualesquiera<\/strong> - incluidos apuntes, bancos de preguntas, simulacros de examen y lecciones en v\u00eddeo.<\/p>\n\n\n\n<p><strong>Qu\u00e9 incluye:<\/strong><\/p>\n\n\n\n<ul class=\"wp-block-list\">\n<li>Elija <strong>4 materiales de estudio cualesquiera<\/strong> de <strong>CFA Nivel 2<\/strong><\/li>\n\n\n\n<li>Descarga instant\u00e1nea tras el pago<\/li>\n\n\n\n<li>Cobertura completa de todos los <strong>Temas CFA Nivel 2<\/strong><\/li>\n\n\n\n<li>El texto se puede buscar utilizando la funci\u00f3n de b\u00fasqueda del teclado del ordenador (ctrl+f) y a trav\u00e9s de la b\u00fasqueda de su smartphone\/tableta.<\/li>\n\n\n\n<li>Lecciones de v\u00eddeo en formato MP4<\/li>\n<\/ul>\n\n\n\n<p><strong>Por qu\u00e9 elegir este paquete:<\/strong><\/p>\n\n\n\n<ul class=\"wp-block-list\">\n<li>Personalice su propio conjunto de aprendizaje<\/li>\n\n\n\n<li>Ahorre m\u00e1s en comparaci\u00f3n con las compras individuales<\/li>\n\n\n\n<li>Obtenga los \u00faltimos materiales de estudio del CFA Nivel 2<\/li>\n<\/ul>","protected":false},"excerpt":{"rendered":"<p>2026 CFA Level 2 Bundle offer lets you choose any 4 CFA study materials \u2014 including notes, question banks, mock exams and video lessons. What\u2019s included: Why choose this bundle:<\/p>","protected":false},"featured_media":17116,"comment_status":"closed","ping_status":"closed","template":"","meta":[],"product_brand":[],"product_cat":[273],"product_tag":[93,88,90,178,91,92],"class_list":{"0":"post-11686","1":"product","2":"type-product","3":"status-publish","4":"has-post-thumbnail","6":"product_cat-cfa-bundles","7":"product_tag-cfa-books","8":"product_tag-cfa-ebooks","9":"product_tag-cfa-exam","10":"product_tag-cfa-level-2","11":"product_tag-cfa-prep","12":"product_tag-cfa-test","14":"first","15":"instock","16":"downloadable","17":"virtual","18":"sold-individually","19":"purchasable","20":"product-type-bopobb"},"_links":{"self":[{"href":"https:\/\/www.cfaebooks.com\/es\/wp-json\/wp\/v2\/product\/11686","targetHints":{"allow":["GET"]}}],"collection":[{"href":"https:\/\/www.cfaebooks.com\/es\/wp-json\/wp\/v2\/product"}],"about":[{"href":"https:\/\/www.cfaebooks.com\/es\/wp-json\/wp\/v2\/types\/product"}],"replies":[{"embeddable":true,"href":"https:\/\/www.cfaebooks.com\/es\/wp-json\/wp\/v2\/comments?post=11686"}],"wp:featuredmedia":[{"embeddable":true,"href":"https:\/\/www.cfaebooks.com\/es\/wp-json\/wp\/v2\/media\/17116"}],"wp:attachment":[{"href":"https:\/\/www.cfaebooks.com\/es\/wp-json\/wp\/v2\/media?parent=11686"}],"wp:term":[{"taxonomy":"product_brand","embeddable":true,"href":"https:\/\/www.cfaebooks.com\/es\/wp-json\/wp\/v2\/product_brand?post=11686"},{"taxonomy":"product_cat","embeddable":true,"href":"https:\/\/www.cfaebooks.com\/es\/wp-json\/wp\/v2\/product_cat?post=11686"},{"taxonomy":"product_tag","embeddable":true,"href":"https:\/\/www.cfaebooks.com\/es\/wp-json\/wp\/v2\/product_tag?post=11686"}],"curies":[{"name":"wp","href":"https:\/\/api.w.org\/{rel}","templated":true}]}}