{"id":11622,"date":"2025-03-19T00:22:15","date_gmt":"2025-03-19T00:22:15","guid":{"rendered":"https:\/\/www.cfaebooks.com\/?post_type=product&#038;p=11622"},"modified":"2026-04-03T08:01:45","modified_gmt":"2026-04-03T08:01:45","slug":"2025-caia-level-2-question-bank-with-topic-quiz","status":"publish","type":"product","link":"https:\/\/www.cfaebooks.com\/es\/products\/2025-caia-level-2-question-bank-with-topic-quiz\/","title":{"rendered":"2025 CAIA Nivel 2 Banco de Preguntas con Cuestionario Tem\u00e1tico"},"content":{"rendered":"<p>Para la venta es un e-libro 2025 CAIA Nivel 2 Schweser Banco de Preguntas con el Tema Quiz PDF.<\/p>\n\n\n\n<p>Incluidos los temas fluidos:<\/p>\n\n\n\n<ol class=\"wp-block-list\">\n<li>Accionistas institucionales<\/li>\n\n\n\n<li>Asignaci\u00f3n de activos<\/li>\n\n\n\n<li>Riesgos y gesti\u00f3n de riesgos<\/li>\n\n\n\n<li>M\u00e9todos y modelos<\/li>\n\n\n\n<li>Acceso a inversiones alternativas<\/li>\n\n\n\n<li>Diligencia debida y selecci\u00f3n de gestores<\/li>\n\n\n\n<li>Volatilidad y estrategias complejas<\/li>\n\n\n\n<li>Consideraciones sobre la inversi\u00f3n universal<\/li>\n\n\n\n<li>Temas emergentes<\/li>\n<\/ol>\n\n\n\n<p>Este no es un libro f\u00edsico, es una copia digital en PDF. Por favor, no lo compre si desea una copia f\u00edsica. Despu\u00e9s de la compra se puede descargar el libro electr\u00f3nico al instante.<\/p>","protected":false},"excerpt":{"rendered":"<p>For sale is an e-Book 2025 CAIA Level 2 Schweser Question Bank with Topic Quiz PDF. Including the flowing topics: This is not a physical book it is a\u00a0PDF\u00a0digital copy. Please do not purchase if you want a physical hard copy. After checkout you can download the e-Book instantly.<\/p>","protected":false},"featured_media":11899,"comment_status":"closed","ping_status":"closed","template":"","meta":[],"product_brand":[],"product_cat":[318],"product_tag":[247,319,320,251,250,248,321,322,252,330,331,249],"class_list":{"0":"post-11622","1":"product","2":"type-product","3":"status-publish","4":"has-post-thumbnail","6":"product_cat-caia-level-2","7":"product_tag-caia","8":"product_tag-caia-2025","9":"product_tag-caia-2025-study-notes","10":"product_tag-caia-books","11":"product_tag-caia-ebooks","12":"product_tag-caia-exam","13":"product_tag-caia-formula-sheet","14":"product_tag-caia-level-2","15":"product_tag-caia-prep","16":"product_tag-caia-qbank","17":"product_tag-caia-question-bank","18":"product_tag-caia-test","20":"first","21":"instock","22":"downloadable","23":"virtual","24":"sold-individually","25":"purchasable","26":"product-type-simple"},"_links":{"self":[{"href":"https:\/\/www.cfaebooks.com\/es\/wp-json\/wp\/v2\/product\/11622","targetHints":{"allow":["GET"]}}],"collection":[{"href":"https:\/\/www.cfaebooks.com\/es\/wp-json\/wp\/v2\/product"}],"about":[{"href":"https:\/\/www.cfaebooks.com\/es\/wp-json\/wp\/v2\/types\/product"}],"replies":[{"embeddable":true,"href":"https:\/\/www.cfaebooks.com\/es\/wp-json\/wp\/v2\/comments?post=11622"}],"wp:featuredmedia":[{"embeddable":true,"href":"https:\/\/www.cfaebooks.com\/es\/wp-json\/wp\/v2\/media\/11899"}],"wp:attachment":[{"href":"https:\/\/www.cfaebooks.com\/es\/wp-json\/wp\/v2\/media?parent=11622"}],"wp:term":[{"taxonomy":"product_brand","embeddable":true,"href":"https:\/\/www.cfaebooks.com\/es\/wp-json\/wp\/v2\/product_brand?post=11622"},{"taxonomy":"product_cat","embeddable":true,"href":"https:\/\/www.cfaebooks.com\/es\/wp-json\/wp\/v2\/product_cat?post=11622"},{"taxonomy":"product_tag","embeddable":true,"href":"https:\/\/www.cfaebooks.com\/es\/wp-json\/wp\/v2\/product_tag?post=11622"}],"curies":[{"name":"wp","href":"https:\/\/api.w.org\/{rel}","templated":true}]}}