{"id":11612,"date":"2024-12-22T14:15:28","date_gmt":"2024-12-22T14:15:28","guid":{"rendered":"https:\/\/www.cfaebooks.com\/?post_type=product&#038;p=11612"},"modified":"2026-04-03T08:01:42","modified_gmt":"2026-04-03T08:01:42","slug":"2025-caia-level-2-schweser-notes-with-formula-sheet","status":"publish","type":"product","link":"https:\/\/www.cfaebooks.com\/es\/products\/2025-caia-level-2-schweser-notes-with-formula-sheet\/","title":{"rendered":"2025 CAIA Nivel 2 Notas Schweser con Hoja de F\u00f3rmula"},"content":{"rendered":"<p>Para la venta es un e-Libro 2025 CAIA Schweser Notas Nivel 2 con la Hoja de F\u00f3rmula PDF.<\/p>\n\n\n\n<p><em>Incluye juego de 3 libros: <\/em><\/p>\n\n\n\n<ul class=\"wp-block-list\">\n<li><em>Libro 1 - Propietarios de activos institucionales, asignaci\u00f3n de activos y gesti\u00f3n de riesgos<\/em><\/li>\n\n\n\n<li><em>Libro 2: M\u00e9todos y modelos, Acceso a inversiones alternativas y Diligencia debida, Activos reales y Capital privado<\/em><\/li>\n\n\n\n<li><em>Libro 3: Volatilidad y estrategias complejas, Consideraciones sobre la inversi\u00f3n universal y Temas emergentes.<\/em><\/li>\n<\/ul>\n\n\n\n<p>Este no es un libro f\u00edsico, es una copia digital en PDF. Por favor, no lo compre si desea una copia f\u00edsica. Despu\u00e9s de la compra se puede descargar el libro electr\u00f3nico al instante.<\/p>","protected":false},"excerpt":{"rendered":"<p>For sale is an e-Book 2025 CAIA Schweser Notes Level 2 with Formula Sheet PDF. Includes Set of 3 books: This is not a physical book it is a&nbsp;PDF&nbsp;digital copy. Please do not purchase if you want a physical hard copy. After checkout you can download the e-Book instantly.<\/p>","protected":false},"featured_media":11614,"comment_status":"closed","ping_status":"closed","template":"","meta":[],"product_brand":[],"product_cat":[318],"product_tag":[247,319,320,251,250,248,321,322,252,249],"class_list":{"0":"post-11612","1":"product","2":"type-product","3":"status-publish","4":"has-post-thumbnail","6":"product_cat-caia-level-2","7":"product_tag-caia","8":"product_tag-caia-2025","9":"product_tag-caia-2025-study-notes","10":"product_tag-caia-books","11":"product_tag-caia-ebooks","12":"product_tag-caia-exam","13":"product_tag-caia-formula-sheet","14":"product_tag-caia-level-2","15":"product_tag-caia-prep","16":"product_tag-caia-test","18":"first","19":"instock","20":"downloadable","21":"virtual","22":"sold-individually","23":"purchasable","24":"product-type-simple"},"_links":{"self":[{"href":"https:\/\/www.cfaebooks.com\/es\/wp-json\/wp\/v2\/product\/11612","targetHints":{"allow":["GET"]}}],"collection":[{"href":"https:\/\/www.cfaebooks.com\/es\/wp-json\/wp\/v2\/product"}],"about":[{"href":"https:\/\/www.cfaebooks.com\/es\/wp-json\/wp\/v2\/types\/product"}],"replies":[{"embeddable":true,"href":"https:\/\/www.cfaebooks.com\/es\/wp-json\/wp\/v2\/comments?post=11612"}],"wp:featuredmedia":[{"embeddable":true,"href":"https:\/\/www.cfaebooks.com\/es\/wp-json\/wp\/v2\/media\/11614"}],"wp:attachment":[{"href":"https:\/\/www.cfaebooks.com\/es\/wp-json\/wp\/v2\/media?parent=11612"}],"wp:term":[{"taxonomy":"product_brand","embeddable":true,"href":"https:\/\/www.cfaebooks.com\/es\/wp-json\/wp\/v2\/product_brand?post=11612"},{"taxonomy":"product_cat","embeddable":true,"href":"https:\/\/www.cfaebooks.com\/es\/wp-json\/wp\/v2\/product_cat?post=11612"},{"taxonomy":"product_tag","embeddable":true,"href":"https:\/\/www.cfaebooks.com\/es\/wp-json\/wp\/v2\/product_tag?post=11612"}],"curies":[{"name":"wp","href":"https:\/\/api.w.org\/{rel}","templated":true}]}}