{"id":11577,"date":"2024-12-20T11:33:44","date_gmt":"2024-12-20T11:33:44","guid":{"rendered":"https:\/\/www.cfaebooks.com\/?post_type=product&#038;p=11577"},"modified":"2026-04-03T08:01:34","modified_gmt":"2026-04-03T08:01:34","slug":"2025-frm-garp-handbook-part-2-full-set-book-1-5","status":"publish","type":"product","link":"https:\/\/www.cfaebooks.com\/es\/products\/2025-frm-garp-handbook-part-2-full-set-book-1-5\/","title":{"rendered":"2025 FRM GARP Manual Parte 2 Full Set Libro 1 - 5"},"content":{"rendered":"<p>Para la venta es un e-Libro 2025 FRM Parte 2 GARP Manual Full Set Libro 1 - 5 PDF.<\/p>\n\n\n\n<p>Incluye juego de 5 libros: <\/p>\n\n\n\n<ul class=\"wp-block-list\">\n<li>Libro 1 - Medici\u00f3n y gesti\u00f3n del riesgo de mercado<\/li>\n\n\n\n<li>Libro 2 - Medici\u00f3n y gesti\u00f3n del riesgo de cr\u00e9dito<\/li>\n\n\n\n<li>Libro 3 - Riesgo operativo y resistencia<\/li>\n\n\n\n<li>Libro 4 - Medici\u00f3n del riesgo de liquidez y de tesorer\u00eda<\/li>\n\n\n\n<li>Libro 5 - Gesti\u00f3n de riesgos y gesti\u00f3n de inversiones.<\/li>\n<\/ul>\n\n\n\n<p>Este no es un libro f\u00edsico, es una copia digital en PDF. Por favor, no lo compre si desea una copia f\u00edsica. Despu\u00e9s de la compra se puede descargar el libro electr\u00f3nico al instante.<\/p>","protected":false},"excerpt":{"rendered":"<p>For sale is an e-Book 2025 FRM Part 2 GARP Handbook Full Set Book 1 &#8211; 5 PDF. Includes Set of 5 books: This is not a physical book it is a\u00a0PDF\u00a0digital copy. Please do not purchase if you want a physical hard copy. After checkout you can download the e-Book instantly.<\/p>","protected":false},"featured_media":11578,"comment_status":"closed","ping_status":"closed","template":"","meta":[],"product_brand":[],"product_cat":[325],"product_tag":[184,326,185,186,181,328,188,329,182,183,187],"class_list":{"0":"post-11577","1":"product","2":"type-product","3":"status-publish","4":"has-post-thumbnail","6":"product_cat-frm-part-2","7":"product_tag-frm","8":"product_tag-frm-2025","9":"product_tag-frm-books","10":"product_tag-frm-ebooks","11":"product_tag-frm-exam","12":"product_tag-frm-handbook","13":"product_tag-frm-part-2","14":"product_tag-frm-part-2-2025","15":"product_tag-frm-prep","16":"product_tag-frm-test","17":"product_tag-garp","19":"first","20":"instock","21":"downloadable","22":"virtual","23":"sold-individually","24":"purchasable","25":"product-type-simple"},"_links":{"self":[{"href":"https:\/\/www.cfaebooks.com\/es\/wp-json\/wp\/v2\/product\/11577","targetHints":{"allow":["GET"]}}],"collection":[{"href":"https:\/\/www.cfaebooks.com\/es\/wp-json\/wp\/v2\/product"}],"about":[{"href":"https:\/\/www.cfaebooks.com\/es\/wp-json\/wp\/v2\/types\/product"}],"replies":[{"embeddable":true,"href":"https:\/\/www.cfaebooks.com\/es\/wp-json\/wp\/v2\/comments?post=11577"}],"wp:featuredmedia":[{"embeddable":true,"href":"https:\/\/www.cfaebooks.com\/es\/wp-json\/wp\/v2\/media\/11578"}],"wp:attachment":[{"href":"https:\/\/www.cfaebooks.com\/es\/wp-json\/wp\/v2\/media?parent=11577"}],"wp:term":[{"taxonomy":"product_brand","embeddable":true,"href":"https:\/\/www.cfaebooks.com\/es\/wp-json\/wp\/v2\/product_brand?post=11577"},{"taxonomy":"product_cat","embeddable":true,"href":"https:\/\/www.cfaebooks.com\/es\/wp-json\/wp\/v2\/product_cat?post=11577"},{"taxonomy":"product_tag","embeddable":true,"href":"https:\/\/www.cfaebooks.com\/es\/wp-json\/wp\/v2\/product_tag?post=11577"}],"curies":[{"name":"wp","href":"https:\/\/api.w.org\/{rel}","templated":true}]}}