{"id":10961,"date":"2024-10-27T00:50:13","date_gmt":"2024-10-27T00:50:13","guid":{"rendered":"https:\/\/www.cfaebooks.com\/?post_type=product&#038;p=10961"},"modified":"2026-04-03T08:00:47","modified_gmt":"2026-04-03T08:00:47","slug":"2025-gleim-revision-cma-parte-2-gestion-financiera-estrategica-con-formulas-2","status":"publish","type":"product","link":"https:\/\/www.cfaebooks.com\/es\/products\/2025-gleim-revision-cma-parte-2-gestion-financiera-estrategica-con-formulas-2\/","title":{"rendered":"2025 Gleim CMA Review Parte 2 Gesti\u00f3n Financiera Estrat\u00e9gica con F\u00f3rmulas"},"content":{"rendered":"<p>Para la venta es un e-Libro 2025 Gleim CMA Revisi\u00f3n Parte 2 Gesti\u00f3n Financiera Estrat\u00e9gica con F\u00f3rmulas PDF. <\/p>\n\n\n\n<ul class=\"wp-block-list\">\n<li>No se trata de un libro f\u00edsico, sino de una copia digital en PDF.<\/li>\n\n\n\n<li>No lo compre si desea una copia f\u00edsica. Despu\u00e9s de la compra puede descargar el libro electr\u00f3nico al instante.<\/li>\n<\/ul>","protected":false},"excerpt":{"rendered":"<p>Para la venta es un e-Libro 2025 Gleim CMA Revisi\u00f3n Parte 2 Gesti\u00f3n Financiera Estrat\u00e9gica con F\u00f3rmulas PDF.<\/p>","protected":false},"featured_media":10962,"comment_status":"closed","ping_status":"closed","template":"","meta":[],"product_brand":[],"product_cat":[281],"product_tag":[282,301,292,291,288,297,304,290,286,289,305,284],"class_list":{"0":"post-10961","1":"product","2":"type-product","3":"status-publish","4":"has-post-thumbnail","6":"product_cat-cma-part-2","7":"product_tag-cma","8":"product_tag-cma-2025","9":"product_tag-cma-books","10":"product_tag-cma-ebooks","11":"product_tag-cma-exam","12":"product_tag-cma-part-2","13":"product_tag-cma-part-2-2025","14":"product_tag-cma-prep","15":"product_tag-cma-review","16":"product_tag-cma-test","17":"product_tag-cma-textbook","18":"product_tag-gleim","20":"first","21":"instock","22":"downloadable","23":"virtual","24":"sold-individually","25":"purchasable","26":"product-type-simple"},"_links":{"self":[{"href":"https:\/\/www.cfaebooks.com\/es\/wp-json\/wp\/v2\/product\/10961","targetHints":{"allow":["GET"]}}],"collection":[{"href":"https:\/\/www.cfaebooks.com\/es\/wp-json\/wp\/v2\/product"}],"about":[{"href":"https:\/\/www.cfaebooks.com\/es\/wp-json\/wp\/v2\/types\/product"}],"replies":[{"embeddable":true,"href":"https:\/\/www.cfaebooks.com\/es\/wp-json\/wp\/v2\/comments?post=10961"}],"wp:featuredmedia":[{"embeddable":true,"href":"https:\/\/www.cfaebooks.com\/es\/wp-json\/wp\/v2\/media\/10962"}],"wp:attachment":[{"href":"https:\/\/www.cfaebooks.com\/es\/wp-json\/wp\/v2\/media?parent=10961"}],"wp:term":[{"taxonomy":"product_brand","embeddable":true,"href":"https:\/\/www.cfaebooks.com\/es\/wp-json\/wp\/v2\/product_brand?post=10961"},{"taxonomy":"product_cat","embeddable":true,"href":"https:\/\/www.cfaebooks.com\/es\/wp-json\/wp\/v2\/product_cat?post=10961"},{"taxonomy":"product_tag","embeddable":true,"href":"https:\/\/www.cfaebooks.com\/es\/wp-json\/wp\/v2\/product_tag?post=10961"}],"curies":[{"name":"wp","href":"https:\/\/api.w.org\/{rel}","templated":true}]}}