{"id":10907,"date":"2024-10-25T00:17:45","date_gmt":"2024-10-25T00:17:45","guid":{"rendered":"https:\/\/www.cfaebooks.com\/?post_type=product&#038;p=10907"},"modified":"2026-04-03T08:00:28","modified_gmt":"2026-04-03T08:00:28","slug":"2024-hock-libro-de-texto-de-cma-parte-2-gestion-financiera-estrategica-2","status":"publish","type":"product","link":"https:\/\/www.cfaebooks.com\/es\/products\/2024-hock-libro-de-texto-de-cma-parte-2-gestion-financiera-estrategica-2\/","title":{"rendered":"2024 Hock CMA Libro de Texto Parte 2 Gesti\u00f3n Financiera Estrat\u00e9gica"},"content":{"rendered":"<p>Para la venta es un e-Libro 2024 Hock CMA Libro de texto Parte 2 Gesti\u00f3n Financiera Estrat\u00e9gica PDF. <\/p>\n\n\n\n<ul class=\"wp-block-list\">\n<li>No se trata de un libro f\u00edsico, sino de una copia digital en PDF. <\/li>\n\n\n\n<li>No lo compre si desea una copia f\u00edsica. <\/li>\n\n\n\n<li>Despu\u00e9s de pagar, podr\u00e1 descargar el libro electr\u00f3nico al instante.<\/li>\n<\/ul>","protected":false},"excerpt":{"rendered":"<p>Para la venta es un e-Libro 2024 Hock CMA Libro de texto Parte 2 Gesti\u00f3n Financiera Estrat\u00e9gica PDF.<\/p>","protected":false},"featured_media":10914,"comment_status":"closed","ping_status":"closed","template":"","meta":[],"product_brand":[],"product_cat":[281],"product_tag":[282,287,292,291,288,297,290,286,289,294,296],"class_list":{"0":"post-10907","1":"product","2":"type-product","3":"status-publish","4":"has-post-thumbnail","6":"product_cat-cma-part-2","7":"product_tag-cma","8":"product_tag-cma-2024","9":"product_tag-cma-books","10":"product_tag-cma-ebooks","11":"product_tag-cma-exam","12":"product_tag-cma-part-2","13":"product_tag-cma-prep","14":"product_tag-cma-review","15":"product_tag-cma-test","16":"product_tag-hock","17":"product_tag-hock-cma","19":"first","20":"instock","21":"downloadable","22":"virtual","23":"sold-individually","24":"purchasable","25":"product-type-simple"},"_links":{"self":[{"href":"https:\/\/www.cfaebooks.com\/es\/wp-json\/wp\/v2\/product\/10907","targetHints":{"allow":["GET"]}}],"collection":[{"href":"https:\/\/www.cfaebooks.com\/es\/wp-json\/wp\/v2\/product"}],"about":[{"href":"https:\/\/www.cfaebooks.com\/es\/wp-json\/wp\/v2\/types\/product"}],"replies":[{"embeddable":true,"href":"https:\/\/www.cfaebooks.com\/es\/wp-json\/wp\/v2\/comments?post=10907"}],"wp:featuredmedia":[{"embeddable":true,"href":"https:\/\/www.cfaebooks.com\/es\/wp-json\/wp\/v2\/media\/10914"}],"wp:attachment":[{"href":"https:\/\/www.cfaebooks.com\/es\/wp-json\/wp\/v2\/media?parent=10907"}],"wp:term":[{"taxonomy":"product_brand","embeddable":true,"href":"https:\/\/www.cfaebooks.com\/es\/wp-json\/wp\/v2\/product_brand?post=10907"},{"taxonomy":"product_cat","embeddable":true,"href":"https:\/\/www.cfaebooks.com\/es\/wp-json\/wp\/v2\/product_cat?post=10907"},{"taxonomy":"product_tag","embeddable":true,"href":"https:\/\/www.cfaebooks.com\/es\/wp-json\/wp\/v2\/product_tag?post=10907"}],"curies":[{"name":"wp","href":"https:\/\/api.w.org\/{rel}","templated":true}]}}