{"id":10395,"date":"2024-09-11T00:14:17","date_gmt":"2024-09-11T00:14:17","guid":{"rendered":"https:\/\/www.cfaebooks.com\/?post_type=product&#038;p=10395"},"modified":"2026-04-03T07:59:46","modified_gmt":"2026-04-03T07:59:46","slug":"2025-cfa-level-1-analystprep-video-study-notes-qbank-and-formula-sheet","status":"publish","type":"product","link":"https:\/\/www.cfaebooks.com\/es\/products\/2025-cfa-level-1-analystprep-video-study-notes-qbank-and-formula-sheet\/","title":{"rendered":"2025 CFA Nivel 1 AnalystPrep V\u00eddeo, Notas de Estudio, QBank y Hoja de F\u00f3rmulas"},"content":{"rendered":"<p>Para la venta es el 2025 CFA Nivel 1 AnalystPrep Video, Notas de Estudio, Banco de Preguntas y la Hoja de F\u00f3rmula.<\/p>\n\n\n\n<p>Incluye los siguientes temas:&nbsp;<\/p>\n\n\n\n<ul class=\"wp-block-list\">\n<li><strong>M\u00e9todos cuantitativos<\/strong><\/li>\n\n\n\n<li><strong>Econom\u00eda<\/strong><\/li>\n\n\n\n<li><strong>Empresas<\/strong><\/li>\n\n\n\n<li><strong>An\u00e1lisis de estados financieros<\/strong><\/li>\n\n\n\n<li><strong>Equidad<\/strong><\/li>\n\n\n\n<li><strong>Renta fija<\/strong><\/li>\n\n\n\n<li><strong>Derivados<\/strong><\/li>\n\n\n\n<li><strong>Inversiones alternativas<\/strong><\/li>\n\n\n\n<li><strong>Gesti\u00f3n de carteras y \u00e9tica<\/strong>.<\/li>\n<\/ul>\n\n\n\n<p>Despu\u00e9s de pagar puede descargar el libro electr\u00f3nico y el v\u00eddeo inmediatamente. Este no es un libro f\u00edsico, es una copia digital en PDF. Por favor, no lo compre si desea una copia f\u00edsica.<\/p>","protected":false},"excerpt":{"rendered":"<p>For sale is the 2025 CFA Level 1 AnalystPrep Video, Study Notes, Question Bank and Formula Sheet. Includes the following topics:&nbsp; After checkout you can download the e-Book and video immediately. This is not a physical book it is a&nbsp;PDF&nbsp;digital copy. Please do not purchase if you want a physical hard copy.<\/p>","protected":false},"featured_media":10396,"comment_status":"closed","ping_status":"closed","template":"","meta":[],"product_brand":[],"product_cat":[260],"product_tag":[203,261,93,88,90,268,87,91,92,162,161,168,271],"class_list":{"0":"post-10395","1":"product","2":"type-product","3":"status-publish","4":"has-post-thumbnail","6":"product_cat-cfa-level-1","7":"product_tag-analystprep","8":"product_tag-cfa-2025","9":"product_tag-cfa-books","10":"product_tag-cfa-ebooks","11":"product_tag-cfa-exam","12":"product_tag-cfa-level-1-2025","13":"product_tag-cfa-level-i","14":"product_tag-cfa-prep","15":"product_tag-cfa-test","16":"product_tag-qbank","17":"product_tag-question-bank","18":"product_tag-study-notes","19":"product_tag-video-lectures","21":"first","22":"instock","23":"downloadable","24":"virtual","25":"sold-individually","26":"purchasable","27":"product-type-simple"},"_links":{"self":[{"href":"https:\/\/www.cfaebooks.com\/es\/wp-json\/wp\/v2\/product\/10395","targetHints":{"allow":["GET"]}}],"collection":[{"href":"https:\/\/www.cfaebooks.com\/es\/wp-json\/wp\/v2\/product"}],"about":[{"href":"https:\/\/www.cfaebooks.com\/es\/wp-json\/wp\/v2\/types\/product"}],"replies":[{"embeddable":true,"href":"https:\/\/www.cfaebooks.com\/es\/wp-json\/wp\/v2\/comments?post=10395"}],"wp:featuredmedia":[{"embeddable":true,"href":"https:\/\/www.cfaebooks.com\/es\/wp-json\/wp\/v2\/media\/10396"}],"wp:attachment":[{"href":"https:\/\/www.cfaebooks.com\/es\/wp-json\/wp\/v2\/media?parent=10395"}],"wp:term":[{"taxonomy":"product_brand","embeddable":true,"href":"https:\/\/www.cfaebooks.com\/es\/wp-json\/wp\/v2\/product_brand?post=10395"},{"taxonomy":"product_cat","embeddable":true,"href":"https:\/\/www.cfaebooks.com\/es\/wp-json\/wp\/v2\/product_cat?post=10395"},{"taxonomy":"product_tag","embeddable":true,"href":"https:\/\/www.cfaebooks.com\/es\/wp-json\/wp\/v2\/product_tag?post=10395"}],"curies":[{"name":"wp","href":"https:\/\/api.w.org\/{rel}","templated":true}]}}