{"id":10385,"date":"2024-09-10T10:34:05","date_gmt":"2024-09-10T10:34:05","guid":{"rendered":"https:\/\/www.cfaebooks.com\/?post_type=product&#038;p=10385"},"modified":"2026-04-03T07:59:43","modified_gmt":"2026-04-03T07:59:43","slug":"2025-cfa-schweser-prerrequisito-programa-nivel-1-notas-qbank-video-2","status":"publish","type":"product","link":"https:\/\/www.cfaebooks.com\/es\/products\/2025-cfa-schweser-prerrequisito-programa-nivel-1-notas-qbank-video-2\/","title":{"rendered":"2025 CFA Schweser Programa de Requisitos Previos Nivel 1 (Notas + Qbank + Video)"},"content":{"rendered":"<p>Para la venta es el 2025 CFA Nivel 1 Schweser Programa de Requisitos Previos (Notas, Qbank, Video).<\/p>\n\n\n\n<p>Incluye los siguientes temas:&nbsp;<\/p>\n\n\n\n<ul class=\"wp-block-list\">\n<li><strong>M\u00e9todos cuantitativos<\/strong><\/li>\n\n\n\n<li><strong>Econom\u00eda<\/strong><\/li>\n\n\n\n<li><strong>An\u00e1lisis de estados financieros<\/strong>. <\/li>\n<\/ul>\n\n\n\n<p>Despu\u00e9s de pagar, podr\u00e1 descargar el libro electr\u00f3nico y el v\u00eddeo inmediatamente.<\/p>","protected":false},"excerpt":{"rendered":"<p>For sale is the 2025 CFA Level 1 Schweser Prerequisite Program (Notes, Qbank, Video). Includes the following topics:&nbsp; After checkout you can download the ebook and video immediately.<\/p>","protected":false},"featured_media":11905,"comment_status":"closed","ping_status":"closed","template":"","meta":[],"product_brand":[],"product_cat":[260,269],"product_tag":[261,93,88,90,268,87,91,92,272,271,270],"class_list":{"0":"post-10385","1":"product","2":"type-product","3":"status-publish","4":"has-post-thumbnail","6":"product_cat-cfa-level-1","7":"product_cat-cfa-video-lectures","8":"product_tag-cfa-2025","9":"product_tag-cfa-books","10":"product_tag-cfa-ebooks","11":"product_tag-cfa-exam","12":"product_tag-cfa-level-1-2025","13":"product_tag-cfa-level-i","14":"product_tag-cfa-prep","15":"product_tag-cfa-test","16":"product_tag-prerequisite-program","17":"product_tag-video-lectures","18":"product_tag-video-lessons","20":"first","21":"instock","22":"downloadable","23":"virtual","24":"sold-individually","25":"purchasable","26":"product-type-simple"},"_links":{"self":[{"href":"https:\/\/www.cfaebooks.com\/es\/wp-json\/wp\/v2\/product\/10385","targetHints":{"allow":["GET"]}}],"collection":[{"href":"https:\/\/www.cfaebooks.com\/es\/wp-json\/wp\/v2\/product"}],"about":[{"href":"https:\/\/www.cfaebooks.com\/es\/wp-json\/wp\/v2\/types\/product"}],"replies":[{"embeddable":true,"href":"https:\/\/www.cfaebooks.com\/es\/wp-json\/wp\/v2\/comments?post=10385"}],"wp:featuredmedia":[{"embeddable":true,"href":"https:\/\/www.cfaebooks.com\/es\/wp-json\/wp\/v2\/media\/11905"}],"wp:attachment":[{"href":"https:\/\/www.cfaebooks.com\/es\/wp-json\/wp\/v2\/media?parent=10385"}],"wp:term":[{"taxonomy":"product_brand","embeddable":true,"href":"https:\/\/www.cfaebooks.com\/es\/wp-json\/wp\/v2\/product_brand?post=10385"},{"taxonomy":"product_cat","embeddable":true,"href":"https:\/\/www.cfaebooks.com\/es\/wp-json\/wp\/v2\/product_cat?post=10385"},{"taxonomy":"product_tag","embeddable":true,"href":"https:\/\/www.cfaebooks.com\/es\/wp-json\/wp\/v2\/product_tag?post=10385"}],"curies":[{"name":"wp","href":"https:\/\/api.w.org\/{rel}","templated":true}]}}