{"id":10312,"date":"2024-09-07T00:51:42","date_gmt":"2024-09-07T00:51:42","guid":{"rendered":"https:\/\/www.cfaebooks.com\/?post_type=product&#038;p=10312"},"modified":"2026-04-03T07:59:26","modified_gmt":"2026-04-03T07:59:26","slug":"2024-cfa-mark-meldrum-notas-de-estudio-nivel-2","status":"publish","type":"product","link":"https:\/\/www.cfaebooks.com\/es\/products\/2024-cfa-mark-meldrum-notas-de-estudio-nivel-2\/","title":{"rendered":"2024 CFA Mark Meldrum Notas de estudio Nivel 2"},"content":{"rendered":"<p>Para la venta es un e-libro 2024 CFA Mark Meldrum Notas de Estudio Nivel 2 PDF. <\/p>\n\n\n\n<p>Incluye los siguientes temas: <\/p>\n\n\n\n<ul class=\"wp-block-list\">\n<li><em>Inversiones alternativas<\/em><\/li>\n\n\n\n<li><em>Empresas emisoras<\/em><\/li>\n\n\n\n<li><em>Derivado, Econ\u00f3mico<\/em><\/li>\n\n\n\n<li><em>Equidad y normas \u00e9ticas y profesionales<\/em><\/li>\n\n\n\n<li><em>An\u00e1lisis de estados financieros<\/em><\/li>\n\n\n\n<li><em>Renta fija<\/em><\/li>\n\n\n\n<li><em>Gesti\u00f3n de carteras y m\u00e9todos cuantitativos<\/em>.<\/li>\n<\/ul>\n\n\n\n<p>Este no es un libro f\u00edsico, es una copia digital en PDF. Por favor, no lo compre si desea una copia f\u00edsica. Despu\u00e9s de la compra puede descargar el libro electr\u00f3nico inmediatamente.<\/p>","protected":false},"excerpt":{"rendered":"<p>For sale is an e-Book 2024 CFA Mark Meldrum Study Notes Level 2 PDF. Includes the following topics: This is not a physical book it is a&nbsp;PDF&nbsp;digital copy. Please do not purchase if you want a physical hard copy. After checkout you can download the e-Book immediately.<\/p>","protected":false},"featured_media":10313,"comment_status":"closed","ping_status":"closed","template":"","meta":[],"product_brand":[],"product_cat":[266],"product_tag":[86,93,88,90,178,91,92,165,168],"class_list":{"0":"post-10312","1":"product","2":"type-product","3":"status-publish","4":"has-post-thumbnail","6":"product_cat-cfa-level-2","7":"product_tag-cfa-2024","8":"product_tag-cfa-books","9":"product_tag-cfa-ebooks","10":"product_tag-cfa-exam","11":"product_tag-cfa-level-2","12":"product_tag-cfa-prep","13":"product_tag-cfa-test","14":"product_tag-mark-meldrum","15":"product_tag-study-notes","17":"first","18":"instock","19":"downloadable","20":"virtual","21":"sold-individually","22":"purchasable","23":"product-type-simple"},"_links":{"self":[{"href":"https:\/\/www.cfaebooks.com\/es\/wp-json\/wp\/v2\/product\/10312","targetHints":{"allow":["GET"]}}],"collection":[{"href":"https:\/\/www.cfaebooks.com\/es\/wp-json\/wp\/v2\/product"}],"about":[{"href":"https:\/\/www.cfaebooks.com\/es\/wp-json\/wp\/v2\/types\/product"}],"replies":[{"embeddable":true,"href":"https:\/\/www.cfaebooks.com\/es\/wp-json\/wp\/v2\/comments?post=10312"}],"wp:featuredmedia":[{"embeddable":true,"href":"https:\/\/www.cfaebooks.com\/es\/wp-json\/wp\/v2\/media\/10313"}],"wp:attachment":[{"href":"https:\/\/www.cfaebooks.com\/es\/wp-json\/wp\/v2\/media?parent=10312"}],"wp:term":[{"taxonomy":"product_brand","embeddable":true,"href":"https:\/\/www.cfaebooks.com\/es\/wp-json\/wp\/v2\/product_brand?post=10312"},{"taxonomy":"product_cat","embeddable":true,"href":"https:\/\/www.cfaebooks.com\/es\/wp-json\/wp\/v2\/product_cat?post=10312"},{"taxonomy":"product_tag","embeddable":true,"href":"https:\/\/www.cfaebooks.com\/es\/wp-json\/wp\/v2\/product_tag?post=10312"}],"curies":[{"name":"wp","href":"https:\/\/api.w.org\/{rel}","templated":true}]}}