{"id":10263,"date":"2024-09-02T15:04:00","date_gmt":"2024-09-02T15:04:00","guid":{"rendered":"https:\/\/www.cfaebooks.com\/?post_type=product&#038;p=10263"},"modified":"2026-04-03T07:59:24","modified_gmt":"2026-04-03T07:59:24","slug":"2025-cfa-schweser-notes-level-3-portfolio-management-pathway-with-quicksheet","status":"publish","type":"product","link":"https:\/\/www.cfaebooks.com\/es\/products\/2025-cfa-schweser-notes-level-3-portfolio-management-pathway-with-quicksheet\/","title":{"rendered":"2025 CFA Schweser Notes Level 3 Portfolio Management Pathway con Quicksheet"},"content":{"rendered":"<p>Para la venta es un e-Libro 2025 CFA Nivel 3 Schweser Notas Portfolio Management Pathway con Quicksheet con Quicksheet PDF.<\/p>\n\n\n\n<p>Incluye juego de 4 libros: <\/p>\n\n\n\n<ul class=\"wp-block-list\">\n<li>Libro 1: Asignaci\u00f3n de activos<\/li>\n\n\n\n<li>Libro 2: Construcci\u00f3n de carteras y medici\u00f3n de resultados<\/li>\n\n\n\n<li>Libro 3: Derivados, gesti\u00f3n de riesgos y normas \u00e9ticas y profesionales<\/li>\n\n\n\n<li>Libro 4: El camino de la gesti\u00f3n de carteras<\/li>\n<\/ul>\n\n\n\n<p>Este no es un libro f\u00edsico, es una copia digital en PDF. Por favor, no lo compre si desea una copia f\u00edsica. Despu\u00e9s de la compra puede descargar el libro electr\u00f3nico inmediatamente.<\/p>","protected":false},"excerpt":{"rendered":"<p>For sale is an e-Book 2025 CFA Level 3 Schweser Notes Portfolio Management Pathway with Quicksheet with Quicksheet PDF. Includes Set of 4 books: This is not a physical book it is a&nbsp;PDF&nbsp;digital copy. Please do not purchase if you want a physical hard copy. After checkout you can download the e-Book immediately.<\/p>","protected":false},"featured_media":10264,"comment_status":"closed","ping_status":"closed","template":"","meta":[],"product_brand":[],"product_cat":[265],"product_tag":[261,93,88,90,180,91,92,179,168],"class_list":{"0":"post-10263","1":"product","2":"type-product","3":"status-publish","4":"has-post-thumbnail","6":"product_cat-cfa-level-3","7":"product_tag-cfa-2025","8":"product_tag-cfa-books","9":"product_tag-cfa-ebooks","10":"product_tag-cfa-exam","11":"product_tag-cfa-level-3","12":"product_tag-cfa-prep","13":"product_tag-cfa-test","14":"product_tag-schweser-notes","15":"product_tag-study-notes","17":"first","18":"instock","19":"downloadable","20":"virtual","21":"sold-individually","22":"purchasable","23":"product-type-simple"},"_links":{"self":[{"href":"https:\/\/www.cfaebooks.com\/es\/wp-json\/wp\/v2\/product\/10263","targetHints":{"allow":["GET"]}}],"collection":[{"href":"https:\/\/www.cfaebooks.com\/es\/wp-json\/wp\/v2\/product"}],"about":[{"href":"https:\/\/www.cfaebooks.com\/es\/wp-json\/wp\/v2\/types\/product"}],"replies":[{"embeddable":true,"href":"https:\/\/www.cfaebooks.com\/es\/wp-json\/wp\/v2\/comments?post=10263"}],"wp:featuredmedia":[{"embeddable":true,"href":"https:\/\/www.cfaebooks.com\/es\/wp-json\/wp\/v2\/media\/10264"}],"wp:attachment":[{"href":"https:\/\/www.cfaebooks.com\/es\/wp-json\/wp\/v2\/media?parent=10263"}],"wp:term":[{"taxonomy":"product_brand","embeddable":true,"href":"https:\/\/www.cfaebooks.com\/es\/wp-json\/wp\/v2\/product_brand?post=10263"},{"taxonomy":"product_cat","embeddable":true,"href":"https:\/\/www.cfaebooks.com\/es\/wp-json\/wp\/v2\/product_cat?post=10263"},{"taxonomy":"product_tag","embeddable":true,"href":"https:\/\/www.cfaebooks.com\/es\/wp-json\/wp\/v2\/product_tag?post=10263"}],"curies":[{"name":"wp","href":"https:\/\/api.w.org\/{rel}","templated":true}]}}