{"id":8795,"date":"2024-03-22T13:16:51","date_gmt":"2024-03-22T13:16:51","guid":{"rendered":"https:\/\/www.cfaebooks.com\/?page_id=8795"},"modified":"2024-03-22T14:19:25","modified_gmt":"2024-03-22T14:19:25","slug":"condiciones-de-uso","status":"publish","type":"page","link":"https:\/\/www.cfaebooks.com\/es\/terms-of-use\/","title":{"rendered":"Condiciones de uso"},"content":{"rendered":"<p>Los CFAeBooks est\u00e1n disponibles en todo el mundo para todas las personas, independientemente de su edad, sexo, raza, nacionalidad o religi\u00f3n.<\/p>\n\n\n\n<h3 class=\"wp-block-heading\">Descargo de responsabilidad<\/h3>\n\n\n\n<p>Secci\u00f3n 107 de la Ley de Propiedad Intelectual Uso razonable Contenidos. Con fines educativos y did\u00e1cticos. No con fines comerciales.<\/p>\n\n\n\n<h3 class=\"wp-block-heading\">Enlaces externos Descargo de responsabilidad<\/h3>\n\n\n\n<p>El Sitio puede contener (o usted puede ser enviado a trav\u00e9s del Sitio) enlaces a otros sitios web o contenidos pertenecientes u originados por terceros o enlaces a sitios web y caracter\u00edsticas en banners u otro tipo de publicidad. No investigamos, supervisamos ni comprobamos la exactitud, adecuaci\u00f3n, validez, fiabilidad, disponibilidad o integridad de dichos enlaces externos. NO GARANTIZAMOS, AVALAMOS NI ASUMIMOS RESPONSABILIDAD ALGUNA POR LA EXACTITUD O FIABILIDAD DE LA INFORMACI\u00d3N OFRECIDA POR SITIOS WEB DE TERCEROS ENLAZADOS A TRAV\u00c9S DEL SITIO O CUALQUIER SITIO WEB O FUNCI\u00d3N ENLAZADA EN CUALQUIER BANNER U OTRO TIPO DE PUBLICIDAD. NO SEREMOS PARTE NI RESPONSABLES EN MODO ALGUNO DE LA SUPERVISI\u00d3N DE CUALQUIER TRANSACCI\u00d3N ENTRE USTED Y TERCEROS PROVEEDORES DE PRODUCTOS O SERVICIOS.<\/p>\n\n\n\n<h3 class=\"wp-block-heading\">Marcas, logotipos y nombres comerciales Descargo de responsabilidad<\/h3>\n\n\n\n<p>Todas las marcas comerciales, logotipos y nombres de marca son propiedad de sus respectivos due\u00f1os o de sus filiales.<\/p>\n\n\n\n<h3 class=\"wp-block-heading\">Descargo de responsabilidad DMCA<\/h3>\n\n\n\n<p>NO alojamos ning\u00fan contenido protegido por derechos de autor en nuestro sitio web, se trata de un cat\u00e1logo de enlaces ya encontrados en Internet. Consulte nuestra\u00a0<a href=\"\/es\/dmca\/\">Pol\u00edtica DMCA<\/a>. Si cree que se han violado sus derechos de autor, p\u00f3ngase en contacto con nosotros inmediatamente; los contenidos afectados se retirar\u00e1n de forma permanente en 24 horas.\u00a0<a href=\"\/es\/pongase-en-contacto-con\/\">P\u00f3ngase en contacto con nosotros<\/a>.<\/p>\n\n\n\n<h2 class=\"wp-block-heading\">Pol\u00edtica de privacidad y cookies<\/h2>\n\n\n\n<p>CFAeBooks respalda plenamente y se adhiere a los principios de protecci\u00f3n de datos, seg\u00fan lo establecido en el Reglamento General de Protecci\u00f3n de Datos de la UE (GDPR) 2018. CFAeBooks se compromete a proteger la privacidad de los usuarios. Apreciamos que los visitantes y usuarios de este sitio web est\u00e9n preocupados por la confidencialidad y seguridad de cualquier informaci\u00f3n que se nos proporcione.<\/p>\n\n\n\n<p>Consulte nuestro&nbsp;<a href=\"\/es\/politica-de-privacidad-2\/\">Pol\u00edtica de privacidad<\/a><\/p>\n\n\n\n<p>Consulte nuestro&nbsp;<a href=\"\/es\/politica-de-privacidad-2\/#cookies\">Pol\u00edtica de cookies aqu\u00ed<\/a><\/p>\n\n\n\n<p>Si tiene alguna pregunta sobre este documento o nuestras condiciones de uso, por favor&nbsp;<a href=\"\/es\/pongase-en-contacto-con\/\">Contacto<\/a>.<\/p>","protected":false},"excerpt":{"rendered":"<p>CFAeBooks&nbsp;are made available worldwide to all persons, regardless of age, gender, race, nationality, or religion. Copyright Disclaimer Section 107 of the Copyright Act Fair Use Contents. Purpose of Education &amp; Teaching Intention. Not for commercial purpose. External Links Disclaimer The Site may contain (or you may be sent through the Site) links to other websites [&hellip;]<\/p>\n","protected":false},"author":1,"featured_media":0,"parent":0,"menu_order":0,"comment_status":"closed","ping_status":"closed","template":"template-fullwidth.php","meta":{"footnotes":""},"class_list":["post-8795","page","type-page","status-publish","hentry"],"_links":{"self":[{"href":"https:\/\/www.cfaebooks.com\/es\/wp-json\/wp\/v2\/pages\/8795","targetHints":{"allow":["GET"]}}],"collection":[{"href":"https:\/\/www.cfaebooks.com\/es\/wp-json\/wp\/v2\/pages"}],"about":[{"href":"https:\/\/www.cfaebooks.com\/es\/wp-json\/wp\/v2\/types\/page"}],"author":[{"embeddable":true,"href":"https:\/\/www.cfaebooks.com\/es\/wp-json\/wp\/v2\/users\/1"}],"replies":[{"embeddable":true,"href":"https:\/\/www.cfaebooks.com\/es\/wp-json\/wp\/v2\/comments?post=8795"}],"version-history":[{"count":0,"href":"https:\/\/www.cfaebooks.com\/es\/wp-json\/wp\/v2\/pages\/8795\/revisions"}],"wp:attachment":[{"href":"https:\/\/www.cfaebooks.com\/es\/wp-json\/wp\/v2\/media?parent=8795"}],"curies":[{"name":"wp","href":"https:\/\/api.w.org\/{rel}","templated":true}]}}