{"id":8770,"date":"2024-03-22T06:54:56","date_gmt":"2024-03-22T06:54:56","guid":{"rendered":"https:\/\/www.cfaebooks.com\/?page_id=8770"},"modified":"2026-03-14T02:35:20","modified_gmt":"2026-03-14T02:35:20","slug":"politica-de-pagos-y-devoluciones","status":"publish","type":"page","link":"https:\/\/www.cfaebooks.com\/es\/payment-and-refund-policy\/","title":{"rendered":"Pol\u00edtica de pagos y reembolsos"},"content":{"rendered":"<h3 class=\"wp-block-heading\">Pol\u00edtica de pagos<\/h3>\n\n\n\n<p>We accept payment via PayPal and Debit \/ Credit Card.<\/p>\n\n\n\n<figure class=\"wp-block-image size-medium\"><img decoding=\"async\" width=\"300\" height=\"28\" src=\"https:\/\/www.cfaebooks.com\/wp-content\/uploads\/2026\/02\/payment-card-300x28.png\" alt=\"payment card\" class=\"wp-image-16252\" srcset=\"https:\/\/www.cfaebooks.com\/wp-content\/uploads\/2026\/02\/payment-card-300x28.png 300w, https:\/\/www.cfaebooks.com\/wp-content\/uploads\/2026\/02\/payment-card-768x71.png 768w, https:\/\/www.cfaebooks.com\/wp-content\/uploads\/2026\/02\/payment-card-18x2.png 18w, https:\/\/www.cfaebooks.com\/wp-content\/uploads\/2026\/02\/payment-card-441x41.png 441w, https:\/\/www.cfaebooks.com\/wp-content\/uploads\/2026\/02\/payment-card-150x14.png 150w, https:\/\/www.cfaebooks.com\/wp-content\/uploads\/2026\/02\/payment-card-64x6.png 64w, https:\/\/www.cfaebooks.com\/wp-content\/uploads\/2026\/02\/payment-card.png 774w\" sizes=\"(max-width: 300px) 100vw, 300px\" \/><\/figure>\n\n\n\n<h3 class=\"wp-block-heading\">Pol\u00edtica de reembolso<\/h3>\n\n\n\n<p>CFA eBooks ofrece reembolsos completos bajo las siguientes condiciones:<\/p>\n\n\n\n<ul class=\"wp-block-list\">\n<li>El art\u00edculo no se ha descargado.<\/li>\n\n\n\n<li>The product downloaded is not as described.<\/li>\n\n\n\n<li>La compra se hizo por error.<\/li>\n<\/ul>\n\n\n\n<h3 class=\"wp-block-heading\">C\u00f3mo solicitar una devoluci\u00f3n<\/h3>\n\n\n\n<p>Si ha realizado una compra por error, evite descargar el archivo y p\u00f3ngase en contacto con nosotros lo antes posible. Nuestro equipo revisar\u00e1 tu solicitud y tramitar\u00e1 el reembolso con prontitud.<\/p>\n\n\n\n<p>Sin embargo, una vez descargado el art\u00edculo, consideramos que la compra es definitiva y no reembolsable.<\/p>\n\n\n\n<p>Agradecemos su comprensi\u00f3n y cooperaci\u00f3n con nuestra pol\u00edtica de devoluciones. Si tiene alguna pregunta o necesita m\u00e1s aclaraciones, no dude en&nbsp;<a href=\"\/es\/pongase-en-contacto-con\/\">p\u00f3ngase en contacto con<\/a>&nbsp;nuestro equipo de asistencia.<\/p>\n\n\n\n<p>Gracias.<\/p>","protected":false},"excerpt":{"rendered":"<p>Payment Policy We accept payment via PayPal and Debit \/ Credit Card. Refund Policy CFA eBooks provides full refunds under the following conditions: How to Request a Refund If you made a purchase by mistake, please avoid downloading the file and contact us as soon as possible. Our team will review your request and process [&hellip;]<\/p>\n","protected":false},"author":1,"featured_media":0,"parent":0,"menu_order":0,"comment_status":"closed","ping_status":"closed","template":"template-fullwidth.php","meta":{"footnotes":""},"class_list":["post-8770","page","type-page","status-publish","hentry"],"_links":{"self":[{"href":"https:\/\/www.cfaebooks.com\/es\/wp-json\/wp\/v2\/pages\/8770","targetHints":{"allow":["GET"]}}],"collection":[{"href":"https:\/\/www.cfaebooks.com\/es\/wp-json\/wp\/v2\/pages"}],"about":[{"href":"https:\/\/www.cfaebooks.com\/es\/wp-json\/wp\/v2\/types\/page"}],"author":[{"embeddable":true,"href":"https:\/\/www.cfaebooks.com\/es\/wp-json\/wp\/v2\/users\/1"}],"replies":[{"embeddable":true,"href":"https:\/\/www.cfaebooks.com\/es\/wp-json\/wp\/v2\/comments?post=8770"}],"version-history":[{"count":4,"href":"https:\/\/www.cfaebooks.com\/es\/wp-json\/wp\/v2\/pages\/8770\/revisions"}],"predecessor-version":[{"id":16784,"href":"https:\/\/www.cfaebooks.com\/es\/wp-json\/wp\/v2\/pages\/8770\/revisions\/16784"}],"wp:attachment":[{"href":"https:\/\/www.cfaebooks.com\/es\/wp-json\/wp\/v2\/media?parent=8770"}],"curies":[{"name":"wp","href":"https:\/\/api.w.org\/{rel}","templated":true}]}}