{"id":15792,"date":"2026-01-10T01:03:31","date_gmt":"2026-01-10T01:03:31","guid":{"rendered":"https:\/\/www.cfaebooks.com\/?post_type=product&#038;p=15792"},"modified":"2026-04-03T08:09:02","modified_gmt":"2026-04-03T08:09:02","slug":"2026-cfa-level-3-schweser-mock-exam-private-wealth","status":"publish","type":"product","link":"https:\/\/www.cfaebooks.com\/de\/products\/2026-cfa-level-3-schweser-mock-exam-private-wealth\/","title":{"rendered":"2026 CFA Level 3 Schweser Mock Exam Private Wealth"},"content":{"rendered":"<p>Zum Verkauf steht ein e-Book <strong>CFA 2026 Level 3 Schweser Mock Exam Private Wealth<\/strong>.<\/p>\n\n\n\n<ul class=\"wp-block-list\">\n<li>Enth\u00e4lt 6 Probepr\u00fcfungen<\/li>\n\n\n\n<li>Mehr als 500 Fragen und Antworten<\/li>\n\n\n\n<li>Enth\u00e4lt eine separate Datei f\u00fcr Fragen und Antworten, so dass Sie die Fragen bearbeiten und Ihre Antworten vergleichen k\u00f6nnen<\/li>\n<\/ul>\n\n\n\n<p>Der Text kann mit der Suchfunktion auf Ihrer Computertastatur \"ctrl+f\" und \u00fcber die Suche auf Ihrem Smartphone\/Tablet durchsucht werden. Es handelt sich nicht um physische B\u00fccher, sondern um digitale PDF-Kopien. Bitte kaufen Sie sie nicht, wenn Sie ein physisches Exemplar haben m\u00f6chten.<\/p>\n\n\n\n<p>Nach dem Bezahlen k\u00f6nnen Sie das eBook sofort herunterladen.<\/p>","protected":false},"excerpt":{"rendered":"<p>For sale is an e-Book CFA 2026 Level 3 Schweser Mock Exam Private Wealth. The text is searchable using the find feature on your computer keyboard \u2018ctrl+f\u2019 and through search on your smartphone\/tablet. These are not physical books they are PDF digital copies. Please do not purchase if you want a physical hard copy. After [&hellip;]<\/p>\n","protected":false},"featured_media":15794,"comment_status":"closed","ping_status":"closed","template":"","meta":[],"product_brand":[],"product_cat":[265],"product_tag":[369,93,88,90,180,371,361,91,363,92,176,394,405],"class_list":{"0":"post-15792","1":"product","2":"type-product","3":"status-publish","4":"has-post-thumbnail","6":"product_cat-cfa-level-3","7":"product_tag-cfa-2026","8":"product_tag-cfa-books","9":"product_tag-cfa-ebooks","10":"product_tag-cfa-exam","11":"product_tag-cfa-level-3","12":"product_tag-cfa-level-3-2026","13":"product_tag-cfa-mock-exams","14":"product_tag-cfa-prep","15":"product_tag-cfa-study-notes","16":"product_tag-cfa-test","17":"product_tag-mock-exam","18":"product_tag-schweser","19":"product_tag-schweser-mock-exam","21":"first","22":"instock","23":"downloadable","24":"virtual","25":"sold-individually","26":"purchasable","27":"product-type-simple"},"_links":{"self":[{"href":"https:\/\/www.cfaebooks.com\/de\/wp-json\/wp\/v2\/product\/15792","targetHints":{"allow":["GET"]}}],"collection":[{"href":"https:\/\/www.cfaebooks.com\/de\/wp-json\/wp\/v2\/product"}],"about":[{"href":"https:\/\/www.cfaebooks.com\/de\/wp-json\/wp\/v2\/types\/product"}],"replies":[{"embeddable":true,"href":"https:\/\/www.cfaebooks.com\/de\/wp-json\/wp\/v2\/comments?post=15792"}],"wp:featuredmedia":[{"embeddable":true,"href":"https:\/\/www.cfaebooks.com\/de\/wp-json\/wp\/v2\/media\/15794"}],"wp:attachment":[{"href":"https:\/\/www.cfaebooks.com\/de\/wp-json\/wp\/v2\/media?parent=15792"}],"wp:term":[{"taxonomy":"product_brand","embeddable":true,"href":"https:\/\/www.cfaebooks.com\/de\/wp-json\/wp\/v2\/product_brand?post=15792"},{"taxonomy":"product_cat","embeddable":true,"href":"https:\/\/www.cfaebooks.com\/de\/wp-json\/wp\/v2\/product_cat?post=15792"},{"taxonomy":"product_tag","embeddable":true,"href":"https:\/\/www.cfaebooks.com\/de\/wp-json\/wp\/v2\/product_tag?post=15792"}],"curies":[{"name":"wp","href":"https:\/\/api.w.org\/{rel}","templated":true}]}}