{"id":15002,"date":"2025-11-10T04:57:41","date_gmt":"2025-11-10T04:57:41","guid":{"rendered":"https:\/\/www.cfaebooks.com\/?post_type=product&#038;p=15002"},"modified":"2026-04-03T08:07:23","modified_gmt":"2026-04-03T08:07:23","slug":"cfa-2026-finquiz-mock-exams-level-3-portfolio-management-pathway","status":"publish","type":"product","link":"https:\/\/www.cfaebooks.com\/de\/products\/cfa-2026-finquiz-mock-exams-level-3-portfolio-management-pathway\/","title":{"rendered":"CFA 2026 Finquiz-Probepr\u00fcfungen Stufe 3 Portfoliomanagement-Studiengang"},"content":{"rendered":"<p>For sale is an e-Book CFA 2026 Finquiz Mock Exams Level 3 Portfolio Management Pathway PDF.<\/p>\n\n\n\n<ul class=\"wp-block-list\">\n<li>Einschlie\u00dflich\u00a0<strong>6 mock exams<\/strong>, jeweils mit\u00a0<strong>2 Sitzungen<\/strong>.<\/li>\n\n\n\n<li>Enth\u00e4lt eine separate Datei f\u00fcr Fragen und Antworten, so dass Sie die Fragen bearbeiten und Ihre Antworten vergleichen k\u00f6nnen<\/li>\n\n\n\n<li>Der Text kann mit der Suchfunktion auf der Computertastatur \"ctrl+f\" und \u00fcber die Suche auf dem Smartphone\/Tablet durchsucht werden<\/li>\n\n\n\n<li>Es handelt sich nicht um ein physisches Buch, sondern um eine digitale PDF-Kopie. Bitte kaufen Sie es nicht, wenn Sie ein physisches Exemplar haben m\u00f6chten.<\/li>\n\n\n\n<li>Nach der Bestellung k\u00f6nnen Sie das E-Book sofort herunterladen.<\/li>\n<\/ul>","protected":false},"excerpt":{"rendered":"<p>For sale is an e-Book CFA 2026 Finquiz Mock Exams Level 3 Portfolio Management Pathway PDF.<\/p>","protected":false},"featured_media":15003,"comment_status":"closed","ping_status":"closed","template":"","meta":[],"product_brand":[],"product_cat":[265],"product_tag":[369,93,88,90,371,361,311,91,92,383,176],"class_list":{"0":"post-15002","1":"product","2":"type-product","3":"status-publish","4":"has-post-thumbnail","6":"product_cat-cfa-level-3","7":"product_tag-cfa-2026","8":"product_tag-cfa-books","9":"product_tag-cfa-ebooks","10":"product_tag-cfa-exam","11":"product_tag-cfa-level-3-2026","12":"product_tag-cfa-mock-exams","13":"product_tag-cfa-mocks","14":"product_tag-cfa-prep","15":"product_tag-cfa-test","16":"product_tag-finquiz","17":"product_tag-mock-exam","19":"first","20":"instock","21":"downloadable","22":"virtual","23":"sold-individually","24":"purchasable","25":"product-type-simple"},"_links":{"self":[{"href":"https:\/\/www.cfaebooks.com\/de\/wp-json\/wp\/v2\/product\/15002","targetHints":{"allow":["GET"]}}],"collection":[{"href":"https:\/\/www.cfaebooks.com\/de\/wp-json\/wp\/v2\/product"}],"about":[{"href":"https:\/\/www.cfaebooks.com\/de\/wp-json\/wp\/v2\/types\/product"}],"replies":[{"embeddable":true,"href":"https:\/\/www.cfaebooks.com\/de\/wp-json\/wp\/v2\/comments?post=15002"}],"wp:featuredmedia":[{"embeddable":true,"href":"https:\/\/www.cfaebooks.com\/de\/wp-json\/wp\/v2\/media\/15003"}],"wp:attachment":[{"href":"https:\/\/www.cfaebooks.com\/de\/wp-json\/wp\/v2\/media?parent=15002"}],"wp:term":[{"taxonomy":"product_brand","embeddable":true,"href":"https:\/\/www.cfaebooks.com\/de\/wp-json\/wp\/v2\/product_brand?post=15002"},{"taxonomy":"product_cat","embeddable":true,"href":"https:\/\/www.cfaebooks.com\/de\/wp-json\/wp\/v2\/product_cat?post=15002"},{"taxonomy":"product_tag","embeddable":true,"href":"https:\/\/www.cfaebooks.com\/de\/wp-json\/wp\/v2\/product_tag?post=15002"}],"curies":[{"name":"wp","href":"https:\/\/api.w.org\/{rel}","templated":true}]}}