{"id":14107,"date":"2025-10-04T15:37:46","date_gmt":"2025-10-04T15:37:46","guid":{"rendered":"https:\/\/www.cfaebooks.com\/?post_type=product&#038;p=14107"},"modified":"2026-04-03T08:06:23","modified_gmt":"2026-04-03T08:06:23","slug":"cfa-2026-stufe-3-salz-losungen-probeprufungen-alle-pfade-2","status":"publish","type":"product","link":"https:\/\/www.cfaebooks.com\/de\/products\/cfa-2026-stufe-3-salz-losungen-probeprufungen-alle-pfade-2\/","title":{"rendered":"CFA 2026 Stufe 3 Salzl\u00f6sungen Probepr\u00fcfungen (alle Studieng\u00e4nge)"},"content":{"rendered":"<p>Zum Verkauf steht ein e-Book 2026 CFA Salt Solutions Mock Exams Level 3 All Pathways PDF.<\/p>\n\n\n\n<ul class=\"wp-block-list\">\n<li>Einschlie\u00dflich 9 Probeklausuren mit jeweils 2 Sitzungen.<\/li>\n\n\n\n<li>Einschlie\u00dflich: \n<ul class=\"wp-block-list\">\n<li>Weg zum Portfoliomanagement<\/li>\n\n\n\n<li>Private M\u00e4rkte Pfad<\/li>\n\n\n\n<li>Weg des privaten Verm\u00f6gens<\/li>\n<\/ul>\n<\/li>\n\n\n\n<li>Enth\u00e4lt eine separate Datei f\u00fcr Fragen und Antworten, so dass Sie die Fragen bearbeiten und Ihre Antworten vergleichen k\u00f6nnen<\/li>\n\n\n\n<li>Der Text kann mit der Suchfunktion auf der Computertastatur \"ctrl+f\" und \u00fcber die Suche auf dem Smartphone\/Tablet durchsucht werden<\/li>\n\n\n\n<li>Es handelt sich nicht um ein physisches Buch, sondern um eine digitale PDF-Kopie. Bitte kaufen Sie es nicht, wenn Sie ein physisches Exemplar haben m\u00f6chten.<\/li>\n\n\n\n<li>Nach dem Kauf k\u00f6nnen Sie das E-Book sofort herunterladen.<\/li>\n<\/ul>","protected":false},"excerpt":{"rendered":"<p>Zum Verkauf steht ein e-Book 2026 CFA Salt Solutions Mock Exams Level 3 All Pathways PDF.<\/p>","protected":false},"featured_media":14089,"comment_status":"closed","ping_status":"closed","template":"","meta":[],"product_brand":[],"product_cat":[265],"product_tag":[369,93,88,90,180,371,361,311,91,92],"class_list":{"0":"post-14107","1":"product","2":"type-product","3":"status-publish","4":"has-post-thumbnail","6":"product_cat-cfa-level-3","7":"product_tag-cfa-2026","8":"product_tag-cfa-books","9":"product_tag-cfa-ebooks","10":"product_tag-cfa-exam","11":"product_tag-cfa-level-3","12":"product_tag-cfa-level-3-2026","13":"product_tag-cfa-mock-exams","14":"product_tag-cfa-mocks","15":"product_tag-cfa-prep","16":"product_tag-cfa-test","18":"first","19":"instock","20":"downloadable","21":"virtual","22":"sold-individually","23":"purchasable","24":"product-type-simple"},"_links":{"self":[{"href":"https:\/\/www.cfaebooks.com\/de\/wp-json\/wp\/v2\/product\/14107","targetHints":{"allow":["GET"]}}],"collection":[{"href":"https:\/\/www.cfaebooks.com\/de\/wp-json\/wp\/v2\/product"}],"about":[{"href":"https:\/\/www.cfaebooks.com\/de\/wp-json\/wp\/v2\/types\/product"}],"replies":[{"embeddable":true,"href":"https:\/\/www.cfaebooks.com\/de\/wp-json\/wp\/v2\/comments?post=14107"}],"wp:featuredmedia":[{"embeddable":true,"href":"https:\/\/www.cfaebooks.com\/de\/wp-json\/wp\/v2\/media\/14089"}],"wp:attachment":[{"href":"https:\/\/www.cfaebooks.com\/de\/wp-json\/wp\/v2\/media?parent=14107"}],"wp:term":[{"taxonomy":"product_brand","embeddable":true,"href":"https:\/\/www.cfaebooks.com\/de\/wp-json\/wp\/v2\/product_brand?post=14107"},{"taxonomy":"product_cat","embeddable":true,"href":"https:\/\/www.cfaebooks.com\/de\/wp-json\/wp\/v2\/product_cat?post=14107"},{"taxonomy":"product_tag","embeddable":true,"href":"https:\/\/www.cfaebooks.com\/de\/wp-json\/wp\/v2\/product_tag?post=14107"}],"curies":[{"name":"wp","href":"https:\/\/api.w.org\/{rel}","templated":true}]}}