{"id":14026,"date":"2025-10-04T00:12:56","date_gmt":"2025-10-04T00:12:56","guid":{"rendered":"https:\/\/www.cfaebooks.com\/?post_type=product&#038;p=14026"},"modified":"2026-04-03T08:05:58","modified_gmt":"2026-04-03T08:05:58","slug":"cfa-2026-level-1-salt-solutions-question-bank","status":"publish","type":"product","link":"https:\/\/www.cfaebooks.com\/de\/products\/cfa-2026-level-1-salt-solutions-question-bank\/","title":{"rendered":"CFA 2026 Level 1 Salzl\u00f6sungen Fragenbank"},"content":{"rendered":"<p>Zum Verkauf steht ein e-Book 2026 CFA Level 1 Salt Solutions Question Bank PDF.<\/p>\n\n\n\n<ul class=\"wp-block-list\">\n<li>Mit mehr als 1000 Fragen und Antworten<\/li>\n\n\n\n<li>Enth\u00e4lt eine separate Datei f\u00fcr Fragen und Antworten, so dass Sie die Fragen bearbeiten und Ihre Antworten vergleichen k\u00f6nnen<\/li>\n\n\n\n<li>Enth\u00e4lt die folgenden 10 Themen:&nbsp;\n<ul class=\"wp-block-list\">\n<li><em><strong>Quantitative Methoden<\/strong><\/em><\/li>\n\n\n\n<li><em><strong>Wirtschaft<\/strong><\/em><\/li>\n\n\n\n<li><em><strong>Unternehmensemittenten<\/strong><\/em><\/li>\n\n\n\n<li><em><strong>Analyse der Finanzberichte<\/strong><\/em><\/li>\n\n\n\n<li><em><strong>Aktien<\/strong><\/em><\/li>\n\n\n\n<li><em><strong>Festes Einkommen<\/strong><\/em><\/li>\n\n\n\n<li><em><strong>Derivate<\/strong><\/em><\/li>\n\n\n\n<li><em><strong>Alternative Anlagen<\/strong><\/em><\/li>\n\n\n\n<li><em><strong>Portfolio-Verwaltung<\/strong><\/em><\/li>\n\n\n\n<li><em><strong>Die Ethik.<\/strong><\/em><\/li>\n<\/ul>\n<\/li>\n\n\n\n<li>Der Text kann mit der Suchfunktion auf der Computertastatur \"ctrl+f\" und \u00fcber die Suche auf dem Smartphone\/Tablet durchsucht werden<\/li>\n\n\n\n<li>Es handelt sich nicht um ein physisches Buch, sondern um eine digitale PDF-Kopie. Bitte kaufen Sie es nicht, wenn Sie ein physisches Exemplar haben m\u00f6chten.<\/li>\n\n\n\n<li>Nach dem Kauf k\u00f6nnen Sie das E-Book sofort herunterladen.<\/li>\n<\/ul>","protected":false},"excerpt":{"rendered":"<p>Zum Verkauf steht ein e-Book 2026 CFA Level 1 Salt Solutions Question Bank PDF.<\/p>","protected":false},"featured_media":14027,"comment_status":"closed","ping_status":"closed","template":"","meta":[],"product_brand":[],"product_cat":[260],"product_tag":[369,93,88,90,370,87,91,92,162,161,377],"class_list":{"0":"post-14026","1":"product","2":"type-product","3":"status-publish","4":"has-post-thumbnail","6":"product_cat-cfa-level-1","7":"product_tag-cfa-2026","8":"product_tag-cfa-books","9":"product_tag-cfa-ebooks","10":"product_tag-cfa-exam","11":"product_tag-cfa-level-1-2026","12":"product_tag-cfa-level-i","13":"product_tag-cfa-prep","14":"product_tag-cfa-test","15":"product_tag-qbank","16":"product_tag-question-bank","17":"product_tag-salt-solutions","19":"first","20":"instock","21":"downloadable","22":"virtual","23":"sold-individually","24":"purchasable","25":"product-type-simple"},"_links":{"self":[{"href":"https:\/\/www.cfaebooks.com\/de\/wp-json\/wp\/v2\/product\/14026","targetHints":{"allow":["GET"]}}],"collection":[{"href":"https:\/\/www.cfaebooks.com\/de\/wp-json\/wp\/v2\/product"}],"about":[{"href":"https:\/\/www.cfaebooks.com\/de\/wp-json\/wp\/v2\/types\/product"}],"replies":[{"embeddable":true,"href":"https:\/\/www.cfaebooks.com\/de\/wp-json\/wp\/v2\/comments?post=14026"}],"wp:featuredmedia":[{"embeddable":true,"href":"https:\/\/www.cfaebooks.com\/de\/wp-json\/wp\/v2\/media\/14027"}],"wp:attachment":[{"href":"https:\/\/www.cfaebooks.com\/de\/wp-json\/wp\/v2\/media?parent=14026"}],"wp:term":[{"taxonomy":"product_brand","embeddable":true,"href":"https:\/\/www.cfaebooks.com\/de\/wp-json\/wp\/v2\/product_brand?post=14026"},{"taxonomy":"product_cat","embeddable":true,"href":"https:\/\/www.cfaebooks.com\/de\/wp-json\/wp\/v2\/product_cat?post=14026"},{"taxonomy":"product_tag","embeddable":true,"href":"https:\/\/www.cfaebooks.com\/de\/wp-json\/wp\/v2\/product_tag?post=14026"}],"curies":[{"name":"wp","href":"https:\/\/api.w.org\/{rel}","templated":true}]}}