{"id":13588,"date":"2025-10-05T00:28:05","date_gmt":"2025-10-05T00:28:05","guid":{"rendered":"https:\/\/www.cfaebooks.com\/?post_type=product&#038;p=13588"},"modified":"2026-04-03T08:05:47","modified_gmt":"2026-04-03T08:05:47","slug":"cfa-2026-level-1-schweser-question-bank-model-quizzes-topic-quiz-and-checkpoint-exams","status":"publish","type":"product","link":"https:\/\/www.cfaebooks.com\/de\/products\/cfa-2026-level-1-schweser-question-bank-model-quizzes-topic-quiz-and-checkpoint-exams\/","title":{"rendered":"CFA 2026 Stufe 1 Schweser-Fragenkatalog, Musterquiz, Themenquiz und Checkpoint-Pr\u00fcfungen"},"content":{"rendered":"<p>For sale is an e-Book CFA 2026 Level 1 Schweser Question Bank, Model Quizzes, Topic Quiz and Checkpoint Exams.<\/p>\n\n\n\n<p>The package includes\u00a0<strong>QBank, Model Quizzes, Topic Quiz and Checkpoint Exams<\/strong>.<\/p>\n\n\n\n<ul class=\"wp-block-list\">\n<li>Mit mehr als 1000 Fragen und Antworten<\/li>\n\n\n\n<li>Behandeltes Thema:\n<ol class=\"wp-block-list\">\n<li>Quantitative Methoden<\/li>\n\n\n\n<li>Wirtschaft<\/li>\n\n\n\n<li>Unternehmensemittenten<\/li>\n\n\n\n<li>Analyse der Jahresabschl\u00fcsse<\/li>\n\n\n\n<li>Kapitalbeteiligungen<\/li>\n\n\n\n<li>Festes Einkommen<\/li>\n\n\n\n<li>Derivate<\/li>\n\n\n\n<li>Alternative Anlagen <\/li>\n\n\n\n<li>Portfolio-Verwaltung<\/li>\n\n\n\n<li>Ethische und berufliche Standards<\/li>\n<\/ol>\n<\/li>\n\n\n\n<li>Enth\u00e4lt eine separate Datei f\u00fcr Fragen und Antworten, so dass Sie Fragen stellen und dann Ihre Antworten vergleichen k\u00f6nnen <\/li>\n\n\n\n<li>Der Text kann mit der Suchfunktion auf der Computertastatur \"ctrl+f\" und \u00fcber die Suche auf dem Smartphone\/Tablet durchsucht werden<\/li>\n\n\n\n<li>Es handelt sich nicht um ein physisches Buch, sondern um eine digitale PDF-Kopie. Bitte kaufen Sie es nicht, wenn Sie ein physisches Exemplar haben m\u00f6chten.<\/li>\n\n\n\n<li>Nach dem Kauf k\u00f6nnen Sie das E-Book sofort herunterladen.<\/li>\n<\/ul>\n\n\n\n<p><\/p>","protected":false},"excerpt":{"rendered":"<p>For sale is an e-Book CFA 2026 Level 1 Schweser Question Bank, Model Quizzes, Topic Quiz and Checkpoint Exams. The package includes\u00a0QBank, Model Quizzes, Topic Quiz and Checkpoint Exams.<\/p>","protected":false},"featured_media":15440,"comment_status":"closed","ping_status":"closed","template":"","meta":[],"product_brand":[],"product_cat":[260],"product_tag":[369,93,88,90,370,87,91,92,162,161,163],"class_list":{"0":"post-13588","1":"product","2":"type-product","3":"status-publish","4":"has-post-thumbnail","6":"product_cat-cfa-level-1","7":"product_tag-cfa-2026","8":"product_tag-cfa-books","9":"product_tag-cfa-ebooks","10":"product_tag-cfa-exam","11":"product_tag-cfa-level-1-2026","12":"product_tag-cfa-level-i","13":"product_tag-cfa-prep","14":"product_tag-cfa-test","15":"product_tag-qbank","16":"product_tag-question-bank","17":"product_tag-schweser-qbank","19":"first","20":"instock","21":"downloadable","22":"virtual","23":"sold-individually","24":"purchasable","25":"product-type-simple"},"_links":{"self":[{"href":"https:\/\/www.cfaebooks.com\/de\/wp-json\/wp\/v2\/product\/13588","targetHints":{"allow":["GET"]}}],"collection":[{"href":"https:\/\/www.cfaebooks.com\/de\/wp-json\/wp\/v2\/product"}],"about":[{"href":"https:\/\/www.cfaebooks.com\/de\/wp-json\/wp\/v2\/types\/product"}],"replies":[{"embeddable":true,"href":"https:\/\/www.cfaebooks.com\/de\/wp-json\/wp\/v2\/comments?post=13588"}],"wp:featuredmedia":[{"embeddable":true,"href":"https:\/\/www.cfaebooks.com\/de\/wp-json\/wp\/v2\/media\/15440"}],"wp:attachment":[{"href":"https:\/\/www.cfaebooks.com\/de\/wp-json\/wp\/v2\/media?parent=13588"}],"wp:term":[{"taxonomy":"product_brand","embeddable":true,"href":"https:\/\/www.cfaebooks.com\/de\/wp-json\/wp\/v2\/product_brand?post=13588"},{"taxonomy":"product_cat","embeddable":true,"href":"https:\/\/www.cfaebooks.com\/de\/wp-json\/wp\/v2\/product_cat?post=13588"},{"taxonomy":"product_tag","embeddable":true,"href":"https:\/\/www.cfaebooks.com\/de\/wp-json\/wp\/v2\/product_tag?post=13588"}],"curies":[{"name":"wp","href":"https:\/\/api.w.org\/{rel}","templated":true}]}}