{"id":12580,"date":"2025-05-12T09:13:02","date_gmt":"2025-05-12T09:13:02","guid":{"rendered":"https:\/\/www.cfaebooks.com\/?post_type=product&#038;p=12580"},"modified":"2026-04-03T08:03:54","modified_gmt":"2026-04-03T08:03:54","slug":"cfa-stufe-1-2025-uworld-probeprufung-1-2","status":"publish","type":"product","link":"https:\/\/www.cfaebooks.com\/de\/products\/cfa-stufe-1-2025-uworld-probeprufung-1-2\/","title":{"rendered":"CFA Level 1 2025 UWorld Probepr\u00fcfung 1, 2"},"content":{"rendered":"<p>Zu verkaufen ist ein die\u00a0<strong>2025 CFA Level 1 UWorld Probepr\u00fcfung 1, 2<\/strong> PDF.<\/p>\n\n\n\n<p><strong>Sie erhalten 2 Probepr\u00fcfungen mit 2 Sitzungen pro Pr\u00fcfung - genau wie das eigentliche CFA Level I-Format.<\/strong><\/p>\n\n\n\n<p><strong>Genau wissen, was zu erwarten ist<\/strong><br>Bereiten Sie sich selbstbewusst vor, indem Sie \u00dcbungspr\u00fcfungen verwenden, die der echten CFA Level I-Pr\u00fcfung sehr nahe kommen. Von der Benutzeroberfl\u00e4che und dem Frageformat bis hin zu Schwierigkeit, Zeitplan und Themengewichtung - jedes Detail wurde sorgf\u00e4ltig nachgebildet, um eine echte Pr\u00fcfungserfahrung zu bieten.<\/p>\n\n\n\n<p><strong>Verwandeln Sie die echte Pr\u00fcfung in einen weiteren \u00dcbungstest<\/strong><br>Selbstvertrauen entsteht durch Vertrautheit. Wenn Sie konsequent in einer realistischen Pr\u00fcfungsumgebung trainieren, gehen Sie mit einem Gef\u00fchl der Vorbereitung in die tats\u00e4chliche CFA-Pr\u00fcfung, als sei es nur eine weitere \u00dcbung, die Sie bereits gemeistert haben.<\/p>\n\n\n\n<p>Der Text kann mit der Suchfunktion auf Ihrer Computertastatur \"ctrl+f\" und \u00fcber die Suche auf Ihrem Smartphone\/Tablet durchsucht werden. Nach dem Auschecken k\u00f6nnen Sie die Probeklausuren sofort herunterladen.<\/p>","protected":false},"excerpt":{"rendered":"<p>For sale is an the\u00a02025 CFA Level 1 UWorld Mock Exam 1, 2 PDF. You\u2019ll get 2 mock exams, with 2 sessions per exam\u2014just like the actual CFA Level I format. Know Exactly What to ExpectPrepare with confidence using mock exams that closely mirror the real CFA Level I exam. From the interface and question [&hellip;]<\/p>\n","protected":false},"featured_media":12584,"comment_status":"closed","ping_status":"closed","template":"","meta":[],"product_brand":[],"product_cat":[260],"product_tag":[261,93,88,90,268,361,92],"class_list":{"0":"post-12580","1":"product","2":"type-product","3":"status-publish","4":"has-post-thumbnail","6":"product_cat-cfa-level-1","7":"product_tag-cfa-2025","8":"product_tag-cfa-books","9":"product_tag-cfa-ebooks","10":"product_tag-cfa-exam","11":"product_tag-cfa-level-1-2025","12":"product_tag-cfa-mock-exams","13":"product_tag-cfa-test","15":"first","16":"instock","17":"downloadable","18":"virtual","19":"sold-individually","20":"purchasable","21":"product-type-simple"},"_links":{"self":[{"href":"https:\/\/www.cfaebooks.com\/de\/wp-json\/wp\/v2\/product\/12580","targetHints":{"allow":["GET"]}}],"collection":[{"href":"https:\/\/www.cfaebooks.com\/de\/wp-json\/wp\/v2\/product"}],"about":[{"href":"https:\/\/www.cfaebooks.com\/de\/wp-json\/wp\/v2\/types\/product"}],"replies":[{"embeddable":true,"href":"https:\/\/www.cfaebooks.com\/de\/wp-json\/wp\/v2\/comments?post=12580"}],"wp:featuredmedia":[{"embeddable":true,"href":"https:\/\/www.cfaebooks.com\/de\/wp-json\/wp\/v2\/media\/12584"}],"wp:attachment":[{"href":"https:\/\/www.cfaebooks.com\/de\/wp-json\/wp\/v2\/media?parent=12580"}],"wp:term":[{"taxonomy":"product_brand","embeddable":true,"href":"https:\/\/www.cfaebooks.com\/de\/wp-json\/wp\/v2\/product_brand?post=12580"},{"taxonomy":"product_cat","embeddable":true,"href":"https:\/\/www.cfaebooks.com\/de\/wp-json\/wp\/v2\/product_cat?post=12580"},{"taxonomy":"product_tag","embeddable":true,"href":"https:\/\/www.cfaebooks.com\/de\/wp-json\/wp\/v2\/product_tag?post=12580"}],"curies":[{"name":"wp","href":"https:\/\/api.w.org\/{rel}","templated":true}]}}