{"id":12355,"date":"2025-04-11T03:30:23","date_gmt":"2025-04-11T03:30:23","guid":{"rendered":"https:\/\/www.cfaebooks.com\/?post_type=product&#038;p=12355"},"modified":"2026-04-03T08:03:36","modified_gmt":"2026-04-03T08:03:36","slug":"2025-cfa-schweser-geheime-sauce-stufe-2","status":"publish","type":"product","link":"https:\/\/www.cfaebooks.com\/de\/products\/2025-cfa-schweser-geheime-sauce-stufe-2\/","title":{"rendered":"2025 CFA Schweser Geheime So\u00dfe Stufe 2"},"content":{"rendered":"<p>Zu verkaufen ist ein die\u00a0<strong>2025 CFA Schweser Geheime So\u00dfe Stufe 2<\/strong><\/p>\n\n\n\n<p><strong>Eingeschlossenes Thema:<\/strong><\/p>\n\n\n\n<ul class=\"wp-block-list\">\n<li><strong><em>Quantitative Methoden<\/em><\/strong><\/li>\n\n\n\n<li><strong><em>Wirtschaft<\/em><\/strong><\/li>\n\n\n\n<li><strong><em>Analyse der Jahresabschl\u00fcsse<\/em><\/strong><\/li>\n\n\n\n<li><strong><em>Unternehmensemittenten<\/em><\/strong><\/li>\n\n\n\n<li><strong><em>Bewertung des Eigenkapitals<\/em><\/strong><\/li>\n\n\n\n<li><strong><em>Festes Einkommen<\/em><\/strong><\/li>\n\n\n\n<li><strong><em>Derivate<\/em><\/strong><\/li>\n\n\n\n<li><strong><em>Alternative Anlagen<\/em><\/strong><\/li>\n\n\n\n<li><strong><em>Portfolio-Verwaltung<\/em><\/strong><\/li>\n\n\n\n<li><strong><em>Ethische und berufliche Standards<\/em><\/strong>.<\/li>\n<\/ul>\n\n\n\n<p>Der Text kann mit der Suchfunktion auf Ihrer Computertastatur \"ctrl+f\" und \u00fcber die Suche auf Ihrem Smartphone\/Tablet durchsucht werden. Es handelt sich nicht um physische B\u00fccher, sondern um digitale PDF-Kopien. Bitte kaufen Sie nicht, wenn Sie ein physisches Exemplar w\u00fcnschen, denn nach dem Kauf k\u00f6nnen Sie die E-Books sofort herunterladen.<\/p>","protected":false},"excerpt":{"rendered":"<p>For sale is an the\u00a02025 CFA Schweser Secret Sauce Level 2 Topic Included: The text is searchable using the find feature on your computer keyboard \u2018ctrl+f\u2019 and through search on your smartphone\/tablet. These are not physical books they are PDF digital copies. Please do not purchase if you want a physical hard copy.After checkout you [&hellip;]<\/p>\n","protected":false},"featured_media":12356,"comment_status":"closed","ping_status":"closed","template":"","meta":[],"product_brand":[],"product_cat":[266],"product_tag":[261,93,88,90,293,92,159],"class_list":{"0":"post-12355","1":"product","2":"type-product","3":"status-publish","4":"has-post-thumbnail","6":"product_cat-cfa-level-2","7":"product_tag-cfa-2025","8":"product_tag-cfa-books","9":"product_tag-cfa-ebooks","10":"product_tag-cfa-exam","11":"product_tag-cfa-level-2-2025","12":"product_tag-cfa-test","13":"product_tag-secret-sauce","15":"first","16":"instock","17":"downloadable","18":"virtual","19":"sold-individually","20":"purchasable","21":"product-type-simple"},"_links":{"self":[{"href":"https:\/\/www.cfaebooks.com\/de\/wp-json\/wp\/v2\/product\/12355","targetHints":{"allow":["GET"]}}],"collection":[{"href":"https:\/\/www.cfaebooks.com\/de\/wp-json\/wp\/v2\/product"}],"about":[{"href":"https:\/\/www.cfaebooks.com\/de\/wp-json\/wp\/v2\/types\/product"}],"replies":[{"embeddable":true,"href":"https:\/\/www.cfaebooks.com\/de\/wp-json\/wp\/v2\/comments?post=12355"}],"wp:featuredmedia":[{"embeddable":true,"href":"https:\/\/www.cfaebooks.com\/de\/wp-json\/wp\/v2\/media\/12356"}],"wp:attachment":[{"href":"https:\/\/www.cfaebooks.com\/de\/wp-json\/wp\/v2\/media?parent=12355"}],"wp:term":[{"taxonomy":"product_brand","embeddable":true,"href":"https:\/\/www.cfaebooks.com\/de\/wp-json\/wp\/v2\/product_brand?post=12355"},{"taxonomy":"product_cat","embeddable":true,"href":"https:\/\/www.cfaebooks.com\/de\/wp-json\/wp\/v2\/product_cat?post=12355"},{"taxonomy":"product_tag","embeddable":true,"href":"https:\/\/www.cfaebooks.com\/de\/wp-json\/wp\/v2\/product_tag?post=12355"}],"curies":[{"name":"wp","href":"https:\/\/api.w.org\/{rel}","templated":true}]}}