{"id":11889,"date":"2025-02-09T15:08:23","date_gmt":"2025-02-09T15:08:23","guid":{"rendered":"https:\/\/www.cfaebooks.com\/?post_type=product&#038;p=11889"},"modified":"2026-04-03T08:02:05","modified_gmt":"2026-04-03T08:02:05","slug":"2025-cfa-level-1-schweser-notes-mit-quicksheet","status":"publish","type":"product","link":"https:\/\/www.cfaebooks.com\/de\/products\/2025-cfa-level-1-schweser-notes-mit-quicksheet\/","title":{"rendered":"2025 CFA Level 1 Schweser Notizen mit Quicksheet"},"content":{"rendered":"<p>Zum Verkauf steht ein e-Book 2025 CFA Schweser Notes Level 1 mit Quicksheet.<\/p>\n\n\n\n<p>Enth\u00e4lt einen Satz von 4 B\u00fcchern: <\/p>\n\n\n\n<ul class=\"wp-block-list\">\n<li>Buch 1: Quantitative Methoden, Wirtschaft und Unternehmensemittenten<\/li>\n\n\n\n<li>Buch 2: Bilanzanalyse und Kapitalbeteiligungen<\/li>\n\n\n\n<li>Buch 3: Festverzinsliche Wertpapiere und Derivate<\/li>\n\n\n\n<li>Buch 4: Alternative Anlagen, Portfoliomanagement und ethische und professionelle Standards<\/li>\n\n\n\n<li>Das Quicksheet umfasst insgesamt 6 Seiten<\/li>\n<\/ul>\n\n\n\n<p>Der Text kann mit der Suchfunktion auf Ihrer Computertastatur \"ctrl+f\" und \u00fcber die Suche auf Ihrem Smartphone\/Tablet durchsucht werden. Es handelt sich nicht um physische B\u00fccher, sondern um digitale PDF-Kopien. Bitte kaufen Sie nicht, wenn Sie ein physisches Exemplar haben m\u00f6chten. Nach dem Kauf k\u00f6nnen Sie die e-Books sofort herunterladen<\/p>","protected":false},"excerpt":{"rendered":"<p>For sale is an e-Book 2025 CFA Schweser Notes Level 1 with Quicksheet. Includes Set of 4 books: The text is searchable using the find feature on your computer keyboard &#8216;ctrl+f&#8217; and through search on your smartphone\/tablet. These are not physical books they are PDF digital copies. Please do not purchase if you want a [&hellip;]<\/p>\n","protected":false},"featured_media":11891,"comment_status":"closed","ping_status":"closed","template":"","meta":[],"product_brand":[],"product_cat":[260],"product_tag":[261,93,88,90,87,91,92,168],"class_list":{"0":"post-11889","1":"product","2":"type-product","3":"status-publish","4":"has-post-thumbnail","6":"product_cat-cfa-level-1","7":"product_tag-cfa-2025","8":"product_tag-cfa-books","9":"product_tag-cfa-ebooks","10":"product_tag-cfa-exam","11":"product_tag-cfa-level-i","12":"product_tag-cfa-prep","13":"product_tag-cfa-test","14":"product_tag-study-notes","16":"first","17":"instock","18":"downloadable","19":"virtual","20":"sold-individually","21":"purchasable","22":"product-type-simple"},"_links":{"self":[{"href":"https:\/\/www.cfaebooks.com\/de\/wp-json\/wp\/v2\/product\/11889","targetHints":{"allow":["GET"]}}],"collection":[{"href":"https:\/\/www.cfaebooks.com\/de\/wp-json\/wp\/v2\/product"}],"about":[{"href":"https:\/\/www.cfaebooks.com\/de\/wp-json\/wp\/v2\/types\/product"}],"replies":[{"embeddable":true,"href":"https:\/\/www.cfaebooks.com\/de\/wp-json\/wp\/v2\/comments?post=11889"}],"wp:featuredmedia":[{"embeddable":true,"href":"https:\/\/www.cfaebooks.com\/de\/wp-json\/wp\/v2\/media\/11891"}],"wp:attachment":[{"href":"https:\/\/www.cfaebooks.com\/de\/wp-json\/wp\/v2\/media?parent=11889"}],"wp:term":[{"taxonomy":"product_brand","embeddable":true,"href":"https:\/\/www.cfaebooks.com\/de\/wp-json\/wp\/v2\/product_brand?post=11889"},{"taxonomy":"product_cat","embeddable":true,"href":"https:\/\/www.cfaebooks.com\/de\/wp-json\/wp\/v2\/product_cat?post=11889"},{"taxonomy":"product_tag","embeddable":true,"href":"https:\/\/www.cfaebooks.com\/de\/wp-json\/wp\/v2\/product_tag?post=11889"}],"curies":[{"name":"wp","href":"https:\/\/api.w.org\/{rel}","templated":true}]}}