{"id":10445,"date":"2025-10-08T00:22:52","date_gmt":"2025-10-08T00:22:52","guid":{"rendered":"https:\/\/www.cfaebooks.com\/?post_type=product&#038;p=10445"},"modified":"2026-04-03T07:59:57","modified_gmt":"2026-04-03T07:59:57","slug":"cfa-stufe-3-bundel","status":"publish","type":"product","link":"https:\/\/www.cfaebooks.com\/de\/products\/cfa-stufe-3-bundel\/","title":{"rendered":"2026 CFA Level 3 Bundle"},"content":{"rendered":"<p><strong>2026 CFA Level 3 Bundle<\/strong> Angebot k\u00f6nnen Sie <strong>4 beliebige CFA-Studienmaterialien ausw\u00e4hlen<\/strong> - einschlie\u00dflich Notizen, Frageb\u00f6gen, Probepr\u00fcfungen und Videolektionen.<\/p>\n\n\n\n<p><strong>Was enthalten ist:<\/strong><\/p>\n\n\n\n<ul class=\"wp-block-list\">\n<li>W\u00e4hlen Sie <strong>alle 4 Studienmaterialien<\/strong> von <strong>CFA-Stufe 3<\/strong><\/li>\n\n\n\n<li>Sofortiger Download nach der Bestellung<\/li>\n\n\n\n<li>Umfassende Berichterstattung \u00fcber alle <strong>Themen der CFA-Stufe 3<\/strong><\/li>\n\n\n\n<li>Der Text kann mit der Suchfunktion auf der Computertastatur \"ctrl+f\" und \u00fcber die Suche auf dem Smartphone\/Tablet durchsucht werden<\/li>\n\n\n\n<li>Video-Lektionen im MP4-Format<\/li>\n<\/ul>\n\n\n\n<p><strong>Warum sollten Sie dieses Paket w\u00e4hlen?<\/strong><\/p>\n\n\n\n<ul class=\"wp-block-list\">\n<li>Stellen Sie Ihr eigenes Lernset zusammen<\/li>\n\n\n\n<li>Mehr sparen im Vergleich zum Einzelkauf<\/li>\n\n\n\n<li>Holen Sie sich die neuesten CFA Level 3 Studienmaterialien<\/li>\n<\/ul>","protected":false},"excerpt":{"rendered":"<p>2026 CFA Level 3 Bundle offer lets you choose any 4 CFA study materials \u2014 including notes, question banks, mock exams and video lessons. What\u2019s included: Why choose this bundle:<\/p>","protected":false},"featured_media":17119,"comment_status":"closed","ping_status":"closed","template":"","meta":[],"product_brand":[],"product_cat":[273],"product_tag":[93,88,90,180,91,92],"class_list":{"0":"post-10445","1":"product","2":"type-product","3":"status-publish","4":"has-post-thumbnail","6":"product_cat-cfa-bundles","7":"product_tag-cfa-books","8":"product_tag-cfa-ebooks","9":"product_tag-cfa-exam","10":"product_tag-cfa-level-3","11":"product_tag-cfa-prep","12":"product_tag-cfa-test","14":"first","15":"instock","16":"downloadable","17":"virtual","18":"sold-individually","19":"purchasable","20":"product-type-bopobb"},"_links":{"self":[{"href":"https:\/\/www.cfaebooks.com\/de\/wp-json\/wp\/v2\/product\/10445","targetHints":{"allow":["GET"]}}],"collection":[{"href":"https:\/\/www.cfaebooks.com\/de\/wp-json\/wp\/v2\/product"}],"about":[{"href":"https:\/\/www.cfaebooks.com\/de\/wp-json\/wp\/v2\/types\/product"}],"replies":[{"embeddable":true,"href":"https:\/\/www.cfaebooks.com\/de\/wp-json\/wp\/v2\/comments?post=10445"}],"wp:featuredmedia":[{"embeddable":true,"href":"https:\/\/www.cfaebooks.com\/de\/wp-json\/wp\/v2\/media\/17119"}],"wp:attachment":[{"href":"https:\/\/www.cfaebooks.com\/de\/wp-json\/wp\/v2\/media?parent=10445"}],"wp:term":[{"taxonomy":"product_brand","embeddable":true,"href":"https:\/\/www.cfaebooks.com\/de\/wp-json\/wp\/v2\/product_brand?post=10445"},{"taxonomy":"product_cat","embeddable":true,"href":"https:\/\/www.cfaebooks.com\/de\/wp-json\/wp\/v2\/product_cat?post=10445"},{"taxonomy":"product_tag","embeddable":true,"href":"https:\/\/www.cfaebooks.com\/de\/wp-json\/wp\/v2\/product_tag?post=10445"}],"curies":[{"name":"wp","href":"https:\/\/api.w.org\/{rel}","templated":true}]}}