{"id":8770,"date":"2024-03-22T06:54:56","date_gmt":"2024-03-22T06:54:56","guid":{"rendered":"https:\/\/www.cfaebooks.com\/?page_id=8770"},"modified":"2026-03-14T02:35:20","modified_gmt":"2026-03-14T02:35:20","slug":"zahlungs-und-erstattungspolitik","status":"publish","type":"page","link":"https:\/\/www.cfaebooks.com\/de\/zahlungs-und-erstattungspolitik\/","title":{"rendered":"Zahlungs- und Erstattungsbedingungen"},"content":{"rendered":"<h3 class=\"wp-block-heading\">Zahlungspolitik<\/h3>\n\n\n\n<p>We accept payment via PayPal and Debit \/ Credit Card.<\/p>\n\n\n\n<figure class=\"wp-block-image size-medium\"><img decoding=\"async\" width=\"300\" height=\"28\" src=\"https:\/\/www.cfaebooks.com\/wp-content\/uploads\/2026\/02\/payment-card-300x28.png\" alt=\"payment card\" class=\"wp-image-16252\" srcset=\"https:\/\/www.cfaebooks.com\/wp-content\/uploads\/2026\/02\/payment-card-300x28.png 300w, https:\/\/www.cfaebooks.com\/wp-content\/uploads\/2026\/02\/payment-card-768x71.png 768w, https:\/\/www.cfaebooks.com\/wp-content\/uploads\/2026\/02\/payment-card-18x2.png 18w, https:\/\/www.cfaebooks.com\/wp-content\/uploads\/2026\/02\/payment-card-441x41.png 441w, https:\/\/www.cfaebooks.com\/wp-content\/uploads\/2026\/02\/payment-card-150x14.png 150w, https:\/\/www.cfaebooks.com\/wp-content\/uploads\/2026\/02\/payment-card-64x6.png 64w, https:\/\/www.cfaebooks.com\/wp-content\/uploads\/2026\/02\/payment-card.png 774w\" sizes=\"(max-width: 300px) 100vw, 300px\" \/><\/figure>\n\n\n\n<h3 class=\"wp-block-heading\">Erstattungspolitik<\/h3>\n\n\n\n<p>CFA eBooks bietet unter den folgenden Bedingungen volle R\u00fcckerstattung:<\/p>\n\n\n\n<ul class=\"wp-block-list\">\n<li>Der Artikel wurde noch nicht heruntergeladen.<\/li>\n\n\n\n<li>The product downloaded is not as described.<\/li>\n\n\n\n<li>Der Kauf wurde irrt\u00fcmlich get\u00e4tigt.<\/li>\n<\/ul>\n\n\n\n<h3 class=\"wp-block-heading\">Wie Sie eine R\u00fcckerstattung beantragen<\/h3>\n\n\n\n<p>Wenn Sie versehentlich einen Kauf get\u00e4tigt haben, vermeiden Sie bitte das Herunterladen der Datei und kontaktieren Sie uns so schnell wie m\u00f6glich. Unser Team wird Ihre Anfrage pr\u00fcfen und die R\u00fcckerstattung umgehend bearbeiten.<\/p>\n\n\n\n<p>Sobald der Artikel jedoch heruntergeladen wurde, betrachten wir den Kauf als endg\u00fcltig und nicht erstattungsf\u00e4hig.<\/p>\n\n\n\n<p>Wir bedanken uns f\u00fcr Ihr Verst\u00e4ndnis und Ihre Mitarbeit bei unserer R\u00fcckerstattungspolitik. Wenn Sie Fragen haben oder weitere Informationen ben\u00f6tigen, z\u00f6gern Sie bitte nicht, uns zu kontaktieren&nbsp;<a href=\"\/de\/kontakt\/\">Kontakt<\/a>&nbsp;unser Support-Team.<\/p>\n\n\n\n<p>Ich danke Ihnen!<\/p>","protected":false},"excerpt":{"rendered":"<p>Payment Policy We accept payment via PayPal and Debit \/ Credit Card. Refund Policy CFA eBooks provides full refunds under the following conditions: How to Request a Refund If you made a purchase by mistake, please avoid downloading the file and contact us as soon as possible. Our team will review your request and process [&hellip;]<\/p>\n","protected":false},"author":1,"featured_media":0,"parent":0,"menu_order":0,"comment_status":"closed","ping_status":"closed","template":"template-fullwidth.php","meta":{"footnotes":""},"class_list":["post-8770","page","type-page","status-publish","hentry"],"_links":{"self":[{"href":"https:\/\/www.cfaebooks.com\/de\/wp-json\/wp\/v2\/pages\/8770","targetHints":{"allow":["GET"]}}],"collection":[{"href":"https:\/\/www.cfaebooks.com\/de\/wp-json\/wp\/v2\/pages"}],"about":[{"href":"https:\/\/www.cfaebooks.com\/de\/wp-json\/wp\/v2\/types\/page"}],"author":[{"embeddable":true,"href":"https:\/\/www.cfaebooks.com\/de\/wp-json\/wp\/v2\/users\/1"}],"replies":[{"embeddable":true,"href":"https:\/\/www.cfaebooks.com\/de\/wp-json\/wp\/v2\/comments?post=8770"}],"version-history":[{"count":4,"href":"https:\/\/www.cfaebooks.com\/de\/wp-json\/wp\/v2\/pages\/8770\/revisions"}],"predecessor-version":[{"id":16784,"href":"https:\/\/www.cfaebooks.com\/de\/wp-json\/wp\/v2\/pages\/8770\/revisions\/16784"}],"wp:attachment":[{"href":"https:\/\/www.cfaebooks.com\/de\/wp-json\/wp\/v2\/media?parent=8770"}],"curies":[{"name":"wp","href":"https:\/\/api.w.org\/{rel}","templated":true}]}}