{"id":9529,"date":"2024-06-20T10:10:48","date_gmt":"2024-06-20T10:10:48","guid":{"rendered":"https:\/\/www.cfaebooks.com\/?post_type=product&#038;p=9529"},"modified":"2026-04-03T07:58:20","modified_gmt":"2026-04-03T07:58:20","slug":"cfa-level-3-bill-campbell-mock-exam-2024-2023","status":"publish","type":"product","link":"https:\/\/www.cfaebooks.com\/da\/products\/cfa-level-3-bill-campbell-mock-exam-2024-2023\/","title":{"rendered":"CFA Level 3 Bill Campbell pr\u00f8veeksamen 2024 + 2023"},"content":{"rendered":"<p>Til salg er en e-bog CFA Level 3 Bill Campbell Mock Exam 2024 + 2023 PDF. Dette er ikke en fysisk bog, men en digital PDF-kopi. K\u00f8b ikke denne bog, hvis du \u00f8nsker en fysisk bog. Efter k\u00f8bet kan du straks downloade e-bogen.<\/p>","protected":false},"excerpt":{"rendered":"<p>Til salg er en e-bog CFA Level 3 Bill Campbell Mock Exam 2024 + 2023 PDF. Dette er ikke en fysisk bog, men en digital PDF-kopi. K\u00f8b ikke denne bog, hvis du \u00f8nsker en fysisk bog. Efter k\u00f8bet kan du straks downloade e-bogen.<\/p>","protected":false},"featured_media":9531,"comment_status":"closed","ping_status":"closed","template":"","meta":[],"product_brand":[],"product_cat":[351],"product_tag":[262,86,93,88,90,180,91,92],"class_list":{"0":"post-9529","1":"product","2":"type-product","3":"status-publish","4":"has-post-thumbnail","6":"product_cat-cfa-level-3-2024","7":"product_tag-bill-campbell","8":"product_tag-cfa-2024","9":"product_tag-cfa-books","10":"product_tag-cfa-ebooks","11":"product_tag-cfa-exam","12":"product_tag-cfa-level-3","13":"product_tag-cfa-prep","14":"product_tag-cfa-test","16":"first","17":"instock","18":"downloadable","19":"virtual","20":"sold-individually","21":"purchasable","22":"product-type-simple"},"_links":{"self":[{"href":"https:\/\/www.cfaebooks.com\/da\/wp-json\/wp\/v2\/product\/9529","targetHints":{"allow":["GET"]}}],"collection":[{"href":"https:\/\/www.cfaebooks.com\/da\/wp-json\/wp\/v2\/product"}],"about":[{"href":"https:\/\/www.cfaebooks.com\/da\/wp-json\/wp\/v2\/types\/product"}],"replies":[{"embeddable":true,"href":"https:\/\/www.cfaebooks.com\/da\/wp-json\/wp\/v2\/comments?post=9529"}],"wp:featuredmedia":[{"embeddable":true,"href":"https:\/\/www.cfaebooks.com\/da\/wp-json\/wp\/v2\/media\/9531"}],"wp:attachment":[{"href":"https:\/\/www.cfaebooks.com\/da\/wp-json\/wp\/v2\/media?parent=9529"}],"wp:term":[{"taxonomy":"product_brand","embeddable":true,"href":"https:\/\/www.cfaebooks.com\/da\/wp-json\/wp\/v2\/product_brand?post=9529"},{"taxonomy":"product_cat","embeddable":true,"href":"https:\/\/www.cfaebooks.com\/da\/wp-json\/wp\/v2\/product_cat?post=9529"},{"taxonomy":"product_tag","embeddable":true,"href":"https:\/\/www.cfaebooks.com\/da\/wp-json\/wp\/v2\/product_tag?post=9529"}],"curies":[{"name":"wp","href":"https:\/\/api.w.org\/{rel}","templated":true}]}}