{"id":8446,"date":"2024-03-08T04:10:37","date_gmt":"2024-03-08T04:10:37","guid":{"rendered":"https:\/\/www.cfaebooks.com\/?post_type=product&#038;p=8446"},"modified":"2026-04-03T07:57:15","modified_gmt":"2026-04-03T07:57:15","slug":"2024-cfa-niveau-2-eoc-sporgsmal-om-pensum","status":"publish","type":"product","link":"https:\/\/www.cfaebooks.com\/da\/products\/2024-cfa-niveau-2-eoc-sporgsmal-om-pensum\/","title":{"rendered":"2024 CFA Level 2 EOC Sp\u00f8rgsm\u00e5l om pensum"},"content":{"rendered":"<p>For sale is an e-Book 2024 CFA Level 2 EOC Questions of Curriculum PDF. <\/p>\n\n\n\n<p>Include topics in\u00a0<a href=\"https:\/\/www.cfaebooks.com\/da\/vare\/2024-cfa-program-curriculum-level-ii-box-set\/\" data-type=\"link\" data-id=\"https:\/\/www.cfaebooks.com\/product\/2024-cfa-program-curriculum-level-ii-box-set\/\">L\u00e6seplan niveau 2<\/a>: <\/p>\n\n\n\n<ol class=\"wp-block-list\">\n<li>Alternative investeringer<\/li>\n\n\n\n<li>Virksomhedsudstedere<\/li>\n\n\n\n<li>Derivater<\/li>\n\n\n\n<li>\u00d8konomi<\/li>\n\n\n\n<li>Egenkapital<\/li>\n\n\n\n<li>Analyse af \u00e5rsregnskab<\/li>\n\n\n\n<li>Fast indkomst<\/li>\n\n\n\n<li>Portef\u00f8ljeforvaltning<\/li>\n\n\n\n<li>Quantative Methods<\/li>\n<\/ol>\n\n\n\n<p>Dette er ikke en fysisk bog, men en digital PDF-kopi. K\u00f8b den ikke, hvis du vil have en fysisk udgave. N\u00e5r du er g\u00e5et til kassen, kan du downloade e-bogen med det samme.<\/p>","protected":false},"excerpt":{"rendered":"<p>For sale is an e-Book 2024 CFA Level 2 EOC Questions of Curriculum PDF. Include topics in\u00a0Curriculum Level 2: This is not a physical book it is a\u00a0PDF\u00a0digital copy. Please do not purchase if you want a physical hard copy. After checkout you can download the e-Book instantly.<\/p>","protected":false},"featured_media":8447,"comment_status":"closed","ping_status":"closed","template":"","meta":[],"product_brand":[],"product_cat":[266],"product_tag":[86,93,88,90,174,178,91,166,92,201,162,161],"class_list":{"0":"post-8446","1":"product","2":"type-product","3":"status-publish","4":"has-post-thumbnail","6":"product_cat-cfa-level-2","7":"product_tag-cfa-2024","8":"product_tag-cfa-books","9":"product_tag-cfa-ebooks","10":"product_tag-cfa-exam","11":"product_tag-cfa-institute","12":"product_tag-cfa-level-2","13":"product_tag-cfa-prep","14":"product_tag-cfa-question-bank","15":"product_tag-cfa-test","16":"product_tag-eoc-questions","17":"product_tag-qbank","18":"product_tag-question-bank","20":"first","21":"instock","22":"downloadable","23":"virtual","24":"sold-individually","25":"purchasable","26":"product-type-simple"},"_links":{"self":[{"href":"https:\/\/www.cfaebooks.com\/da\/wp-json\/wp\/v2\/product\/8446","targetHints":{"allow":["GET"]}}],"collection":[{"href":"https:\/\/www.cfaebooks.com\/da\/wp-json\/wp\/v2\/product"}],"about":[{"href":"https:\/\/www.cfaebooks.com\/da\/wp-json\/wp\/v2\/types\/product"}],"replies":[{"embeddable":true,"href":"https:\/\/www.cfaebooks.com\/da\/wp-json\/wp\/v2\/comments?post=8446"}],"wp:featuredmedia":[{"embeddable":true,"href":"https:\/\/www.cfaebooks.com\/da\/wp-json\/wp\/v2\/media\/8447"}],"wp:attachment":[{"href":"https:\/\/www.cfaebooks.com\/da\/wp-json\/wp\/v2\/media?parent=8446"}],"wp:term":[{"taxonomy":"product_brand","embeddable":true,"href":"https:\/\/www.cfaebooks.com\/da\/wp-json\/wp\/v2\/product_brand?post=8446"},{"taxonomy":"product_cat","embeddable":true,"href":"https:\/\/www.cfaebooks.com\/da\/wp-json\/wp\/v2\/product_cat?post=8446"},{"taxonomy":"product_tag","embeddable":true,"href":"https:\/\/www.cfaebooks.com\/da\/wp-json\/wp\/v2\/product_tag?post=8446"}],"curies":[{"name":"wp","href":"https:\/\/api.w.org\/{rel}","templated":true}]}}