{"id":8427,"date":"2024-03-08T03:12:04","date_gmt":"2024-03-08T03:12:04","guid":{"rendered":"https:\/\/www.cfaebooks.com\/?post_type=product&#038;p=8427"},"modified":"2026-04-03T07:57:10","modified_gmt":"2026-04-03T07:57:10","slug":"2024-uworld-level-2-cfa-program-study-guide-notes-complete-set-formula-sheet","status":"publish","type":"product","link":"https:\/\/www.cfaebooks.com\/da\/products\/2024-uworld-level-2-cfa-program-study-guide-notes-complete-set-formula-sheet\/","title":{"rendered":"2024 UWorld Level 2 CFA Program Study Guide Notes Komplet s\u00e6t + formelark"},"content":{"rendered":"<p>Til salg er 2024 CFA Level 2 UWorld Program Study Guide Notes Complete Set + Formula Sheet PDF. <\/p>\n\n\n\n<p>Inkluderer s\u00e6t med 6 bind og formelark: <\/p>\n\n\n\n<ul class=\"wp-block-list\">\n<li>Bind 1: Kvantitative metoder<\/li>\n\n\n\n<li>Bind 2: Analyse af regnskaber<\/li>\n\n\n\n<li>Bind 3: Virksomhedsemittenter<\/li>\n\n\n\n<li>Bind 4: V\u00e6rdians\u00e6ttelse af egenkapital II<\/li>\n\n\n\n<li>Bind 5: Derivater<\/li>\n\n\n\n<li>Bind 6: Portef\u00f8ljestyring<\/li>\n<\/ul>\n\n\n\n<p>Dette er ikke en fysisk bog, men en digital PDF-kopi. K\u00f8b den ikke, hvis du vil have en fysisk udgave. N\u00e5r du er g\u00e5et til kassen, kan du downloade e-bogen med det samme.<\/p>","protected":false},"excerpt":{"rendered":"<p>For sale is 2024 CFA Level 2 UWorld Program Study Guide Notes Complete Set + Formula Sheet PDF. Includes Set of 6 volumes and formula sheet: This is not a physical book it is a\u00a0PDF\u00a0digital copy. Please do not purchase if you want a physical hard copy. After checkout you can download the e-Book instantly.<\/p>","protected":false},"featured_media":8428,"comment_status":"closed","ping_status":"closed","template":"","meta":[],"product_brand":[],"product_cat":[266],"product_tag":[86,93,88,90,178,91,92,164,171,168,170],"class_list":{"0":"post-8427","1":"product","2":"type-product","3":"status-publish","4":"has-post-thumbnail","6":"product_cat-cfa-level-2","7":"product_tag-cfa-2024","8":"product_tag-cfa-books","9":"product_tag-cfa-ebooks","10":"product_tag-cfa-exam","11":"product_tag-cfa-level-2","12":"product_tag-cfa-prep","13":"product_tag-cfa-test","14":"product_tag-formula-sheet","15":"product_tag-study-guide","16":"product_tag-study-notes","17":"product_tag-uworld","19":"first","20":"instock","21":"downloadable","22":"virtual","23":"sold-individually","24":"purchasable","25":"product-type-simple"},"_links":{"self":[{"href":"https:\/\/www.cfaebooks.com\/da\/wp-json\/wp\/v2\/product\/8427","targetHints":{"allow":["GET"]}}],"collection":[{"href":"https:\/\/www.cfaebooks.com\/da\/wp-json\/wp\/v2\/product"}],"about":[{"href":"https:\/\/www.cfaebooks.com\/da\/wp-json\/wp\/v2\/types\/product"}],"replies":[{"embeddable":true,"href":"https:\/\/www.cfaebooks.com\/da\/wp-json\/wp\/v2\/comments?post=8427"}],"wp:featuredmedia":[{"embeddable":true,"href":"https:\/\/www.cfaebooks.com\/da\/wp-json\/wp\/v2\/media\/8428"}],"wp:attachment":[{"href":"https:\/\/www.cfaebooks.com\/da\/wp-json\/wp\/v2\/media?parent=8427"}],"wp:term":[{"taxonomy":"product_brand","embeddable":true,"href":"https:\/\/www.cfaebooks.com\/da\/wp-json\/wp\/v2\/product_brand?post=8427"},{"taxonomy":"product_cat","embeddable":true,"href":"https:\/\/www.cfaebooks.com\/da\/wp-json\/wp\/v2\/product_cat?post=8427"},{"taxonomy":"product_tag","embeddable":true,"href":"https:\/\/www.cfaebooks.com\/da\/wp-json\/wp\/v2\/product_tag?post=8427"}],"curies":[{"name":"wp","href":"https:\/\/api.w.org\/{rel}","templated":true}]}}