{"id":8406,"date":"2024-03-07T12:44:15","date_gmt":"2024-03-07T12:44:15","guid":{"rendered":"https:\/\/www.cfaebooks.com\/?post_type=product&#038;p=8406"},"modified":"2026-04-03T07:57:04","modified_gmt":"2026-04-03T07:57:04","slug":"2024-cfa-niveau-1-eoc-sporgsmal-om-pensum","status":"publish","type":"product","link":"https:\/\/www.cfaebooks.com\/da\/products\/2024-cfa-niveau-1-eoc-sporgsmal-om-pensum\/","title":{"rendered":"2024 CFA Level 1 EOC Sp\u00f8rgsm\u00e5l til l\u00e6seplanen"},"content":{"rendered":"<p>For sale is 2024 CFA Level 1 EOC Questions of Curriculum PDF. <\/p>\n\n\n\n<p>Include 10 topics in <a href=\"https:\/\/www.cfaebooks.com\/da\/vare\/2024-cfa-program-curriculum-level-i-box-set\/\">L\u00e6seplan niveau 1<\/a>: 1. Alternative investeringer 2. Virksomhedsudstedere 3. Derivater 4. \u00d8konomi 5. Egenkapital 6. Etik 7. Analyse af \u00e5rsregnskaber 8. Fast indkomst 9. Portef\u00f8ljeforvaltning 10. Kvantitative metoder<\/p>\n\n\n\n<ul class=\"wp-block-list\">\n<li>Dette er ikke en fysisk bog, men en digital PDF-kopi. K\u00f8b den ikke, hvis du vil have en fysisk kopi.<\/li>\n\n\n\n<li>Efter checkout kan du downloade e-bogen med det samme.<\/li>\n<\/ul>","protected":false},"excerpt":{"rendered":"<p>Til salg er 2024 CFA Level 1 EOC Questions of Curriculum PDF. Indeholder 10 emner i Curriculum Level 1: 1. Alternative investeringer 2. Virksomhedsudstedere 3. Derivater 4. \u00d8konomi 5. Egenkapital 6. Etik 7. Analyse af \u00e5rsregnskaber 8. Fast indkomst 9. Portef\u00f8ljeforvaltning 10. Kvantitative metoder<\/p>","protected":false},"featured_media":8407,"comment_status":"closed","ping_status":"closed","template":"","meta":[],"product_brand":[],"product_cat":[260],"product_tag":[86,93,88,90,87,91,89,92,201],"class_list":{"0":"post-8406","1":"product","2":"type-product","3":"status-publish","4":"has-post-thumbnail","6":"product_cat-cfa-level-1","7":"product_tag-cfa-2024","8":"product_tag-cfa-books","9":"product_tag-cfa-ebooks","10":"product_tag-cfa-exam","11":"product_tag-cfa-level-i","12":"product_tag-cfa-prep","13":"product_tag-cfa-program-curriculum","14":"product_tag-cfa-test","15":"product_tag-eoc-questions","17":"first","18":"instock","19":"downloadable","20":"virtual","21":"sold-individually","22":"purchasable","23":"product-type-simple"},"_links":{"self":[{"href":"https:\/\/www.cfaebooks.com\/da\/wp-json\/wp\/v2\/product\/8406","targetHints":{"allow":["GET"]}}],"collection":[{"href":"https:\/\/www.cfaebooks.com\/da\/wp-json\/wp\/v2\/product"}],"about":[{"href":"https:\/\/www.cfaebooks.com\/da\/wp-json\/wp\/v2\/types\/product"}],"replies":[{"embeddable":true,"href":"https:\/\/www.cfaebooks.com\/da\/wp-json\/wp\/v2\/comments?post=8406"}],"wp:featuredmedia":[{"embeddable":true,"href":"https:\/\/www.cfaebooks.com\/da\/wp-json\/wp\/v2\/media\/8407"}],"wp:attachment":[{"href":"https:\/\/www.cfaebooks.com\/da\/wp-json\/wp\/v2\/media?parent=8406"}],"wp:term":[{"taxonomy":"product_brand","embeddable":true,"href":"https:\/\/www.cfaebooks.com\/da\/wp-json\/wp\/v2\/product_brand?post=8406"},{"taxonomy":"product_cat","embeddable":true,"href":"https:\/\/www.cfaebooks.com\/da\/wp-json\/wp\/v2\/product_cat?post=8406"},{"taxonomy":"product_tag","embeddable":true,"href":"https:\/\/www.cfaebooks.com\/da\/wp-json\/wp\/v2\/product_tag?post=8406"}],"curies":[{"name":"wp","href":"https:\/\/api.w.org\/{rel}","templated":true}]}}