{"id":8299,"date":"2024-03-05T08:00:35","date_gmt":"2024-03-05T08:00:35","guid":{"rendered":"https:\/\/www.cfaebooks.com\/?post_type=product&#038;p=8299"},"modified":"2026-04-03T07:56:42","modified_gmt":"2026-04-03T07:56:42","slug":"2024-cfa-program-curriculum-level-ii-box-set","status":"publish","type":"product","link":"https:\/\/www.cfaebooks.com\/da\/products\/2024-cfa-program-curriculum-level-ii-box-set\/","title":{"rendered":"2024 CFA-programmets l\u00e6seplan niveau II Box Set"},"content":{"rendered":"<p>Til salg er en e-bog 2024 CFA Program Curriculum Level II Box Set PDF. <\/p>\n\n\n\n<p>Indeholder s\u00e6t med 6 bind: <\/p>\n\n\n\n<ul class=\"wp-block-list\">\n<li>Bind 1: Kvantitative metoder og \u00f8konomi<\/li>\n\n\n\n<li>Bind 2: Analyse af regnskaber<\/li>\n\n\n\n<li>Bind 3: Virksomhedsemittenter og aktiev\u00e6rdians\u00e6ttelse<\/li>\n\n\n\n<li>Bind 4: V\u00e6rdians\u00e6ttelse af aktier og fastforrentede v\u00e6rdipapirer<\/li>\n\n\n\n<li>Bind 5: Derivater, alternative investeringer og portef\u00f8ljestyring<\/li>\n\n\n\n<li>Bind 6: Portef\u00f8ljestyring og etiske og professionelle standarder<\/li>\n<\/ul>\n\n\n\n<p>Dette er ikke en fysisk bog, men en digital PDF-kopi. K\u00f8b den ikke, hvis du vil have en fysisk udgave. N\u00e5r du er g\u00e5et til kassen, kan du downloade e-bogen med det samme.<\/p>","protected":false},"excerpt":{"rendered":"<p>For sale is an e-Book 2024 CFA Program Curriculum Level II Box Set PDF. Includes Set of 6 volumes: This is not a physical book it is a\u00a0PDF\u00a0digital copy. Please do not purchase if you want a physical hard copy. After checkout you can download the e-Book instantly.<\/p>","protected":false},"featured_media":8300,"comment_status":"closed","ping_status":"closed","template":"","meta":[],"product_brand":[],"product_cat":[350],"product_tag":[86,93,88,90,174,178,91,89,92,169],"class_list":{"0":"post-8299","1":"product","2":"type-product","3":"status-publish","4":"has-post-thumbnail","6":"product_cat-cfa-level-2-2024","7":"product_tag-cfa-2024","8":"product_tag-cfa-books","9":"product_tag-cfa-ebooks","10":"product_tag-cfa-exam","11":"product_tag-cfa-institute","12":"product_tag-cfa-level-2","13":"product_tag-cfa-prep","14":"product_tag-cfa-program-curriculum","15":"product_tag-cfa-test","16":"product_tag-wiley","18":"first","19":"instock","20":"downloadable","21":"virtual","22":"sold-individually","23":"purchasable","24":"product-type-simple"},"_links":{"self":[{"href":"https:\/\/www.cfaebooks.com\/da\/wp-json\/wp\/v2\/product\/8299","targetHints":{"allow":["GET"]}}],"collection":[{"href":"https:\/\/www.cfaebooks.com\/da\/wp-json\/wp\/v2\/product"}],"about":[{"href":"https:\/\/www.cfaebooks.com\/da\/wp-json\/wp\/v2\/types\/product"}],"replies":[{"embeddable":true,"href":"https:\/\/www.cfaebooks.com\/da\/wp-json\/wp\/v2\/comments?post=8299"}],"wp:featuredmedia":[{"embeddable":true,"href":"https:\/\/www.cfaebooks.com\/da\/wp-json\/wp\/v2\/media\/8300"}],"wp:attachment":[{"href":"https:\/\/www.cfaebooks.com\/da\/wp-json\/wp\/v2\/media?parent=8299"}],"wp:term":[{"taxonomy":"product_brand","embeddable":true,"href":"https:\/\/www.cfaebooks.com\/da\/wp-json\/wp\/v2\/product_brand?post=8299"},{"taxonomy":"product_cat","embeddable":true,"href":"https:\/\/www.cfaebooks.com\/da\/wp-json\/wp\/v2\/product_cat?post=8299"},{"taxonomy":"product_tag","embeddable":true,"href":"https:\/\/www.cfaebooks.com\/da\/wp-json\/wp\/v2\/product_tag?post=8299"}],"curies":[{"name":"wp","href":"https:\/\/api.w.org\/{rel}","templated":true}]}}