{"id":8183,"date":"2024-03-03T06:17:35","date_gmt":"2024-03-03T06:17:35","guid":{"rendered":"https:\/\/www.cfaebooks.com\/?post_type=product&#038;p=8183"},"modified":"2026-04-03T07:56:17","modified_gmt":"2026-04-03T07:56:17","slug":"2024-cfa-niveau-1-ift-studienoter","status":"publish","type":"product","link":"https:\/\/www.cfaebooks.com\/da\/products\/2024-cfa-niveau-1-ift-studienoter\/","title":{"rendered":"2024 CFA Level 1 IFT-studienoter"},"content":{"rendered":"<p>Til salg er en e-bog 2024 CFA Level 1 IFT Study Notes PDF. Dette er ikke en fysisk bog, men en digital PDF-kopi. K\u00f8b ikke denne bog, hvis du \u00f8nsker en fysisk bog. Efter k\u00f8bet kan du downloade e-bogen med det samme.<\/p>\n\n\n\n<p>Indeholder f\u00f8lgende emner:<\/p>\n\n\n\n<ol class=\"wp-block-list\">\n<li>Kvantitative metoder<\/li>\n\n\n\n<li>\u00d8konomi<\/li>\n\n\n\n<li>Virksomhedsudstedere<\/li>\n\n\n\n<li>Analyse af \u00e5rsregnskab<\/li>\n\n\n\n<li>Egenkapitalinvesteringer<\/li>\n\n\n\n<li>Fast indkomst<\/li>\n\n\n\n<li>Derivater<\/li>\n\n\n\n<li>Alternative investeringer<\/li>\n\n\n\n<li>Portef\u00f8ljeforvaltning<\/li>\n\n\n\n<li>Etiske og professionelle standarder<\/li>\n<\/ol>\n\n\n\n<p>Du f\u00e5r detaljerede studienoter, der d\u00e6kker alle LOS, og som inkluderer:<\/p>\n\n\n\n<ul class=\"wp-block-list\">\n<li>Eksempler<\/li>\n\n\n\n<li>\u00d8velsessp\u00f8rgsm\u00e5l<\/li>\n\n\n\n<li>Resum\u00e9 af hver l\u00e6sning<\/li>\n<\/ul>","protected":false},"excerpt":{"rendered":"<p>For sale is an e-Book 2024 CFA Level 1 IFT Study Notes PDF. This is not a physical book it is a\u00a0PDF\u00a0digital copy. Please do not purchase if you want a physical hard copy. After checkout you can download the e-Book instantly. Includes the following topics: You will get detailed Study Notes covering all LOS, [&hellip;]<\/p>\n","protected":false},"featured_media":8313,"comment_status":"closed","ping_status":"closed","template":"","meta":[],"product_brand":[],"product_cat":[349],"product_tag":[86,93,88,90,87,91,92,167,168],"class_list":{"0":"post-8183","1":"product","2":"type-product","3":"status-publish","4":"has-post-thumbnail","6":"product_cat-cfa-level-1-2024","7":"product_tag-cfa-2024","8":"product_tag-cfa-books","9":"product_tag-cfa-ebooks","10":"product_tag-cfa-exam","11":"product_tag-cfa-level-i","12":"product_tag-cfa-prep","13":"product_tag-cfa-test","14":"product_tag-ift","15":"product_tag-study-notes","17":"first","18":"instock","19":"downloadable","20":"virtual","21":"sold-individually","22":"purchasable","23":"product-type-simple"},"_links":{"self":[{"href":"https:\/\/www.cfaebooks.com\/da\/wp-json\/wp\/v2\/product\/8183","targetHints":{"allow":["GET"]}}],"collection":[{"href":"https:\/\/www.cfaebooks.com\/da\/wp-json\/wp\/v2\/product"}],"about":[{"href":"https:\/\/www.cfaebooks.com\/da\/wp-json\/wp\/v2\/types\/product"}],"replies":[{"embeddable":true,"href":"https:\/\/www.cfaebooks.com\/da\/wp-json\/wp\/v2\/comments?post=8183"}],"wp:featuredmedia":[{"embeddable":true,"href":"https:\/\/www.cfaebooks.com\/da\/wp-json\/wp\/v2\/media\/8313"}],"wp:attachment":[{"href":"https:\/\/www.cfaebooks.com\/da\/wp-json\/wp\/v2\/media?parent=8183"}],"wp:term":[{"taxonomy":"product_brand","embeddable":true,"href":"https:\/\/www.cfaebooks.com\/da\/wp-json\/wp\/v2\/product_brand?post=8183"},{"taxonomy":"product_cat","embeddable":true,"href":"https:\/\/www.cfaebooks.com\/da\/wp-json\/wp\/v2\/product_cat?post=8183"},{"taxonomy":"product_tag","embeddable":true,"href":"https:\/\/www.cfaebooks.com\/da\/wp-json\/wp\/v2\/product_tag?post=8183"}],"curies":[{"name":"wp","href":"https:\/\/api.w.org\/{rel}","templated":true}]}}