{"id":8127,"date":"2024-03-02T04:35:18","date_gmt":"2024-03-02T04:35:18","guid":{"rendered":"https:\/\/www.cfaebooks.com\/?post_type=product&#038;p=8127"},"modified":"2026-04-03T07:55:58","modified_gmt":"2026-04-03T07:55:58","slug":"2024-cfa-programmets-forudsaetninger-bind-1-kvantitative-metoder-2","status":"publish","type":"product","link":"https:\/\/www.cfaebooks.com\/da\/products\/2024-cfa-programmets-forudsaetninger-bind-1-kvantitative-metoder-2\/","title":{"rendered":"2024 CFA Program Prerequisite Volume 1 Kvantitative metoder"},"content":{"rendered":"<p>Til salg er en e-bog 2024 CFA Program Prerequisite Reading Volume 1 Quantitative Methods PDF. <\/p>\n\n\n\n<ul class=\"wp-block-list\">\n<li>Dette er ikke en fysisk bog, men en digital PDF-kopi. <\/li>\n\n\n\n<li>K\u00f8b ikke, hvis du vil have en fysisk udgave. N\u00e5r du er g\u00e5et til kassen, kan du downloade e-bogen med det samme.<\/li>\n<\/ul>","protected":false},"excerpt":{"rendered":"<p>Til salg er en e-bog 2024 CFA Program Prerequisite Reading Volume 1 Quantitative Methods PDF.<\/p>","protected":false},"featured_media":8128,"comment_status":"closed","ping_status":"closed","template":"","meta":[],"product_brand":[],"product_cat":[349],"product_tag":[86,93,88,87,157,92],"class_list":{"0":"post-8127","1":"product","2":"type-product","3":"status-publish","4":"has-post-thumbnail","6":"product_cat-cfa-level-1-2024","7":"product_tag-cfa-2024","8":"product_tag-cfa-books","9":"product_tag-cfa-ebooks","10":"product_tag-cfa-level-i","11":"product_tag-cfa-program-prerequisite","12":"product_tag-cfa-test","14":"first","15":"instock","16":"downloadable","17":"virtual","18":"sold-individually","19":"purchasable","20":"product-type-simple"},"_links":{"self":[{"href":"https:\/\/www.cfaebooks.com\/da\/wp-json\/wp\/v2\/product\/8127","targetHints":{"allow":["GET"]}}],"collection":[{"href":"https:\/\/www.cfaebooks.com\/da\/wp-json\/wp\/v2\/product"}],"about":[{"href":"https:\/\/www.cfaebooks.com\/da\/wp-json\/wp\/v2\/types\/product"}],"replies":[{"embeddable":true,"href":"https:\/\/www.cfaebooks.com\/da\/wp-json\/wp\/v2\/comments?post=8127"}],"wp:featuredmedia":[{"embeddable":true,"href":"https:\/\/www.cfaebooks.com\/da\/wp-json\/wp\/v2\/media\/8128"}],"wp:attachment":[{"href":"https:\/\/www.cfaebooks.com\/da\/wp-json\/wp\/v2\/media?parent=8127"}],"wp:term":[{"taxonomy":"product_brand","embeddable":true,"href":"https:\/\/www.cfaebooks.com\/da\/wp-json\/wp\/v2\/product_brand?post=8127"},{"taxonomy":"product_cat","embeddable":true,"href":"https:\/\/www.cfaebooks.com\/da\/wp-json\/wp\/v2\/product_cat?post=8127"},{"taxonomy":"product_tag","embeddable":true,"href":"https:\/\/www.cfaebooks.com\/da\/wp-json\/wp\/v2\/product_tag?post=8127"}],"curies":[{"name":"wp","href":"https:\/\/api.w.org\/{rel}","templated":true}]}}