{"id":16832,"date":"2026-03-16T04:25:13","date_gmt":"2026-03-16T04:25:13","guid":{"rendered":"https:\/\/www.cfaebooks.com\/?post_type=product&#038;p=16832"},"modified":"2026-04-03T08:10:09","modified_gmt":"2026-04-03T08:10:09","slug":"frm-2026-part-2-schweser-question-bank-module-quiz-and-checkpoint-exam","status":"publish","type":"product","link":"https:\/\/www.cfaebooks.com\/da\/products\/frm-2026-part-2-schweser-question-bank-module-quiz-and-checkpoint-exam\/","title":{"rendered":"FRM 2026 Part 2 Schweser Question Bank, Module Quiz and Checkpoint Exam"},"content":{"rendered":"<p>For sale is an e-Book FRM 2026 Part 2 Schweser Question Bank, Module Quiz and Checkpoint Exam pdf.<\/p>\n\n\n\n<p>The package includes&nbsp;<strong>QBank, Module<\/strong> <strong>Quizzes, and Checkpoint Exam<\/strong>.<\/p>\n\n\n\n<p>Includes seperate file for questions and answers so that you can do questions then compare your answers.<\/p>\n\n\n\n<p>Topics cover:<\/p>\n\n\n\n<ul class=\"wp-block-list\">\n<li><strong>M\u00e5ling og styring af markedsrisiko<\/strong><\/li>\n\n\n\n<li><strong>M\u00e5ling og styring af kreditrisiko<\/strong><\/li>\n\n\n\n<li><strong>Operationel risiko og modstandsdygtighed<\/strong><\/li>\n\n\n\n<li><strong>M\u00e5ling og styring af likviditets- og finansrisiko<\/strong><\/li>\n\n\n\n<li><strong>Risikostyring og investeringsstyring<\/strong><\/li>\n\n\n\n<li><strong>Aktuelle sp\u00f8rgsm\u00e5l om finansielle markeder<\/strong><\/li>\n<\/ul>\n\n\n\n<p>Teksten er s\u00f8gbar ved hj\u00e6lp af s\u00f8gefunktionen p\u00e5 dit computertastatur 'ctrl+f' og via s\u00f8gning p\u00e5 din smartphone\/tablet. <\/p>\n\n\n\n<p>Dette er ikke en fysisk bog, men en digital PDF-kopi. K\u00f8b den ikke, hvis du vil have en fysisk udgave.<\/p>\n\n\n\n<p>Efter checkout kan du downloade e-bogen med det samme.<\/p>","protected":false},"excerpt":{"rendered":"<p>For sale is an e-Book FRM 2026 Part 2 Schweser Question Bank, Module Quiz and Checkpoint Exam pdf. The package includes&nbsp;QBank, Module Quizzes, and Checkpoint Exam. Includes seperate file for questions and answers so that you can do questions then compare your answers. Topics cover: The text is searchable using the find feature on your [&hellip;]<\/p>\n","protected":false},"featured_media":16833,"comment_status":"closed","ping_status":"closed","template":"","meta":[],"product_brand":[],"product_cat":[325],"product_tag":[184,409,185,186,181,188,411,182,204,183,163],"class_list":{"0":"post-16832","1":"product","2":"type-product","3":"status-publish","4":"has-post-thumbnail","6":"product_cat-frm-part-2","7":"product_tag-frm","8":"product_tag-frm-2026","9":"product_tag-frm-books","10":"product_tag-frm-ebooks","11":"product_tag-frm-exam","12":"product_tag-frm-part-2","13":"product_tag-frm-part-2-2026","14":"product_tag-frm-prep","15":"product_tag-frm-question-bank","16":"product_tag-frm-test","17":"product_tag-schweser-qbank","19":"first","20":"instock","21":"downloadable","22":"virtual","23":"sold-individually","24":"purchasable","25":"product-type-simple"},"_links":{"self":[{"href":"https:\/\/www.cfaebooks.com\/da\/wp-json\/wp\/v2\/product\/16832","targetHints":{"allow":["GET"]}}],"collection":[{"href":"https:\/\/www.cfaebooks.com\/da\/wp-json\/wp\/v2\/product"}],"about":[{"href":"https:\/\/www.cfaebooks.com\/da\/wp-json\/wp\/v2\/types\/product"}],"replies":[{"embeddable":true,"href":"https:\/\/www.cfaebooks.com\/da\/wp-json\/wp\/v2\/comments?post=16832"}],"wp:featuredmedia":[{"embeddable":true,"href":"https:\/\/www.cfaebooks.com\/da\/wp-json\/wp\/v2\/media\/16833"}],"wp:attachment":[{"href":"https:\/\/www.cfaebooks.com\/da\/wp-json\/wp\/v2\/media?parent=16832"}],"wp:term":[{"taxonomy":"product_brand","embeddable":true,"href":"https:\/\/www.cfaebooks.com\/da\/wp-json\/wp\/v2\/product_brand?post=16832"},{"taxonomy":"product_cat","embeddable":true,"href":"https:\/\/www.cfaebooks.com\/da\/wp-json\/wp\/v2\/product_cat?post=16832"},{"taxonomy":"product_tag","embeddable":true,"href":"https:\/\/www.cfaebooks.com\/da\/wp-json\/wp\/v2\/product_tag?post=16832"}],"curies":[{"name":"wp","href":"https:\/\/api.w.org\/{rel}","templated":true}]}}