{"id":15455,"date":"2025-12-21T04:31:38","date_gmt":"2025-12-21T04:31:38","guid":{"rendered":"https:\/\/www.cfaebooks.com\/?post_type=product&#038;p=15455"},"modified":"2026-04-03T08:08:20","modified_gmt":"2026-04-03T08:08:20","slug":"cma-2026-part-2-uworld-mock-exams","status":"publish","type":"product","link":"https:\/\/www.cfaebooks.com\/da\/products\/cma-2026-part-2-uworld-mock-exams\/","title":{"rendered":"CMA 2026 Del 2 UWorld pr\u00f8veeksamener"},"content":{"rendered":"<p>For sale is an e-Book CMA 2026 Part 2 UWorld Mock Exams pdf.<\/p>\n\n\n\n<p>The package includes&nbsp;<strong>2 mock exams<\/strong>, each with&nbsp;<strong>100 questions and answers<\/strong>.<\/p>\n\n\n\n<p>Teksten er s\u00f8gbar ved hj\u00e6lp af s\u00f8gefunktionen p\u00e5 dit computertastatur 'ctrl+f' og via s\u00f8gning p\u00e5 din smartphone\/tablet.<\/p>\n\n\n\n<p>Dette er ikke en fysisk bog, men en digital PDF-kopi. K\u00f8b den ikke, hvis du vil have en fysisk udgave. N\u00e5r du er g\u00e5et til kassen, kan du downloade e-bogen med det samme.<\/p>","protected":false},"excerpt":{"rendered":"<p>For sale is an e-Book CMA 2026 Part 2 UWorld Mock Exams pdf. The package includes&nbsp;2 mock exams, each with&nbsp;100 questions and answers. The text is searchable using the find feature on your computer keyboard \u2018ctrl+f\u2019 and through search on your smartphone\/tablet This is not a physical book it is a&nbsp;PDF&nbsp;digital copy. Please do not [&hellip;]<\/p>\n","protected":false},"featured_media":15456,"comment_status":"closed","ping_status":"closed","template":"","meta":[],"product_brand":[],"product_cat":[281],"product_tag":[282,384,292,291,288,298,297,400,290,396,397,289,385,162,170,395],"class_list":{"0":"post-15455","1":"product","2":"type-product","3":"status-publish","4":"has-post-thumbnail","6":"product_cat-cma-part-2","7":"product_tag-cma","8":"product_tag-cma-2026","9":"product_tag-cma-books","10":"product_tag-cma-ebooks","11":"product_tag-cma-exam","12":"product_tag-cma-mcqs","13":"product_tag-cma-part-2","14":"product_tag-cma-part-2-2026","15":"product_tag-cma-prep","16":"product_tag-cma-qbank","17":"product_tag-cma-question-bank","18":"product_tag-cma-test","19":"product_tag-cma-uworld","20":"product_tag-qbank","21":"product_tag-uworld","22":"product_tag-uworld-qbank","24":"first","25":"instock","26":"downloadable","27":"virtual","28":"sold-individually","29":"purchasable","30":"product-type-simple"},"_links":{"self":[{"href":"https:\/\/www.cfaebooks.com\/da\/wp-json\/wp\/v2\/product\/15455","targetHints":{"allow":["GET"]}}],"collection":[{"href":"https:\/\/www.cfaebooks.com\/da\/wp-json\/wp\/v2\/product"}],"about":[{"href":"https:\/\/www.cfaebooks.com\/da\/wp-json\/wp\/v2\/types\/product"}],"replies":[{"embeddable":true,"href":"https:\/\/www.cfaebooks.com\/da\/wp-json\/wp\/v2\/comments?post=15455"}],"wp:featuredmedia":[{"embeddable":true,"href":"https:\/\/www.cfaebooks.com\/da\/wp-json\/wp\/v2\/media\/15456"}],"wp:attachment":[{"href":"https:\/\/www.cfaebooks.com\/da\/wp-json\/wp\/v2\/media?parent=15455"}],"wp:term":[{"taxonomy":"product_brand","embeddable":true,"href":"https:\/\/www.cfaebooks.com\/da\/wp-json\/wp\/v2\/product_brand?post=15455"},{"taxonomy":"product_cat","embeddable":true,"href":"https:\/\/www.cfaebooks.com\/da\/wp-json\/wp\/v2\/product_cat?post=15455"},{"taxonomy":"product_tag","embeddable":true,"href":"https:\/\/www.cfaebooks.com\/da\/wp-json\/wp\/v2\/product_tag?post=15455"}],"curies":[{"name":"wp","href":"https:\/\/api.w.org\/{rel}","templated":true}]}}