{"id":15303,"date":"2025-12-07T10:49:19","date_gmt":"2025-12-07T10:49:19","guid":{"rendered":"https:\/\/www.cfaebooks.com\/?post_type=product&#038;p=15303"},"modified":"2026-04-03T08:07:49","modified_gmt":"2026-04-03T08:07:49","slug":"cfa-2026-practice-pack-level-3-portfolio-management-pathway-qbank-and-mock-exam","status":"publish","type":"product","link":"https:\/\/www.cfaebooks.com\/da\/products\/cfa-2026-practice-pack-level-3-portfolio-management-pathway-qbank-and-mock-exam\/","title":{"rendered":"CFA 2026 \u00d8velsespakke Niveau 3 Portef\u00f8ljestyringsforl\u00f8b (Qbank og pr\u00f8veeksamen)"},"content":{"rendered":"<p>For sale is an e-Book CFA 2026 Practice Pack Level 3 Portfolio Management Pathway (Qbank and Mock Exam).<\/p>\n\n\n\n<ul class=\"wp-block-list\">\n<li>Inkluderer <strong>Question Banks<\/strong> og <strong>4 Mocks <\/strong>with answers<\/li>\n\n\n\n<li>The text is searchable using the find feature on your computer keyboard \u2018ctrl+f\u2019 and through search on your smartphone\/tablet.<\/li>\n<\/ul>\n\n\n\n<p>Dette er ikke en fysisk bog, men en digital PDF-kopi. K\u00f8b den ikke, hvis du vil have en fysisk udgave. N\u00e5r du er g\u00e5et til kassen, kan du downloade e-bogen med det samme.<\/p>","protected":false},"excerpt":{"rendered":"<p>For sale is an e-Book CFA 2026 Practice Pack Level 3 Portfolio Management Pathway (Qbank and Mock Exam). This is not a physical book it is a\u00a0PDF\u00a0digital copy. Please do not purchase if you want a physical hard copy. After checkout you can download the e-Book immediately.<\/p>","protected":false},"featured_media":15304,"comment_status":"closed","ping_status":"closed","template":"","meta":[],"product_brand":[],"product_cat":[265],"product_tag":[369,93,88,90,174,180,371,91,92,177,168],"class_list":{"0":"post-15303","1":"product","2":"type-product","3":"status-publish","4":"has-post-thumbnail","6":"product_cat-cfa-level-3","7":"product_tag-cfa-2026","8":"product_tag-cfa-books","9":"product_tag-cfa-ebooks","10":"product_tag-cfa-exam","11":"product_tag-cfa-institute","12":"product_tag-cfa-level-3","13":"product_tag-cfa-level-3-2026","14":"product_tag-cfa-prep","15":"product_tag-cfa-test","16":"product_tag-quicksheet","17":"product_tag-study-notes","19":"first","20":"instock","21":"downloadable","22":"virtual","23":"sold-individually","24":"purchasable","25":"product-type-simple"},"_links":{"self":[{"href":"https:\/\/www.cfaebooks.com\/da\/wp-json\/wp\/v2\/product\/15303","targetHints":{"allow":["GET"]}}],"collection":[{"href":"https:\/\/www.cfaebooks.com\/da\/wp-json\/wp\/v2\/product"}],"about":[{"href":"https:\/\/www.cfaebooks.com\/da\/wp-json\/wp\/v2\/types\/product"}],"replies":[{"embeddable":true,"href":"https:\/\/www.cfaebooks.com\/da\/wp-json\/wp\/v2\/comments?post=15303"}],"wp:featuredmedia":[{"embeddable":true,"href":"https:\/\/www.cfaebooks.com\/da\/wp-json\/wp\/v2\/media\/15304"}],"wp:attachment":[{"href":"https:\/\/www.cfaebooks.com\/da\/wp-json\/wp\/v2\/media?parent=15303"}],"wp:term":[{"taxonomy":"product_brand","embeddable":true,"href":"https:\/\/www.cfaebooks.com\/da\/wp-json\/wp\/v2\/product_brand?post=15303"},{"taxonomy":"product_cat","embeddable":true,"href":"https:\/\/www.cfaebooks.com\/da\/wp-json\/wp\/v2\/product_cat?post=15303"},{"taxonomy":"product_tag","embeddable":true,"href":"https:\/\/www.cfaebooks.com\/da\/wp-json\/wp\/v2\/product_tag?post=15303"}],"curies":[{"name":"wp","href":"https:\/\/api.w.org\/{rel}","templated":true}]}}