{"id":15061,"date":"2025-11-16T03:15:50","date_gmt":"2025-11-16T03:15:50","guid":{"rendered":"https:\/\/www.cfaebooks.com\/?post_type=product&#038;p=15061"},"modified":"2026-04-03T08:07:31","modified_gmt":"2026-04-03T08:07:31","slug":"cfa-2026-level-2-finquiz-question-bank","status":"publish","type":"product","link":"https:\/\/www.cfaebooks.com\/da\/products\/cfa-2026-level-2-finquiz-question-bank\/","title":{"rendered":"CFA 2026 Niveau 2 Finquiz Sp\u00f8rgsm\u00e5lsbank"},"content":{"rendered":"<p>For sale is an e-Book CFA 2026 Level 2 Finquiz Question Bank PDF.<\/p>\n\n\n\n<p><strong>Indeholder f\u00f8lgende emner:<\/strong><\/p>\n\n\n\n<ol class=\"wp-block-list\">\n<li><em>Kvantitative metoder<\/em><\/li>\n\n\n\n<li><em>\u00d8konomi<\/em><\/li>\n\n\n\n<li><em>Analyse af \u00e5rsregnskab<\/em><\/li>\n\n\n\n<li><em>Virksomhedsudstedere<\/em><\/li>\n\n\n\n<li><em>V\u00e6rdians\u00e6ttelse af egenkapital<\/em><\/li>\n\n\n\n<li><em>Fast indkomst<\/em><\/li>\n\n\n\n<li><em>Derivater<\/em><\/li>\n\n\n\n<li><em>Alternative investeringer<\/em><\/li>\n\n\n\n<li><em>Portef\u00f8ljeforvaltning<\/em><\/li>\n\n\n\n<li><em>Ethics and Professional Standards<\/em>.<\/li>\n<\/ol>\n\n\n\n<p>Inkluderer separat fil til sp\u00f8rgsm\u00e5l og svar, s\u00e5 du kan besvare sp\u00f8rgsm\u00e5lene og derefter sammenligne dine svar.<\/p>\n\n\n\n<p>Teksten er s\u00f8gbar ved hj\u00e6lp af s\u00f8gefunktionen p\u00e5 dit computertastatur 'ctrl+f' og via s\u00f8gning p\u00e5 din smartphone\/tablet.<\/p>\n\n\n\n<p>Dette er ikke en fysisk bog, men en digital PDF-kopi. K\u00f8b den ikke, hvis du vil have en fysisk udgave.<\/p>\n\n\n\n<p>Efter checkout kan du downloade e-bogen med det samme.<\/p>","protected":false},"excerpt":{"rendered":"<p>For sale is an e-Book CFA 2026 Level 2 Finquiz Question Bank PDF. Includes the following topics: Includes separate file for questions and answers so that you can do questions then compare your answers The text is searchable using the find feature on your computer keyboard \u2018ctrl+f\u2019 and through search on your smartphone\/tablet This is [&hellip;]<\/p>\n","protected":false},"featured_media":15062,"comment_status":"closed","ping_status":"closed","template":"","meta":[],"product_brand":[],"product_cat":[266],"product_tag":[369,93,88,90,178,375,91,166,92,383,162,161],"class_list":{"0":"post-15061","1":"product","2":"type-product","3":"status-publish","4":"has-post-thumbnail","6":"product_cat-cfa-level-2","7":"product_tag-cfa-2026","8":"product_tag-cfa-books","9":"product_tag-cfa-ebooks","10":"product_tag-cfa-exam","11":"product_tag-cfa-level-2","12":"product_tag-cfa-level-2-2026","13":"product_tag-cfa-prep","14":"product_tag-cfa-question-bank","15":"product_tag-cfa-test","16":"product_tag-finquiz","17":"product_tag-qbank","18":"product_tag-question-bank","20":"first","21":"instock","22":"downloadable","23":"virtual","24":"sold-individually","25":"purchasable","26":"product-type-simple"},"_links":{"self":[{"href":"https:\/\/www.cfaebooks.com\/da\/wp-json\/wp\/v2\/product\/15061","targetHints":{"allow":["GET"]}}],"collection":[{"href":"https:\/\/www.cfaebooks.com\/da\/wp-json\/wp\/v2\/product"}],"about":[{"href":"https:\/\/www.cfaebooks.com\/da\/wp-json\/wp\/v2\/types\/product"}],"replies":[{"embeddable":true,"href":"https:\/\/www.cfaebooks.com\/da\/wp-json\/wp\/v2\/comments?post=15061"}],"wp:featuredmedia":[{"embeddable":true,"href":"https:\/\/www.cfaebooks.com\/da\/wp-json\/wp\/v2\/media\/15062"}],"wp:attachment":[{"href":"https:\/\/www.cfaebooks.com\/da\/wp-json\/wp\/v2\/media?parent=15061"}],"wp:term":[{"taxonomy":"product_brand","embeddable":true,"href":"https:\/\/www.cfaebooks.com\/da\/wp-json\/wp\/v2\/product_brand?post=15061"},{"taxonomy":"product_cat","embeddable":true,"href":"https:\/\/www.cfaebooks.com\/da\/wp-json\/wp\/v2\/product_cat?post=15061"},{"taxonomy":"product_tag","embeddable":true,"href":"https:\/\/www.cfaebooks.com\/da\/wp-json\/wp\/v2\/product_tag?post=15061"}],"curies":[{"name":"wp","href":"https:\/\/api.w.org\/{rel}","templated":true}]}}