{"id":14721,"date":"2025-10-22T02:23:23","date_gmt":"2025-10-22T02:23:23","guid":{"rendered":"https:\/\/www.cfaebooks.com\/?post_type=product&#038;p=14721"},"modified":"2026-04-03T08:07:00","modified_gmt":"2026-04-03T08:07:00","slug":"2026-cfa-program-curriculum-level-iii-portfolio-management-pathway-box-set","status":"publish","type":"product","link":"https:\/\/www.cfaebooks.com\/da\/products\/2026-cfa-program-curriculum-level-iii-portfolio-management-pathway-box-set\/","title":{"rendered":"2026 CFA-program Curriculum Level III Portef\u00f8ljestyringsforl\u00f8b Box Set"},"content":{"rendered":"<p>For sale is an e-Book 2026 CFA Program Curriculum Level III Portfolio Management Pathway Box Set PDF.<\/p>\n\n\n\n<p>Includes the following volumes:<\/p>\n\n\n\n<ul class=\"wp-block-list\">\n<li><strong>Grundl\u00e6ggende pensum<\/strong>\n<ul class=\"wp-block-list\">\n<li><em>Bind 1: Fordeling af aktiver<\/em><\/li>\n\n\n\n<li><em>Bind 2: Portef\u00f8ljekonstruktion<\/em><\/li>\n\n\n\n<li><em>Bind 3: M\u00e5ling af pr\u00e6stationer<\/em><\/li>\n\n\n\n<li><em>Bind 4: Derivater og risikostyring<\/em><\/li>\n\n\n\n<li><em>Bind 5: Etiske og professionelle standarder<\/em><\/li>\n<\/ul>\n<\/li>\n<\/ul>\n\n\n\n<ul class=\"wp-block-list\">\n<li><strong>Portef\u00f8ljeforvaltning<\/strong>\n<ul class=\"wp-block-list\">\n<li><em>Bind 1: Vejen til portef\u00f8ljestyring<\/em><\/li>\n\n\n\n<li><em>Bind 2: Vejen til portef\u00f8ljestyring<\/em><\/li>\n<\/ul>\n<\/li>\n<\/ul>\n\n\n\n<p>N\u00e5r du er g\u00e5et til kassen, kan du downloade e-bogen med det samme. Dette er ikke en fysisk bog, det er en digital PDF-kopi. K\u00f8b den ikke, hvis du vil have en fysisk udgave.<\/p>","protected":false},"excerpt":{"rendered":"<p>For sale is an e-Book 2026 CFA Program Curriculum Level III Portfolio Management Pathway Box Set PDF. Includes the following volumes: After checkout you can download the e-Book immediately. This is not a physical book it is a&nbsp;PDF&nbsp;digital copy. Please do not purchase if you want a physical hard copy<\/p>","protected":false},"featured_media":14722,"comment_status":"closed","ping_status":"closed","template":"","meta":[],"product_brand":[],"product_cat":[265],"product_tag":[369,93,88,90,174,371,361,311,91,89,92],"class_list":{"0":"post-14721","1":"product","2":"type-product","3":"status-publish","4":"has-post-thumbnail","6":"product_cat-cfa-level-3","7":"product_tag-cfa-2026","8":"product_tag-cfa-books","9":"product_tag-cfa-ebooks","10":"product_tag-cfa-exam","11":"product_tag-cfa-institute","12":"product_tag-cfa-level-3-2026","13":"product_tag-cfa-mock-exams","14":"product_tag-cfa-mocks","15":"product_tag-cfa-prep","16":"product_tag-cfa-program-curriculum","17":"product_tag-cfa-test","19":"first","20":"instock","21":"downloadable","22":"virtual","23":"sold-individually","24":"purchasable","25":"product-type-simple"},"_links":{"self":[{"href":"https:\/\/www.cfaebooks.com\/da\/wp-json\/wp\/v2\/product\/14721","targetHints":{"allow":["GET"]}}],"collection":[{"href":"https:\/\/www.cfaebooks.com\/da\/wp-json\/wp\/v2\/product"}],"about":[{"href":"https:\/\/www.cfaebooks.com\/da\/wp-json\/wp\/v2\/types\/product"}],"replies":[{"embeddable":true,"href":"https:\/\/www.cfaebooks.com\/da\/wp-json\/wp\/v2\/comments?post=14721"}],"wp:featuredmedia":[{"embeddable":true,"href":"https:\/\/www.cfaebooks.com\/da\/wp-json\/wp\/v2\/media\/14722"}],"wp:attachment":[{"href":"https:\/\/www.cfaebooks.com\/da\/wp-json\/wp\/v2\/media?parent=14721"}],"wp:term":[{"taxonomy":"product_brand","embeddable":true,"href":"https:\/\/www.cfaebooks.com\/da\/wp-json\/wp\/v2\/product_brand?post=14721"},{"taxonomy":"product_cat","embeddable":true,"href":"https:\/\/www.cfaebooks.com\/da\/wp-json\/wp\/v2\/product_cat?post=14721"},{"taxonomy":"product_tag","embeddable":true,"href":"https:\/\/www.cfaebooks.com\/da\/wp-json\/wp\/v2\/product_tag?post=14721"}],"curies":[{"name":"wp","href":"https:\/\/api.w.org\/{rel}","templated":true}]}}