{"id":14326,"date":"2025-10-13T00:02:58","date_gmt":"2025-10-13T00:02:58","guid":{"rendered":"https:\/\/www.cfaebooks.com\/?post_type=product&#038;p=14326"},"modified":"2026-04-03T08:06:48","modified_gmt":"2026-04-03T08:06:48","slug":"2025-cfa-level-1-mark-meldrum-premium-mock-exams","status":"publish","type":"product","link":"https:\/\/www.cfaebooks.com\/da\/products\/2025-cfa-level-1-mark-meldrum-premium-mock-exams\/","title":{"rendered":"2025 CFA niveau 1 Mark Meldrum Premium pr\u00f8veeksamener"},"content":{"rendered":"<p>For sale is an e-Book 2025 CFA Level 1 <strong>Mark Meldrum Premium Mock Exams<\/strong> PDF.<\/p>\n\n\n\n<ul class=\"wp-block-list\">\n<li>Including 2 sessions,\u00a0<strong>4 fulde pr\u00f8veeksamener<\/strong>.<\/li>\n\n\n\n<li>These mocks are designed for CFA Level 1 in difficulty.<\/li>\n\n\n\n<li>Inkluderer <strong>questions and answers<\/strong><\/li>\n\n\n\n<li>Teksten er s\u00f8gbar ved hj\u00e6lp af s\u00f8gefunktionen p\u00e5 dit computertastatur 'ctrl+f' og via s\u00f8gning p\u00e5 din smartphone\/tablet.<\/li>\n\n\n\n<li>Dette er ikke en fysisk bog, men en digital PDF-kopi. K\u00f8b den ikke, hvis du vil have en fysisk udgave.<\/li>\n\n\n\n<li>Efter checkout kan du downloade e-bogen med det samme.<\/li>\n<\/ul>","protected":false},"excerpt":{"rendered":"<p>For sale is an e-Book 2025 CFA Level 1 Mark Meldrum Premium Mock Exams PDF.<\/p>","protected":false},"featured_media":14327,"comment_status":"closed","ping_status":"closed","template":"","meta":[],"product_brand":[],"product_cat":[260],"product_tag":[261,93,88,90,268,87,361,91,92],"class_list":{"0":"post-14326","1":"product","2":"type-product","3":"status-publish","4":"has-post-thumbnail","6":"product_cat-cfa-level-1","7":"product_tag-cfa-2025","8":"product_tag-cfa-books","9":"product_tag-cfa-ebooks","10":"product_tag-cfa-exam","11":"product_tag-cfa-level-1-2025","12":"product_tag-cfa-level-i","13":"product_tag-cfa-mock-exams","14":"product_tag-cfa-prep","15":"product_tag-cfa-test","17":"first","18":"instock","19":"downloadable","20":"virtual","21":"sold-individually","22":"purchasable","23":"product-type-simple"},"_links":{"self":[{"href":"https:\/\/www.cfaebooks.com\/da\/wp-json\/wp\/v2\/product\/14326","targetHints":{"allow":["GET"]}}],"collection":[{"href":"https:\/\/www.cfaebooks.com\/da\/wp-json\/wp\/v2\/product"}],"about":[{"href":"https:\/\/www.cfaebooks.com\/da\/wp-json\/wp\/v2\/types\/product"}],"replies":[{"embeddable":true,"href":"https:\/\/www.cfaebooks.com\/da\/wp-json\/wp\/v2\/comments?post=14326"}],"wp:featuredmedia":[{"embeddable":true,"href":"https:\/\/www.cfaebooks.com\/da\/wp-json\/wp\/v2\/media\/14327"}],"wp:attachment":[{"href":"https:\/\/www.cfaebooks.com\/da\/wp-json\/wp\/v2\/media?parent=14326"}],"wp:term":[{"taxonomy":"product_brand","embeddable":true,"href":"https:\/\/www.cfaebooks.com\/da\/wp-json\/wp\/v2\/product_brand?post=14326"},{"taxonomy":"product_cat","embeddable":true,"href":"https:\/\/www.cfaebooks.com\/da\/wp-json\/wp\/v2\/product_cat?post=14326"},{"taxonomy":"product_tag","embeddable":true,"href":"https:\/\/www.cfaebooks.com\/da\/wp-json\/wp\/v2\/product_tag?post=14326"}],"curies":[{"name":"wp","href":"https:\/\/api.w.org\/{rel}","templated":true}]}}