{"id":14094,"date":"2025-10-04T15:12:35","date_gmt":"2025-10-04T15:12:35","guid":{"rendered":"https:\/\/www.cfaebooks.com\/?post_type=product&#038;p=14094"},"modified":"2026-04-03T08:06:16","modified_gmt":"2026-04-03T08:06:16","slug":"cfa-2026-level-3-salt-solutions-mock-exams-private-markets-pathway","status":"publish","type":"product","link":"https:\/\/www.cfaebooks.com\/da\/products\/cfa-2026-level-3-salt-solutions-mock-exams-private-markets-pathway\/","title":{"rendered":"CFA 2026 Niveau 3 Salt Solutions pr\u00f8veeksamener (Private Markets Pathway)"},"content":{"rendered":"<p>For sale is an e-Book 2026 CFA Salt Solutions Mock Exams Level 3 Private Markets Pathway PDF.<\/p>\n\n\n\n<ul class=\"wp-block-list\">\n<li>Inkluderer 3 pr\u00f8veeksamener, hver med 2 sessioner.<\/li>\n\n\n\n<li>Inkluderer separat fil til sp\u00f8rgsm\u00e5l og svar, s\u00e5 du kan besvare sp\u00f8rgsm\u00e5lene og derefter sammenligne dine svar.<\/li>\n\n\n\n<li>Teksten er s\u00f8gbar ved hj\u00e6lp af s\u00f8gefunktionen p\u00e5 dit computertastatur 'ctrl+f' og via s\u00f8gning p\u00e5 din smartphone\/tablet.<\/li>\n\n\n\n<li>Dette er ikke en fysisk bog, men en digital PDF-kopi. K\u00f8b den ikke, hvis du vil have en fysisk udgave.<\/li>\n\n\n\n<li>Efter checkout kan du downloade e-bogen med det samme.<\/li>\n<\/ul>","protected":false},"excerpt":{"rendered":"<p>For sale is an e-Book 2026 CFA Salt Solutions Mock Exams Level 3 Private Markets Pathway PDF.<\/p>","protected":false},"featured_media":14095,"comment_status":"closed","ping_status":"closed","template":"","meta":[],"product_brand":[],"product_cat":[265],"product_tag":[369,93,88,90,180,371,361,311,91,92],"class_list":{"0":"post-14094","1":"product","2":"type-product","3":"status-publish","4":"has-post-thumbnail","6":"product_cat-cfa-level-3","7":"product_tag-cfa-2026","8":"product_tag-cfa-books","9":"product_tag-cfa-ebooks","10":"product_tag-cfa-exam","11":"product_tag-cfa-level-3","12":"product_tag-cfa-level-3-2026","13":"product_tag-cfa-mock-exams","14":"product_tag-cfa-mocks","15":"product_tag-cfa-prep","16":"product_tag-cfa-test","18":"first","19":"instock","20":"downloadable","21":"virtual","22":"sold-individually","23":"purchasable","24":"product-type-simple"},"_links":{"self":[{"href":"https:\/\/www.cfaebooks.com\/da\/wp-json\/wp\/v2\/product\/14094","targetHints":{"allow":["GET"]}}],"collection":[{"href":"https:\/\/www.cfaebooks.com\/da\/wp-json\/wp\/v2\/product"}],"about":[{"href":"https:\/\/www.cfaebooks.com\/da\/wp-json\/wp\/v2\/types\/product"}],"replies":[{"embeddable":true,"href":"https:\/\/www.cfaebooks.com\/da\/wp-json\/wp\/v2\/comments?post=14094"}],"wp:featuredmedia":[{"embeddable":true,"href":"https:\/\/www.cfaebooks.com\/da\/wp-json\/wp\/v2\/media\/14095"}],"wp:attachment":[{"href":"https:\/\/www.cfaebooks.com\/da\/wp-json\/wp\/v2\/media?parent=14094"}],"wp:term":[{"taxonomy":"product_brand","embeddable":true,"href":"https:\/\/www.cfaebooks.com\/da\/wp-json\/wp\/v2\/product_brand?post=14094"},{"taxonomy":"product_cat","embeddable":true,"href":"https:\/\/www.cfaebooks.com\/da\/wp-json\/wp\/v2\/product_cat?post=14094"},{"taxonomy":"product_tag","embeddable":true,"href":"https:\/\/www.cfaebooks.com\/da\/wp-json\/wp\/v2\/product_tag?post=14094"}],"curies":[{"name":"wp","href":"https:\/\/api.w.org\/{rel}","templated":true}]}}