{"id":13588,"date":"2025-10-05T00:28:05","date_gmt":"2025-10-05T00:28:05","guid":{"rendered":"https:\/\/www.cfaebooks.com\/?post_type=product&#038;p=13588"},"modified":"2026-04-03T08:05:47","modified_gmt":"2026-04-03T08:05:47","slug":"cfa-2026-level-1-schweser-question-bank-model-quizzes-topic-quiz-and-checkpoint-exams","status":"publish","type":"product","link":"https:\/\/www.cfaebooks.com\/da\/products\/cfa-2026-level-1-schweser-question-bank-model-quizzes-topic-quiz-and-checkpoint-exams\/","title":{"rendered":"CFA 2026 Niveau 1 Schweser Sp\u00f8rgsm\u00e5lsbank, Modelquizzer, Emnequizzer og Checkpoint-eksamener"},"content":{"rendered":"<p>For sale is an e-Book CFA 2026 Level 1 Schweser Question Bank, Model Quizzes, Topic Quiz and Checkpoint Exams.<\/p>\n\n\n\n<p>The package includes\u00a0<strong>QBank, Model Quizzes, Topic Quiz and Checkpoint Exams<\/strong>.<\/p>\n\n\n\n<ul class=\"wp-block-list\">\n<li>Including more than 1000+ questions with answers<\/li>\n\n\n\n<li>Emne d\u00e6kket:\n<ol class=\"wp-block-list\">\n<li>Kvantitative metoder<\/li>\n\n\n\n<li>\u00d8konomi<\/li>\n\n\n\n<li>Virksomhedsudstedere<\/li>\n\n\n\n<li>Analyse af \u00e5rsregnskab<\/li>\n\n\n\n<li>Egenkapitalinvesteringer<\/li>\n\n\n\n<li>Fast indkomst<\/li>\n\n\n\n<li>Derivater<\/li>\n\n\n\n<li>Alternative investeringer <\/li>\n\n\n\n<li>Portef\u00f8ljeforvaltning<\/li>\n\n\n\n<li>Etiske og professionelle standarder<\/li>\n<\/ol>\n<\/li>\n\n\n\n<li>Includes seperate file for questions and answers so that you can do questions then compare your answers <\/li>\n\n\n\n<li>Teksten er s\u00f8gbar ved hj\u00e6lp af s\u00f8gefunktionen p\u00e5 dit computertastatur 'ctrl+f' og via s\u00f8gning p\u00e5 din smartphone\/tablet.<\/li>\n\n\n\n<li>Dette er ikke en fysisk bog, men en digital PDF-kopi. K\u00f8b den ikke, hvis du vil have en fysisk udgave.<\/li>\n\n\n\n<li>Efter checkout kan du downloade e-bogen med det samme.<\/li>\n<\/ul>\n\n\n\n<p><\/p>","protected":false},"excerpt":{"rendered":"<p>For sale is an e-Book CFA 2026 Level 1 Schweser Question Bank, Model Quizzes, Topic Quiz and Checkpoint Exams. The package includes\u00a0QBank, Model Quizzes, Topic Quiz and Checkpoint Exams.<\/p>","protected":false},"featured_media":15440,"comment_status":"closed","ping_status":"closed","template":"","meta":[],"product_brand":[],"product_cat":[260],"product_tag":[369,93,88,90,370,87,91,92,162,161,163],"class_list":{"0":"post-13588","1":"product","2":"type-product","3":"status-publish","4":"has-post-thumbnail","6":"product_cat-cfa-level-1","7":"product_tag-cfa-2026","8":"product_tag-cfa-books","9":"product_tag-cfa-ebooks","10":"product_tag-cfa-exam","11":"product_tag-cfa-level-1-2026","12":"product_tag-cfa-level-i","13":"product_tag-cfa-prep","14":"product_tag-cfa-test","15":"product_tag-qbank","16":"product_tag-question-bank","17":"product_tag-schweser-qbank","19":"first","20":"instock","21":"downloadable","22":"virtual","23":"sold-individually","24":"purchasable","25":"product-type-simple"},"_links":{"self":[{"href":"https:\/\/www.cfaebooks.com\/da\/wp-json\/wp\/v2\/product\/13588","targetHints":{"allow":["GET"]}}],"collection":[{"href":"https:\/\/www.cfaebooks.com\/da\/wp-json\/wp\/v2\/product"}],"about":[{"href":"https:\/\/www.cfaebooks.com\/da\/wp-json\/wp\/v2\/types\/product"}],"replies":[{"embeddable":true,"href":"https:\/\/www.cfaebooks.com\/da\/wp-json\/wp\/v2\/comments?post=13588"}],"wp:featuredmedia":[{"embeddable":true,"href":"https:\/\/www.cfaebooks.com\/da\/wp-json\/wp\/v2\/media\/15440"}],"wp:attachment":[{"href":"https:\/\/www.cfaebooks.com\/da\/wp-json\/wp\/v2\/media?parent=13588"}],"wp:term":[{"taxonomy":"product_brand","embeddable":true,"href":"https:\/\/www.cfaebooks.com\/da\/wp-json\/wp\/v2\/product_brand?post=13588"},{"taxonomy":"product_cat","embeddable":true,"href":"https:\/\/www.cfaebooks.com\/da\/wp-json\/wp\/v2\/product_cat?post=13588"},{"taxonomy":"product_tag","embeddable":true,"href":"https:\/\/www.cfaebooks.com\/da\/wp-json\/wp\/v2\/product_tag?post=13588"}],"curies":[{"name":"wp","href":"https:\/\/api.w.org\/{rel}","templated":true}]}}