{"id":13444,"date":"2025-08-17T05:06:47","date_gmt":"2025-08-17T05:06:47","guid":{"rendered":"https:\/\/www.cfaebooks.com\/?post_type=product&#038;p=13444"},"modified":"2026-04-03T08:05:37","modified_gmt":"2026-04-03T08:05:37","slug":"frm-2025-del-1-bionic-turtle-ovelsessporgsmal-og-proveeksamener-2","status":"publish","type":"product","link":"https:\/\/www.cfaebooks.com\/da\/products\/frm-2025-del-1-bionic-turtle-ovelsessporgsmal-og-proveeksamener-2\/","title":{"rendered":"FRM 2025 del 1 Bionic Turtle \u00d8velsessp\u00f8rgsm\u00e5l og pr\u00f8veeksamener"},"content":{"rendered":"<p>For sale is an e-Book 2025 FRM Part 1 Bionic Turtle Practice Questions and Mock Exams PDF.<\/p>\n\n\n\n<p><strong>D\u00e6kkede emner:<\/strong><\/p>\n\n\n\n<ul class=\"wp-block-list\">\n<li><strong>Grundlaget for risikostyring<\/strong><\/li>\n\n\n\n<li><strong>Kvantitativ analyse<\/strong><\/li>\n\n\n\n<li><strong>Finansielle markeder og produkter<\/strong><\/li>\n\n\n\n<li><strong>V\u00e6rdians\u00e6ttelses- og risikomodeller<\/strong><\/li>\n<\/ul>\n\n\n\n<p>Dette er ikke en fysisk bog, men en digital PDF-kopi. K\u00f8b den ikke, hvis du vil have en fysisk kopi.<\/p>\n\n\n\n<p>Efter checkout kan du downloade e-bogen med det samme.<\/p>","protected":false},"excerpt":{"rendered":"<p>For sale is an e-Book 2025 FRM Part 1 Bionic Turtle Practice Questions and Mock Exams PDF. Topics Covered: This is not a physical book it is a&nbsp;PDF&nbsp;digital copy. Please do not purchase if you want a physical hard copy After checkout you can download the e-Book instantly.<\/p>","protected":false},"featured_media":13448,"comment_status":"closed","ping_status":"closed","template":"","meta":[],"product_brand":[],"product_cat":[324],"product_tag":[263,374,326,185,186,181,205,327,182,204,362],"class_list":{"0":"post-13444","1":"product","2":"type-product","3":"status-publish","4":"has-post-thumbnail","6":"product_cat-frm-part-1","7":"product_tag-bionic-turtle","8":"product_tag-bionic-turtle-frm","9":"product_tag-frm-2025","10":"product_tag-frm-books","11":"product_tag-frm-ebooks","12":"product_tag-frm-exam","13":"product_tag-frm-part-1","14":"product_tag-frm-part-1-2025","15":"product_tag-frm-prep","16":"product_tag-frm-question-bank","17":"product_tag-frm-study-notes","19":"first","20":"instock","21":"downloadable","22":"virtual","23":"sold-individually","24":"purchasable","25":"product-type-simple"},"_links":{"self":[{"href":"https:\/\/www.cfaebooks.com\/da\/wp-json\/wp\/v2\/product\/13444","targetHints":{"allow":["GET"]}}],"collection":[{"href":"https:\/\/www.cfaebooks.com\/da\/wp-json\/wp\/v2\/product"}],"about":[{"href":"https:\/\/www.cfaebooks.com\/da\/wp-json\/wp\/v2\/types\/product"}],"replies":[{"embeddable":true,"href":"https:\/\/www.cfaebooks.com\/da\/wp-json\/wp\/v2\/comments?post=13444"}],"wp:featuredmedia":[{"embeddable":true,"href":"https:\/\/www.cfaebooks.com\/da\/wp-json\/wp\/v2\/media\/13448"}],"wp:attachment":[{"href":"https:\/\/www.cfaebooks.com\/da\/wp-json\/wp\/v2\/media?parent=13444"}],"wp:term":[{"taxonomy":"product_brand","embeddable":true,"href":"https:\/\/www.cfaebooks.com\/da\/wp-json\/wp\/v2\/product_brand?post=13444"},{"taxonomy":"product_cat","embeddable":true,"href":"https:\/\/www.cfaebooks.com\/da\/wp-json\/wp\/v2\/product_cat?post=13444"},{"taxonomy":"product_tag","embeddable":true,"href":"https:\/\/www.cfaebooks.com\/da\/wp-json\/wp\/v2\/product_tag?post=13444"}],"curies":[{"name":"wp","href":"https:\/\/api.w.org\/{rel}","templated":true}]}}