{"id":13396,"date":"2025-08-14T03:55:00","date_gmt":"2025-08-14T03:55:00","guid":{"rendered":"https:\/\/www.cfaebooks.com\/?post_type=product&#038;p=13396"},"modified":"2026-04-03T08:05:25","modified_gmt":"2026-04-03T08:05:25","slug":"cfa-2026-ift-study-notes-level-3-private-markets-pathway-med-formelark","status":"publish","type":"product","link":"https:\/\/www.cfaebooks.com\/da\/products\/cfa-2026-ift-study-notes-level-3-private-markets-pathway-med-formelark\/","title":{"rendered":"CFA 2026 IFT Study Notes Level 3 Private Markets Pathway med formelark"},"content":{"rendered":"<p>For sale is an e-Book 2026 CFA Level 3 IFT Study Notes Private Markets Pathway with Formula Sheet PDF.<\/p>\n\n\n\n<p>Indeholder f\u00f8lgende emner:<\/p>\n\n\n\n<ul class=\"wp-block-list\">\n<li>Bind 1 - Fordeling af aktiver<\/li>\n\n\n\n<li><em>Bind 2 - Portef\u00f8ljekonstruktion<\/em><\/li>\n\n\n\n<li><em>Bind 3 - M\u00e5ling af pr\u00e6stationer<\/em><\/li>\n\n\n\n<li><em>Bind 4 - Derivater og risikostyring<\/em><\/li>\n\n\n\n<li><em>Bind 5 - Etiske og professionelle standarder<\/em><\/li>\n\n\n\n<li>Vejen til private markeder<\/li>\n\n\n\n<li><em>2026 Niveau III Fakta- og formelark<\/em><\/li>\n<\/ul>\n\n\n\n<p>Teksten er s\u00f8gbar ved hj\u00e6lp af find-funktionen p\u00e5 dit computertastatur 'ctrl f' og via s\u00f8gning p\u00e5 din smartphone\/tablet.<\/p>\n\n\n\n<p>Du f\u00e5r detaljerede studienoter, der d\u00e6kker alle LOS, og som inkluderer:&nbsp;<strong><em>Resum\u00e9 af hver l\u00e6sning og eksempler<\/em><\/strong><\/p>\n\n\n\n<ul class=\"wp-block-list\">\n<li>Efter checkout kan du downloade e-bogen med det samme.<\/li>\n\n\n\n<li>Dette er ikke en fysisk bog, men en digital PDF-kopi. K\u00f8b den ikke, hvis du vil have en fysisk kopi.<\/li>\n<\/ul>","protected":false},"excerpt":{"rendered":"<p>For sale is an e-Book 2026 CFA Level 3 IFT Study Notes Private Markets Pathway with Formula Sheet PDF. Includes the following topics: The text is searchable using the find feature on your computer keyboard &#8216;ctrl f&#8217; and through search on your smartphone\/tablet. You will get detailed Study Notes covering all LOS, and which include:&nbsp;Summary [&hellip;]<\/p>\n","protected":false},"featured_media":13397,"comment_status":"closed","ping_status":"closed","template":"","meta":[],"product_brand":[],"product_cat":[265],"product_tag":[369,93,88,90,180,371,91,363,92,372,168],"class_list":{"0":"post-13396","1":"product","2":"type-product","3":"status-publish","4":"has-post-thumbnail","6":"product_cat-cfa-level-3","7":"product_tag-cfa-2026","8":"product_tag-cfa-books","9":"product_tag-cfa-ebooks","10":"product_tag-cfa-exam","11":"product_tag-cfa-level-3","12":"product_tag-cfa-level-3-2026","13":"product_tag-cfa-prep","14":"product_tag-cfa-study-notes","15":"product_tag-cfa-test","16":"product_tag-ift-study-notes","17":"product_tag-study-notes","19":"first","20":"instock","21":"downloadable","22":"virtual","23":"sold-individually","24":"purchasable","25":"product-type-simple"},"_links":{"self":[{"href":"https:\/\/www.cfaebooks.com\/da\/wp-json\/wp\/v2\/product\/13396","targetHints":{"allow":["GET"]}}],"collection":[{"href":"https:\/\/www.cfaebooks.com\/da\/wp-json\/wp\/v2\/product"}],"about":[{"href":"https:\/\/www.cfaebooks.com\/da\/wp-json\/wp\/v2\/types\/product"}],"replies":[{"embeddable":true,"href":"https:\/\/www.cfaebooks.com\/da\/wp-json\/wp\/v2\/comments?post=13396"}],"wp:featuredmedia":[{"embeddable":true,"href":"https:\/\/www.cfaebooks.com\/da\/wp-json\/wp\/v2\/media\/13397"}],"wp:attachment":[{"href":"https:\/\/www.cfaebooks.com\/da\/wp-json\/wp\/v2\/media?parent=13396"}],"wp:term":[{"taxonomy":"product_brand","embeddable":true,"href":"https:\/\/www.cfaebooks.com\/da\/wp-json\/wp\/v2\/product_brand?post=13396"},{"taxonomy":"product_cat","embeddable":true,"href":"https:\/\/www.cfaebooks.com\/da\/wp-json\/wp\/v2\/product_cat?post=13396"},{"taxonomy":"product_tag","embeddable":true,"href":"https:\/\/www.cfaebooks.com\/da\/wp-json\/wp\/v2\/product_tag?post=13396"}],"curies":[{"name":"wp","href":"https:\/\/api.w.org\/{rel}","templated":true}]}}